{"id":33948,"date":"2024-11-29T19:21:48","date_gmt":"2024-11-29T19:21:48","guid":{"rendered":"https:\/\/chilimag.hu\/webshop\/?post_type=product&#038;p=33948"},"modified":"2026-03-21T20:23:37","modified_gmt":"2026-03-21T20:23:37","slug":"kamilla-zloty-lan-agr-sl","status":"publish","type":"product","link":"https:\/\/chilimag.hu\/webshop\/termek\/kamilla-zloty-lan-agr-sl\/","title":{"rendered":"Kamilla Z\u0141OTY \u0141AN Agr SL"},"content":{"rendered":"","protected":false},"excerpt":{"rendered":"<p><img decoding=\"async\" class=\"active-logo\" src=\"https:\/\/b2b.seklos.lt\/themes\/warehouse\/img\/logo_en.png\" alt=\"Agrofirma S\u0117klos, UAB\" width=\"280\" height=\"95\" \/><\/p>\n<p>KAMILLA Z\u0141OTY \u0141AN<br \/>\nEgyny\u00e1ri dekorat\u00edv nektariferikus gy\u00f3gyn\u00f6v\u00e9nyek. A leszedett f\u0171szern\u00f6v\u00e9nyeket azonnal megsz\u00e1r\u00edtjuk, csak j\u00f3l kisz\u00e1r\u00edtva lesz arom\u00e1s. K\u00f6nny\u0171, j\u00f3l m\u0171velt, nem gyomos talajban fejl\u0151dik a legjobban.<\/p>\n<p>Magok sz\u00e1ma grammonk\u00e9nt ~16000<br \/>\nVet\u00e9sid\u0151 a talajban IV-V<br \/>\nT\u00e1vols\u00e1gok, 30&#215;10 cm<br \/>\nVir\u00e1gz\u00e1si id\u0151szak VII-VIII<br \/>\nAGRONOM m\u00e1rka<br \/>\nNapos hely Igen<\/p>\n","protected":false},"featured_media":33949,"comment_status":"closed","ping_status":"closed","template":"","meta":[],"product_brand":[],"product_cat":[396],"product_tag":[],"class_list":{"0":"post-33948","1":"product","2":"type-product","3":"status-publish","4":"has-post-thumbnail","6":"product_cat-fuszer-es-gyogynovenyek","8":"first","9":"instock","10":"taxable","11":"shipping-taxable","12":"purchasable","13":"product-type-simple"},"_links":{"self":[{"href":"https:\/\/chilimag.hu\/webshop\/wp-json\/wp\/v2\/product\/33948","targetHints":{"allow":["GET"]}}],"collection":[{"href":"https:\/\/chilimag.hu\/webshop\/wp-json\/wp\/v2\/product"}],"about":[{"href":"https:\/\/chilimag.hu\/webshop\/wp-json\/wp\/v2\/types\/product"}],"replies":[{"embeddable":true,"href":"https:\/\/chilimag.hu\/webshop\/wp-json\/wp\/v2\/comments?post=33948"}],"wp:featuredmedia":[{"embeddable":true,"href":"https:\/\/chilimag.hu\/webshop\/wp-json\/wp\/v2\/media\/33949"}],"wp:attachment":[{"href":"https:\/\/chilimag.hu\/webshop\/wp-json\/wp\/v2\/media?parent=33948"}],"wp:term":[{"taxonomy":"product_brand","embeddable":true,"href":"https:\/\/chilimag.hu\/webshop\/wp-json\/wp\/v2\/product_brand?post=33948"},{"taxonomy":"product_cat","embeddable":true,"href":"https:\/\/chilimag.hu\/webshop\/wp-json\/wp\/v2\/product_cat?post=33948"},{"taxonomy":"product_tag","embeddable":true,"href":"https:\/\/chilimag.hu\/webshop\/wp-json\/wp\/v2\/product_tag?post=33948"}],"curies":[{"name":"wp","href":"https:\/\/api.w.org\/{rel}","templated":true}]}}