{"id":33944,"date":"2024-11-29T19:03:54","date_gmt":"2024-11-29T19:03:54","guid":{"rendered":"https:\/\/chilimag.hu\/webshop\/?post_type=product&#038;p=33944"},"modified":"2025-08-31T18:12:59","modified_gmt":"2025-08-31T18:12:59","slug":"pelyhes-selyemperje-yorkshire-fog-z-s-sl","status":"publish","type":"product","link":"https:\/\/chilimag.hu\/webshop\/termek\/pelyhes-selyemperje-yorkshire-fog-z-s-sl\/","title":{"rendered":"Pelyhes selyemperje YORKSHIRE FOG Z.S SL"},"content":{"rendered":"","protected":false},"excerpt":{"rendered":"<p><img decoding=\"async\" class=\"active-logo\" src=\"https:\/\/b2b.seklos.lt\/themes\/warehouse\/img\/logo_en.png\" alt=\"Agrofirma S\u0117klos, UAB\" width=\"280\" height=\"95\" \/><\/p>\n<p>(Yorkshire k\u00f6d)<br \/>\n\u00c9vel\u0151 dekorat\u00edv l\u00e1gysz\u00e1r\u00fa n\u00f6v\u00e9ny, 60 cm magas. Term\u00e9szetes vir\u00e1goskertekben \u00e9s vid\u00e9ki tany\u00e1kon termesztik. A vir\u00e1gzatot florisztikai vir\u00e1gk\u00f6t\u00e9szetekhez haszn\u00e1lj\u00e1k. Nem ig\u00e9nyel k\u00fcl\u00f6nleges talajviszonyokat. Ugyanabban a talajban t\u00f6bb \u00e9vig n\u0151, ny\u00e1r v\u00e9g\u00e9n lev\u00e1gj\u00e1k a n\u00f6v\u00e9nyeket, t\u00e9len fedetlen\u00fcl hagyj\u00e1k.<\/p>\n<p>Magok sz\u00e1ma grammonk\u00e9nt 2700<br \/>\nVet\u00e9sid\u0151 a talajban IV-X<br \/>\nVir\u00e1gz\u00e1si id\u0151szak VII-VIII<br \/>\nN\u00f6v\u00e9nymagass\u00e1g, 60 cm<br \/>\nTerm\u0151f\u00f6ld<br \/>\nM\u00e1rka \u017dalia stotel\u0117<br \/>\nTranszplant\u00e1ci\u00f3 V-VI<br \/>\n\u00c9vel\u0151 Igen<br \/>\nSz\u00edn Pink<br \/>\nKiszerel\u00e9s 1 g<\/p>\n","protected":false},"featured_media":33945,"comment_status":"closed","ping_status":"closed","template":"","meta":[],"product_brand":[],"product_cat":[363],"product_tag":[],"class_list":{"0":"post-33944","1":"product","2":"type-product","3":"status-publish","4":"has-post-thumbnail","6":"product_cat-virag-vetomagok-zalia-stotele","8":"first","9":"instock","10":"taxable","11":"shipping-taxable","12":"purchasable","13":"product-type-simple"},"_links":{"self":[{"href":"https:\/\/chilimag.hu\/webshop\/wp-json\/wp\/v2\/product\/33944","targetHints":{"allow":["GET"]}}],"collection":[{"href":"https:\/\/chilimag.hu\/webshop\/wp-json\/wp\/v2\/product"}],"about":[{"href":"https:\/\/chilimag.hu\/webshop\/wp-json\/wp\/v2\/types\/product"}],"replies":[{"embeddable":true,"href":"https:\/\/chilimag.hu\/webshop\/wp-json\/wp\/v2\/comments?post=33944"}],"wp:featuredmedia":[{"embeddable":true,"href":"https:\/\/chilimag.hu\/webshop\/wp-json\/wp\/v2\/media\/33945"}],"wp:attachment":[{"href":"https:\/\/chilimag.hu\/webshop\/wp-json\/wp\/v2\/media?parent=33944"}],"wp:term":[{"taxonomy":"product_brand","embeddable":true,"href":"https:\/\/chilimag.hu\/webshop\/wp-json\/wp\/v2\/product_brand?post=33944"},{"taxonomy":"product_cat","embeddable":true,"href":"https:\/\/chilimag.hu\/webshop\/wp-json\/wp\/v2\/product_cat?post=33944"},{"taxonomy":"product_tag","embeddable":true,"href":"https:\/\/chilimag.hu\/webshop\/wp-json\/wp\/v2\/product_tag?post=33944"}],"curies":[{"name":"wp","href":"https:\/\/api.w.org\/{rel}","templated":true}]}}