{"id":33942,"date":"2024-11-29T18:40:37","date_gmt":"2024-11-29T18:40:37","guid":{"rendered":"https:\/\/chilimag.hu\/webshop\/?post_type=product&#038;p=33942"},"modified":"2026-03-16T16:16:01","modified_gmt":"2026-03-16T16:16:01","slug":"tarka-cirok-black-falcon-z-s-sl","status":"publish","type":"product","link":"https:\/\/chilimag.hu\/webshop\/termek\/tarka-cirok-black-falcon-z-s-sl\/","title":{"rendered":"Tarka cirok  BLACK FALCON Z.S SL"},"content":{"rendered":"","protected":false},"excerpt":{"rendered":"<p><img decoding=\"async\" class=\"active-logo\" src=\"https:\/\/b2b.seklos.lt\/themes\/warehouse\/img\/logo_en.png\" alt=\"Agrofirma S\u0117klos, UAB\" width=\"280\" height=\"95\" \/><\/p>\n<p>Nagy k\u00f6les I Black Falcon<br \/>\nEgyny\u00e1ri, dekorat\u00edv \u00e9s gyorsan n\u00f6v\u0151 l\u00e1gysz\u00e1r\u00fa n\u00f6v\u00e9ny. Er\u0151s \u00e9s magas n\u00f6v\u00e9ny, ak\u00e1r 180 cm magas. T\u00f6k\u00e9letes z\u00f6ld ny\u00e1ri fal l\u00e9trehoz\u00e1s\u00e1hoz. A mad\u00e1rbar\u00e1tok t\u00e1pl\u00e1l\u00e9kk\u00e9nt termesztik ezeket a n\u00f6v\u00e9nyeket \u2013 a magvak alkalmasak a madarak etet\u00e9s\u00e9re. Nem ig\u00e9nyel k\u00fcl\u00f6nleges talajviszonyokat. Tr\u00e1gy\u00e1zott talajon \u00e9s napos helyen fejl\u0151dik a legjobban. Ha hagyja, hogy a magvak sz\u00e9tsz\u00f3r\u00f3djanak, a k\u00f6vetkez\u0151 \u00e9vben a magok kics\u00edr\u00e1znak an\u00e9lk\u00fcl, hogy elvetn\u00e9k \u0151ket.<\/p>\n<p>Magok sz\u00e1ma grammonk\u00e9nt 280<br \/>\nVet\u00e9sid\u0151 a talajban V-VI<br \/>\nVir\u00e1gz\u00e1si id\u0151szak IX<br \/>\nN\u00f6v\u00e9nymagass\u00e1g, 180 cm<br \/>\nTerm\u0151f\u00f6ld<br \/>\nM\u00e1rka \u017dalia stotel\u0117<br \/>\nTranszplant\u00e1ci\u00f3 VI<br \/>\nNapos hely Igen<br \/>\nSz\u00edn Z\u00f6ld<br \/>\nKiszerel\u00e9s 0,5 g<\/p>\n","protected":false},"featured_media":33943,"comment_status":"closed","ping_status":"closed","template":"","meta":[],"product_brand":[],"product_cat":[363],"product_tag":[],"class_list":{"0":"post-33942","1":"product","2":"type-product","3":"status-publish","4":"has-post-thumbnail","6":"product_cat-virag-vetomagok-zalia-stotele","8":"first","9":"instock","10":"taxable","11":"shipping-taxable","12":"purchasable","13":"product-type-simple"},"_links":{"self":[{"href":"https:\/\/chilimag.hu\/webshop\/wp-json\/wp\/v2\/product\/33942","targetHints":{"allow":["GET"]}}],"collection":[{"href":"https:\/\/chilimag.hu\/webshop\/wp-json\/wp\/v2\/product"}],"about":[{"href":"https:\/\/chilimag.hu\/webshop\/wp-json\/wp\/v2\/types\/product"}],"replies":[{"embeddable":true,"href":"https:\/\/chilimag.hu\/webshop\/wp-json\/wp\/v2\/comments?post=33942"}],"wp:featuredmedia":[{"embeddable":true,"href":"https:\/\/chilimag.hu\/webshop\/wp-json\/wp\/v2\/media\/33943"}],"wp:attachment":[{"href":"https:\/\/chilimag.hu\/webshop\/wp-json\/wp\/v2\/media?parent=33942"}],"wp:term":[{"taxonomy":"product_brand","embeddable":true,"href":"https:\/\/chilimag.hu\/webshop\/wp-json\/wp\/v2\/product_brand?post=33942"},{"taxonomy":"product_cat","embeddable":true,"href":"https:\/\/chilimag.hu\/webshop\/wp-json\/wp\/v2\/product_cat?post=33942"},{"taxonomy":"product_tag","embeddable":true,"href":"https:\/\/chilimag.hu\/webshop\/wp-json\/wp\/v2\/product_tag?post=33942"}],"curies":[{"name":"wp","href":"https:\/\/api.w.org\/{rel}","templated":true}]}}