{"id":33940,"date":"2024-11-29T18:34:35","date_gmt":"2024-11-29T18:34:35","guid":{"rendered":"https:\/\/chilimag.hu\/webshop\/?post_type=product&#038;p=33940"},"modified":"2025-08-31T17:31:49","modified_gmt":"2025-08-31T17:31:49","slug":"kasafu-aureum-z-s-sl","status":"publish","type":"product","link":"https:\/\/chilimag.hu\/webshop\/termek\/kasafu-aureum-z-s-sl\/","title":{"rendered":"K\u00e1saf\u0171 AUREUM Z.S SL"},"content":{"rendered":"","protected":false},"excerpt":{"rendered":"<p><img decoding=\"async\" class=\"active-logo\" src=\"https:\/\/b2b.seklos.lt\/themes\/warehouse\/img\/logo_en.png\" alt=\"Agrofirma S\u0117klos, UAB\" width=\"280\" height=\"95\" \/><\/p>\n<p>Amerikai k\u00f6lesf\u0171 I Aureum<br \/>\n\u00c9vel\u0151, dekorat\u00edv, 80 cm magas l\u00e1gysz\u00e1r\u00fa n\u00f6v\u00e9ny. Jellegzetes kis cs\u00fcng\u0151, hossz\u00fa \u00e9s s\u00e1rg\u00e1s levelei vannak. Ny\u00e1r elej\u00e9n s\u00e1rg\u00e1sz\u00f6ld s\u00f6rt\u00e9ket n\u00f6veszt. Nedvesebb talajban, \u00e1rnyas vir\u00e1g\u00e1gy\u00e1sokban termeszthet\u0151, \u00e9s j\u00f3l illik az augusztusi liliomhoz \u00e9s a nefelejcsekhez. Egy \u00e9vn\u00e9l tov\u00e1bb n\u0151het ugyanott, fedetlen\u00fcl telel.<\/p>\n<p>Magok sz\u00e1ma grammonk\u00e9nt 800<br \/>\nVet\u00e9sid\u0151 a talajban V-VI<br \/>\nVir\u00e1gz\u00e1s VI<br \/>\nN\u00f6v\u00e9nymagass\u00e1g, 80 cm<br \/>\nTerm\u0151f\u00f6ld<br \/>\nM\u00e1rka \u017dalia stotel\u0117<br \/>\nTranszplant\u00e1ci\u00f3 VI-VII<br \/>\nF\u00e9l\u00e1rny\u00e9k Igen<br \/>\n\u00c9vel\u0151 Igen<br \/>\nSz\u00edn Z\u00f6ld<br \/>\nKiszerel\u00e9s 30 g<\/p>\n","protected":false},"featured_media":33941,"comment_status":"closed","ping_status":"closed","template":"","meta":[],"product_brand":[],"product_cat":[363],"product_tag":[],"class_list":{"0":"post-33940","1":"product","2":"type-product","3":"status-publish","4":"has-post-thumbnail","6":"product_cat-virag-vetomagok-zalia-stotele","8":"first","9":"instock","10":"taxable","11":"shipping-taxable","12":"purchasable","13":"product-type-simple"},"_links":{"self":[{"href":"https:\/\/chilimag.hu\/webshop\/wp-json\/wp\/v2\/product\/33940","targetHints":{"allow":["GET"]}}],"collection":[{"href":"https:\/\/chilimag.hu\/webshop\/wp-json\/wp\/v2\/product"}],"about":[{"href":"https:\/\/chilimag.hu\/webshop\/wp-json\/wp\/v2\/types\/product"}],"replies":[{"embeddable":true,"href":"https:\/\/chilimag.hu\/webshop\/wp-json\/wp\/v2\/comments?post=33940"}],"wp:featuredmedia":[{"embeddable":true,"href":"https:\/\/chilimag.hu\/webshop\/wp-json\/wp\/v2\/media\/33941"}],"wp:attachment":[{"href":"https:\/\/chilimag.hu\/webshop\/wp-json\/wp\/v2\/media?parent=33940"}],"wp:term":[{"taxonomy":"product_brand","embeddable":true,"href":"https:\/\/chilimag.hu\/webshop\/wp-json\/wp\/v2\/product_brand?post=33940"},{"taxonomy":"product_cat","embeddable":true,"href":"https:\/\/chilimag.hu\/webshop\/wp-json\/wp\/v2\/product_cat?post=33940"},{"taxonomy":"product_tag","embeddable":true,"href":"https:\/\/chilimag.hu\/webshop\/wp-json\/wp\/v2\/product_tag?post=33940"}],"curies":[{"name":"wp","href":"https:\/\/api.w.org\/{rel}","templated":true}]}}