{"id":33934,"date":"2024-11-29T18:12:24","date_gmt":"2024-11-29T18:12:24","guid":{"rendered":"https:\/\/chilimag.hu\/webshop\/?post_type=product&#038;p=33934"},"modified":"2026-02-18T17:24:10","modified_gmt":"2026-02-18T17:24:10","slug":"paprika-anaheim-chili-agr-sl","status":"publish","type":"product","link":"https:\/\/chilimag.hu\/webshop\/termek\/paprika-anaheim-chili-agr-sl\/","title":{"rendered":"Paprika Anaheim Chili Agr SL"},"content":{"rendered":"","protected":false},"excerpt":{"rendered":"<p><img decoding=\"async\" class=\"active-logo\" src=\"https:\/\/b2b.seklos.lt\/themes\/warehouse\/img\/logo_en.png\" alt=\"Agrofirma S\u0117klos, UAB\" width=\"280\" height=\"95\" \/><\/p>\n<p>CS\u00cdP\u0150S PAPRIKA ANAHEIM CHILI K\u00f6z\u00e9pkorai chili paprikafajta. Fogyaszthat\u00f3 frissen, bef\u0151zve, sz\u00e1r\u00edtva. \u00dcvegh\u00e1zakban \u00e9s t\u00e9likertekben termesztik. Meleg ny\u00e1ron a szabadban termeszthet\u0151.<\/p>\n<p>A magok sz\u00e1ma grammonk\u00e9nt ~120-160<br \/>\nA pal\u00e1nt\u00e1k vet\u00e9si ideje II-III<br \/>\nVet\u00e9sid\u0151 az \u00fcvegh\u00e1zban V<br \/>\nT\u00e1vols\u00e1gok, 30&#215;40 cm<br \/>\nSz\u00fcret VI-VIII<br \/>\nAGRONOM m\u00e1rka<br \/>\nNapos hely Igen<\/p>\n","protected":false},"featured_media":33935,"comment_status":"closed","ping_status":"closed","template":"","meta":[],"product_brand":[],"product_cat":[401],"product_tag":[],"class_list":{"0":"post-33934","1":"product","2":"type-product","3":"status-publish","4":"has-post-thumbnail","6":"product_cat-paprika-vetomagok-agronom","8":"first","9":"instock","10":"taxable","11":"shipping-taxable","12":"purchasable","13":"product-type-simple"},"_links":{"self":[{"href":"https:\/\/chilimag.hu\/webshop\/wp-json\/wp\/v2\/product\/33934","targetHints":{"allow":["GET"]}}],"collection":[{"href":"https:\/\/chilimag.hu\/webshop\/wp-json\/wp\/v2\/product"}],"about":[{"href":"https:\/\/chilimag.hu\/webshop\/wp-json\/wp\/v2\/types\/product"}],"replies":[{"embeddable":true,"href":"https:\/\/chilimag.hu\/webshop\/wp-json\/wp\/v2\/comments?post=33934"}],"wp:featuredmedia":[{"embeddable":true,"href":"https:\/\/chilimag.hu\/webshop\/wp-json\/wp\/v2\/media\/33935"}],"wp:attachment":[{"href":"https:\/\/chilimag.hu\/webshop\/wp-json\/wp\/v2\/media?parent=33934"}],"wp:term":[{"taxonomy":"product_brand","embeddable":true,"href":"https:\/\/chilimag.hu\/webshop\/wp-json\/wp\/v2\/product_brand?post=33934"},{"taxonomy":"product_cat","embeddable":true,"href":"https:\/\/chilimag.hu\/webshop\/wp-json\/wp\/v2\/product_cat?post=33934"},{"taxonomy":"product_tag","embeddable":true,"href":"https:\/\/chilimag.hu\/webshop\/wp-json\/wp\/v2\/product_tag?post=33934"}],"curies":[{"name":"wp","href":"https:\/\/api.w.org\/{rel}","templated":true}]}}