{"id":33930,"date":"2024-11-29T17:49:57","date_gmt":"2024-11-29T17:49:57","guid":{"rendered":"https:\/\/chilimag.hu\/webshop\/?post_type=product&#038;p=33930"},"modified":"2026-01-04T22:00:34","modified_gmt":"2026-01-04T22:00:34","slug":"paradicsom-salus-z-s-sl","status":"publish","type":"product","link":"https:\/\/chilimag.hu\/webshop\/termek\/paradicsom-salus-z-s-sl\/","title":{"rendered":"Paradicsom Salus Z.S SL"},"content":{"rendered":"","protected":false},"excerpt":{"rendered":"<p><img decoding=\"async\" class=\"active-logo\" src=\"https:\/\/b2b.seklos.lt\/themes\/warehouse\/img\/logo_en.png\" alt=\"Agrofirma S\u0117klos, UAB\" width=\"280\" height=\"95\" \/><\/p>\n<p>K\u00f6zepesen k\u00e9s\u0151i, term\u0151 paradicsomfajta. A n\u00f6v\u00e9nyek alacsonyak, f\u00fcrtben v\u00e9gz\u0151dnek. A veget\u00e1ci\u00f3s id\u0151szak 120 nap. Term\u00e9sei hossz\u00fak\u00e1s ov\u00e1lisak, hegyes v\u00e9g\u0171ek, k\u00f6r\u00fclbel\u00fcl 60-80 g t\u00f6meg\u0171ek, \u00e9retten s\u00f6t\u00e9tv\u00f6r\u00f6s sz\u00edn\u0171ek. A fajta k\u00f6zvetlen talajba vet\u00e9sre alkalmas. A n\u00f6v\u00e9nyek er\u0151sek, j\u00f3l term\u0151dnek, \u00e9s j\u00f3l b\u00edrj\u00e1k a kedvez\u0151tlen id\u0151j\u00e1r\u00e1si viszonyokat. Szabadban termesztik.<\/p>\n<p>A fajta korai \u00e9r\u00e9se M\u00e9rs\u00e9kelten korai<br \/>\nA magok sz\u00e1ma grammonk\u00e9nt ~200-300<br \/>\nA pal\u00e1nt\u00e1k vet\u00e9si ideje III-IV<br \/>\nN\u00f6v\u00e9nymagass\u00e1g t\u00f6rp\u00e9k<br \/>\nSz\u00fcret VII-IX<br \/>\nTerm\u0151f\u00f6ld<br \/>\nM\u00e1rka \u017dalia stotel\u0117<br \/>\nTranszplant\u00e1ci\u00f3 IV-V<br \/>\nNapos hely Igen<br \/>\nGy\u00fcm\u00f6lcsm\u00e9ret \u00c1tlagos m\u00e9ret<br \/>\nKiszerel\u00e9s 0,1 g<\/p>\n","protected":false},"featured_media":33931,"comment_status":"closed","ping_status":"closed","template":"","meta":[],"product_brand":[],"product_cat":[413],"product_tag":[],"class_list":{"0":"post-33930","1":"product","2":"type-product","3":"status-publish","4":"has-post-thumbnail","6":"product_cat-paradicsom-vetomagok-zalia-stotele","8":"first","9":"instock","10":"taxable","11":"shipping-taxable","12":"purchasable","13":"product-type-simple"},"_links":{"self":[{"href":"https:\/\/chilimag.hu\/webshop\/wp-json\/wp\/v2\/product\/33930","targetHints":{"allow":["GET"]}}],"collection":[{"href":"https:\/\/chilimag.hu\/webshop\/wp-json\/wp\/v2\/product"}],"about":[{"href":"https:\/\/chilimag.hu\/webshop\/wp-json\/wp\/v2\/types\/product"}],"replies":[{"embeddable":true,"href":"https:\/\/chilimag.hu\/webshop\/wp-json\/wp\/v2\/comments?post=33930"}],"wp:featuredmedia":[{"embeddable":true,"href":"https:\/\/chilimag.hu\/webshop\/wp-json\/wp\/v2\/media\/33931"}],"wp:attachment":[{"href":"https:\/\/chilimag.hu\/webshop\/wp-json\/wp\/v2\/media?parent=33930"}],"wp:term":[{"taxonomy":"product_brand","embeddable":true,"href":"https:\/\/chilimag.hu\/webshop\/wp-json\/wp\/v2\/product_brand?post=33930"},{"taxonomy":"product_cat","embeddable":true,"href":"https:\/\/chilimag.hu\/webshop\/wp-json\/wp\/v2\/product_cat?post=33930"},{"taxonomy":"product_tag","embeddable":true,"href":"https:\/\/chilimag.hu\/webshop\/wp-json\/wp\/v2\/product_tag?post=33930"}],"curies":[{"name":"wp","href":"https:\/\/api.w.org\/{rel}","templated":true}]}}