{"id":33928,"date":"2024-11-29T17:41:51","date_gmt":"2024-11-29T17:41:51","guid":{"rendered":"https:\/\/chilimag.hu\/webshop\/?post_type=product&#038;p=33928"},"modified":"2025-08-26T11:49:01","modified_gmt":"2025-08-26T11:49:01","slug":"paradicsom-pinkwin-hibrid-z-s-sl","status":"publish","type":"product","link":"https:\/\/chilimag.hu\/webshop\/termek\/paradicsom-pinkwin-hibrid-z-s-sl\/","title":{"rendered":"Paradicsom Pinkwin Hibrid Z.S SL"},"content":{"rendered":"","protected":false},"excerpt":{"rendered":"<p><img decoding=\"async\" class=\"active-logo\" src=\"https:\/\/b2b.seklos.lt\/themes\/warehouse\/img\/logo_en.png\" alt=\"Agrofirma S\u0117klos, UAB\" width=\"280\" height=\"95\" \/><\/p>\n<p>A &#8216;Beef&#8217; t\u00edpus\u00fa marhasteak paradicsom korai, magas, betegs\u00e9geknek ellen\u00e1ll\u00f3 hibridje. Olt\u00e1sra alkalmas, ilyenkor a vet\u00e9st valamivel kor\u00e1bban kell elv\u00e9gezni. Gy\u00fcm\u00f6lcsei kerek-laposak, enyh\u00e9n bord\u00e1zottak, f\u00e9nyesek, kem\u00e9nyek, reped\u00e9snek ellen\u00e1ll\u00f3ak, k\u00f6r\u00fclbel\u00fcl 200-250 g t\u00f6meg\u0171ek. Ennek a hibridnek az egyik el\u0151nye a levelek k\u00f6z\u00f6tti viszonylag r\u00f6vid t\u00e1vols\u00e1g. Ez kedvez\u0151 felt\u00e9teleket teremt a legt\u00f6bb klaszter kialakul\u00e1s\u00e1hoz. \u00dcvegh\u00e1zakban termesztik.<\/p>\n<p>A fajta korai ideje Korai<br \/>\nMagok sz\u00e1ma a csomagban, db. 10<br \/>\nA pal\u00e1nt\u00e1k vet\u00e9si ideje III-IV<br \/>\nN\u00f6v\u00e9nymagass\u00e1g Magas<br \/>\nSz\u00fcret VII-IX<br \/>\nTermeszt\u00e9si hely \u00dcvegh\u00e1zban<br \/>\nM\u00e1rka \u017dalia stotel\u0117<br \/>\nTranszplant\u00e1ci\u00f3 IV-V<br \/>\nNapos hely Igen<br \/>\nGy\u00fcm\u00f6lcs m\u00e9rete Nagy<\/p>\n","protected":false},"featured_media":33929,"comment_status":"closed","ping_status":"closed","template":"","meta":[],"product_brand":[],"product_cat":[413],"product_tag":[],"class_list":{"0":"post-33928","1":"product","2":"type-product","3":"status-publish","4":"has-post-thumbnail","6":"product_cat-paradicsom-vetomagok-zalia-stotele","8":"first","9":"instock","10":"taxable","11":"shipping-taxable","12":"purchasable","13":"product-type-simple"},"_links":{"self":[{"href":"https:\/\/chilimag.hu\/webshop\/wp-json\/wp\/v2\/product\/33928","targetHints":{"allow":["GET"]}}],"collection":[{"href":"https:\/\/chilimag.hu\/webshop\/wp-json\/wp\/v2\/product"}],"about":[{"href":"https:\/\/chilimag.hu\/webshop\/wp-json\/wp\/v2\/types\/product"}],"replies":[{"embeddable":true,"href":"https:\/\/chilimag.hu\/webshop\/wp-json\/wp\/v2\/comments?post=33928"}],"wp:featuredmedia":[{"embeddable":true,"href":"https:\/\/chilimag.hu\/webshop\/wp-json\/wp\/v2\/media\/33929"}],"wp:attachment":[{"href":"https:\/\/chilimag.hu\/webshop\/wp-json\/wp\/v2\/media?parent=33928"}],"wp:term":[{"taxonomy":"product_brand","embeddable":true,"href":"https:\/\/chilimag.hu\/webshop\/wp-json\/wp\/v2\/product_brand?post=33928"},{"taxonomy":"product_cat","embeddable":true,"href":"https:\/\/chilimag.hu\/webshop\/wp-json\/wp\/v2\/product_cat?post=33928"},{"taxonomy":"product_tag","embeddable":true,"href":"https:\/\/chilimag.hu\/webshop\/wp-json\/wp\/v2\/product_tag?post=33928"}],"curies":[{"name":"wp","href":"https:\/\/api.w.org\/{rel}","templated":true}]}}