{"id":33926,"date":"2024-11-29T17:37:01","date_gmt":"2024-11-29T17:37:01","guid":{"rendered":"https:\/\/chilimag.hu\/webshop\/?post_type=product&#038;p=33926"},"modified":"2026-01-11T06:24:05","modified_gmt":"2026-01-11T06:24:05","slug":"hagyma-white-magic-hibrid-z-s-sl","status":"publish","type":"product","link":"https:\/\/chilimag.hu\/webshop\/termek\/hagyma-white-magic-hibrid-z-s-sl\/","title":{"rendered":"Hagyma White Magic Hibrid Z.S SL"},"content":{"rendered":"","protected":false},"excerpt":{"rendered":"<p><img decoding=\"async\" class=\"active-logo\" src=\"https:\/\/b2b.seklos.lt\/themes\/warehouse\/img\/logo_en.png\" alt=\"Agrofirma S\u0117klos, UAB\" width=\"280\" height=\"95\" \/><\/p>\n<p>K\u00f6zepesen k\u00e9s\u0151i term\u0151k\u00e9pess\u00e9g\u0171, egylevel\u0171 hagymahibrid. K\u00f6r\u00fclbel\u00fcl 300 g vagy ann\u00e1l nagyobb t\u00f6meg\u0171 feh\u00e9r h\u00e9j\u00fa, kerek hagym\u00e1k, kedvez\u0151 k\u00f6r\u00fclm\u00e9nyek k\u00f6z\u00f6tt. A hagyma \u00e9des \u00edz\u0171, m\u00e1s fajt\u00e1k cs\u00edp\u0151ss\u00e9ge n\u00e9lk\u00fcl. Frissen fogyasztva, r\u00f6vid t\u00e1v\u00fa t\u00e1rol\u00e1sra \u00e9s tart\u00f3s\u00edt\u00e1sra alkalmas. A betakar\u00edt\u00e1st a vet\u00e9st\u0151l sz\u00e1m\u00edtott 160-175 nap ut\u00e1n veszik, ez\u00e9rt a pal\u00e1nt\u00e1kat c\u00e9lszer\u0171 a talajba \u00fcltetni.<\/p>\n<p>A fajta korai \u00e9r\u00e9se M\u00e9rs\u00e9kelten k\u00e9s\u0151i<br \/>\nA magok sz\u00e1ma grammonk\u00e9nt ~250-450<br \/>\nVet\u00e9sid\u0151 \u00fcvegh\u00e1zban III-IV<br \/>\nT\u00e1vols\u00e1gok, cm 40&#215;15<br \/>\nSz\u00fcret VII-VIII<br \/>\nTerm\u0151f\u00f6ld<br \/>\nM\u00e1rka \u017dalia stotel\u0117<br \/>\nNapos hely Igen<br \/>\nKiszerel\u00e9s 1 g<\/p>\n","protected":false},"featured_media":33927,"comment_status":"closed","ping_status":"closed","template":"","meta":[],"product_brand":[],"product_cat":[417],"product_tag":[],"class_list":{"0":"post-33926","1":"product","2":"type-product","3":"status-publish","4":"has-post-thumbnail","6":"product_cat-hagyma-vetomagok-zalia-stotele","8":"first","9":"instock","10":"taxable","11":"shipping-taxable","12":"purchasable","13":"product-type-simple"},"_links":{"self":[{"href":"https:\/\/chilimag.hu\/webshop\/wp-json\/wp\/v2\/product\/33926","targetHints":{"allow":["GET"]}}],"collection":[{"href":"https:\/\/chilimag.hu\/webshop\/wp-json\/wp\/v2\/product"}],"about":[{"href":"https:\/\/chilimag.hu\/webshop\/wp-json\/wp\/v2\/types\/product"}],"replies":[{"embeddable":true,"href":"https:\/\/chilimag.hu\/webshop\/wp-json\/wp\/v2\/comments?post=33926"}],"wp:featuredmedia":[{"embeddable":true,"href":"https:\/\/chilimag.hu\/webshop\/wp-json\/wp\/v2\/media\/33927"}],"wp:attachment":[{"href":"https:\/\/chilimag.hu\/webshop\/wp-json\/wp\/v2\/media?parent=33926"}],"wp:term":[{"taxonomy":"product_brand","embeddable":true,"href":"https:\/\/chilimag.hu\/webshop\/wp-json\/wp\/v2\/product_brand?post=33926"},{"taxonomy":"product_cat","embeddable":true,"href":"https:\/\/chilimag.hu\/webshop\/wp-json\/wp\/v2\/product_cat?post=33926"},{"taxonomy":"product_tag","embeddable":true,"href":"https:\/\/chilimag.hu\/webshop\/wp-json\/wp\/v2\/product_tag?post=33926"}],"curies":[{"name":"wp","href":"https:\/\/api.w.org\/{rel}","templated":true}]}}