{"id":33918,"date":"2024-11-29T15:24:41","date_gmt":"2024-11-29T15:24:41","guid":{"rendered":"https:\/\/chilimag.hu\/webshop\/?post_type=product&#038;p=33918"},"modified":"2025-08-26T11:48:10","modified_gmt":"2025-08-26T11:48:10","slug":"paradicsom-perugino-hibrid-z-s-sl","status":"publish","type":"product","link":"https:\/\/chilimag.hu\/webshop\/termek\/paradicsom-perugino-hibrid-z-s-sl\/","title":{"rendered":"Paradicsom Perugino Hibrid Z.S SL"},"content":{"rendered":"","protected":false},"excerpt":{"rendered":"<p><img decoding=\"async\" class=\"active-logo\" src=\"https:\/\/b2b.seklos.lt\/themes\/warehouse\/img\/logo_en.png\" alt=\"Agrofirma S\u0117klos, UAB\" width=\"280\" height=\"95\" \/><\/p>\n<p>Korai, magas, a v\u00e1ltoz\u00f3 termeszt\u00e9si k\u00f6r\u00fclm\u00e9nyekkel szemben ellen\u00e1ll\u00f3, beefsteak paradicsom hibrid. A f\u00fcrt\u00f6n 5-6 azonos alak\u00fa \u00e9s m\u00e9ret\u0171 term\u00e9st alkot. Gy\u00fcm\u00f6lcsei egys\u00e9gesek, kem\u00e9nyek, f\u00e9nyesek, kellemes \u00edz\u0171ek, k\u00f6r\u00fclbel\u00fcl 180-200 g t\u00f6meg\u0171ek, a sz\u00e1r k\u00f6zel\u00e9ben z\u00f6ld foltok n\u00e9lk\u00fcl. Szed\u00e9s ut\u00e1n is j\u00f3l meg\u0151rz\u0151dnek, sz\u00e1ll\u00edthat\u00f3k. Frissen haszn\u00e1lt, alkalmas szendvicsekhez vagy sal\u00e1t\u00e1khoz. \u00dcvegh\u00e1zakban termesztik.<\/p>\n<p>A fajta korai ideje Korai<br \/>\nMagok sz\u00e1ma a csomagban, db. 10<br \/>\nA pal\u00e1nt\u00e1k vet\u00e9si ideje III-IV<br \/>\nN\u00f6v\u00e9nymagass\u00e1g Magas<br \/>\nSz\u00fcret VII-IX<br \/>\nTermeszt\u00e9si hely \u00dcvegh\u00e1zban<br \/>\nM\u00e1rka \u017dalia stotel\u0117<br \/>\nTranszplant\u00e1ci\u00f3 IV-V<br \/>\nNapos hely Igen<br \/>\nGy\u00fcm\u00f6lcsm\u00e9ret \u00c1tlagos m\u00e9ret<\/p>\n","protected":false},"featured_media":33919,"comment_status":"closed","ping_status":"closed","template":"","meta":[],"product_brand":[],"product_cat":[413],"product_tag":[],"class_list":{"0":"post-33918","1":"product","2":"type-product","3":"status-publish","4":"has-post-thumbnail","6":"product_cat-paradicsom-vetomagok-zalia-stotele","8":"first","9":"instock","10":"taxable","11":"shipping-taxable","12":"purchasable","13":"product-type-simple"},"_links":{"self":[{"href":"https:\/\/chilimag.hu\/webshop\/wp-json\/wp\/v2\/product\/33918","targetHints":{"allow":["GET"]}}],"collection":[{"href":"https:\/\/chilimag.hu\/webshop\/wp-json\/wp\/v2\/product"}],"about":[{"href":"https:\/\/chilimag.hu\/webshop\/wp-json\/wp\/v2\/types\/product"}],"replies":[{"embeddable":true,"href":"https:\/\/chilimag.hu\/webshop\/wp-json\/wp\/v2\/comments?post=33918"}],"wp:featuredmedia":[{"embeddable":true,"href":"https:\/\/chilimag.hu\/webshop\/wp-json\/wp\/v2\/media\/33919"}],"wp:attachment":[{"href":"https:\/\/chilimag.hu\/webshop\/wp-json\/wp\/v2\/media?parent=33918"}],"wp:term":[{"taxonomy":"product_brand","embeddable":true,"href":"https:\/\/chilimag.hu\/webshop\/wp-json\/wp\/v2\/product_brand?post=33918"},{"taxonomy":"product_cat","embeddable":true,"href":"https:\/\/chilimag.hu\/webshop\/wp-json\/wp\/v2\/product_cat?post=33918"},{"taxonomy":"product_tag","embeddable":true,"href":"https:\/\/chilimag.hu\/webshop\/wp-json\/wp\/v2\/product_tag?post=33918"}],"curies":[{"name":"wp","href":"https:\/\/api.w.org\/{rel}","templated":true}]}}