{"id":33914,"date":"2024-11-29T15:08:49","date_gmt":"2024-11-29T15:08:49","guid":{"rendered":"https:\/\/chilimag.hu\/webshop\/?post_type=product&#038;p=33914"},"modified":"2025-08-26T11:30:19","modified_gmt":"2025-08-26T11:30:19","slug":"paradicsom-bocamegra-hibrid-z-s-sl","status":"publish","type":"product","link":"https:\/\/chilimag.hu\/webshop\/termek\/paradicsom-bocamegra-hibrid-z-s-sl\/","title":{"rendered":"Paradicsom Bocamegra Hibrid Z.S SL"},"content":{"rendered":"","protected":false},"excerpt":{"rendered":"<p><img decoding=\"async\" class=\"logo\" src=\"https:\/\/b2b.seklos.lt\/themes\/warehouse\/img\/logo_en.png\" alt=\"Agrofirma S\u0117klos, UAB\" \/><\/p>\n<p>A &#8216;RAF&#8217; t\u00edpus\u00fa paradicsom nagyon korai, magas term\u0151k\u00e9pess\u00e9g\u0171, er\u0151teljes n\u00f6veked\u00e9s\u0171 hibridje. Ezek a paradicsomok k\u00fcl\u00f6n\u00f6sen j\u00f3l fejl\u0151dnek a forr\u00f3 ny\u00e1ron, \u00e9s t\u00f6k\u00e9letesen felfedik kifog\u00e1stalan \u00edz\u00fcket. Gy\u00fcm\u00f6lcsei enyh\u00e9n laposak, er\u0151sen bord\u00e1zottak, k\u00f6r\u00fclbel\u00fcl 250-300 g vagy ann\u00e1l nagyobb t\u00f6meg\u0171ek, h\u00fasosak, kiv\u00e1l\u00f3 kereskedelmi megjelen\u00e9s\u0171ek, szed\u00e9s ut\u00e1n is j\u00f3l eltarthat\u00f3k. Szokatlan, jellegzetes sz\u00edn \u2013 z\u00f6ldes \u00e9s piros k\u00f6z\u00f6tt. \u00dcvegh\u00e1zakban termesztik.<\/p>\n<p>A fajta korai \u00e9r\u00e9se Nagyon korai<br \/>\nMagok sz\u00e1ma a csomagban, db. 10<br \/>\nA pal\u00e1nt\u00e1k vet\u00e9si ideje III-IV<br \/>\nN\u00f6v\u00e9nymagass\u00e1g Magas<br \/>\nSz\u00fcret VI-VIII<br \/>\nTermeszt\u00e9si hely \u00dcvegh\u00e1zban<br \/>\nM\u00e1rka \u017dalia stotel\u0117<br \/>\nTranszplant\u00e1ci\u00f3 IV-V<br \/>\nNapos hely Igen<br \/>\nProfesszion\u00e1lis haszn\u00e1latra alkalmas Igen<br \/>\nGy\u00fcm\u00f6lcs m\u00e9rete Nagy<\/p>\n","protected":false},"featured_media":33915,"comment_status":"closed","ping_status":"closed","template":"","meta":[],"product_brand":[],"product_cat":[413],"product_tag":[],"class_list":{"0":"post-33914","1":"product","2":"type-product","3":"status-publish","4":"has-post-thumbnail","6":"product_cat-paradicsom-vetomagok-zalia-stotele","8":"first","9":"instock","10":"taxable","11":"shipping-taxable","12":"purchasable","13":"product-type-simple"},"_links":{"self":[{"href":"https:\/\/chilimag.hu\/webshop\/wp-json\/wp\/v2\/product\/33914","targetHints":{"allow":["GET"]}}],"collection":[{"href":"https:\/\/chilimag.hu\/webshop\/wp-json\/wp\/v2\/product"}],"about":[{"href":"https:\/\/chilimag.hu\/webshop\/wp-json\/wp\/v2\/types\/product"}],"replies":[{"embeddable":true,"href":"https:\/\/chilimag.hu\/webshop\/wp-json\/wp\/v2\/comments?post=33914"}],"wp:featuredmedia":[{"embeddable":true,"href":"https:\/\/chilimag.hu\/webshop\/wp-json\/wp\/v2\/media\/33915"}],"wp:attachment":[{"href":"https:\/\/chilimag.hu\/webshop\/wp-json\/wp\/v2\/media?parent=33914"}],"wp:term":[{"taxonomy":"product_brand","embeddable":true,"href":"https:\/\/chilimag.hu\/webshop\/wp-json\/wp\/v2\/product_brand?post=33914"},{"taxonomy":"product_cat","embeddable":true,"href":"https:\/\/chilimag.hu\/webshop\/wp-json\/wp\/v2\/product_cat?post=33914"},{"taxonomy":"product_tag","embeddable":true,"href":"https:\/\/chilimag.hu\/webshop\/wp-json\/wp\/v2\/product_tag?post=33914"}],"curies":[{"name":"wp","href":"https:\/\/api.w.org\/{rel}","templated":true}]}}