{"id":33910,"date":"2024-11-29T14:54:42","date_gmt":"2024-11-29T14:54:42","guid":{"rendered":"https:\/\/chilimag.hu\/webshop\/?post_type=product&#038;p=33910"},"modified":"2026-05-12T20:43:10","modified_gmt":"2026-05-12T20:43:10","slug":"sargarepa-rubyprince-hibrid-z-s-sl","status":"publish","type":"product","link":"https:\/\/chilimag.hu\/webshop\/termek\/sargarepa-rubyprince-hibrid-z-s-sl\/","title":{"rendered":"S\u00e1rgar\u00e9pa Rubyprince Hibrid Z.S SL"},"content":{"rendered":"","protected":false},"excerpt":{"rendered":"<p><img decoding=\"async\" class=\"active-logo\" src=\"https:\/\/b2b.seklos.lt\/themes\/warehouse\/img\/logo_en.png\" alt=\"Agrofirma S\u0117klos, UAB\" width=\"280\" height=\"95\" \/><\/p>\n<p>Korai, term\u0151, betegs\u00e9geknek ellen\u00e1ll\u00f3 hibrid. A gy\u00f6kerek k\u00fclseje \u00e9s belseje jellegzetes v\u00f6r\u00f6s sz\u00edn\u0171. A kiv\u00e1l\u00f3 \u00edz\u0171, \u00e9des \u00e9s ropog\u00f3s s\u00e1rgar\u00e9p\u00e1t frissen haszn\u00e1lj\u00e1k, sal\u00e1t\u00e1k \u00e9s gy\u00fcm\u00f6lcslevek k\u00e9sz\u00edt\u00e9s\u00e9re alkalmasak. Ez a fajta \u0151szi betakar\u00edt\u00e1sra vagy t\u00e1rol\u00e1sra is termeszthet\u0151 &#8211; ebben az esetben m\u00e1jus 20-t\u00f3l j\u00fanius 10-ig kell elvetni a magokat. A magvak kezelhet\u0151k. Ha a magvakat kezelik, a kezel\u00e9s neve a csomagol\u00e1s alj\u00e1n tal\u00e1lhat\u00f3.<\/p>\n<p>A fajta korai ideje Korai<br \/>\nA magok sz\u00e1ma grammonk\u00e9nt ~800-1000<br \/>\nVet\u00e9sid\u0151 a talajban III-V<br \/>\nT\u00e1vols\u00e1gok, 25&#215;5 cm<br \/>\nSz\u00fcret VI-VIII<br \/>\nTerm\u0151f\u00f6ld<br \/>\nM\u00e1rka \u017dalia stotel\u0117<br \/>\nNapos hely Igen<br \/>\nKiszerel\u00e9s 0,5 g<\/p>\n","protected":false},"featured_media":33911,"comment_status":"closed","ping_status":"closed","template":"","meta":[],"product_brand":[],"product_cat":[408],"product_tag":[],"class_list":{"0":"post-33910","1":"product","2":"type-product","3":"status-publish","4":"has-post-thumbnail","6":"product_cat-zoldseg-vetomagok-zalia-stotele","8":"first","9":"instock","10":"taxable","11":"shipping-taxable","12":"purchasable","13":"product-type-simple"},"_links":{"self":[{"href":"https:\/\/chilimag.hu\/webshop\/wp-json\/wp\/v2\/product\/33910","targetHints":{"allow":["GET"]}}],"collection":[{"href":"https:\/\/chilimag.hu\/webshop\/wp-json\/wp\/v2\/product"}],"about":[{"href":"https:\/\/chilimag.hu\/webshop\/wp-json\/wp\/v2\/types\/product"}],"replies":[{"embeddable":true,"href":"https:\/\/chilimag.hu\/webshop\/wp-json\/wp\/v2\/comments?post=33910"}],"wp:featuredmedia":[{"embeddable":true,"href":"https:\/\/chilimag.hu\/webshop\/wp-json\/wp\/v2\/media\/33911"}],"wp:attachment":[{"href":"https:\/\/chilimag.hu\/webshop\/wp-json\/wp\/v2\/media?parent=33910"}],"wp:term":[{"taxonomy":"product_brand","embeddable":true,"href":"https:\/\/chilimag.hu\/webshop\/wp-json\/wp\/v2\/product_brand?post=33910"},{"taxonomy":"product_cat","embeddable":true,"href":"https:\/\/chilimag.hu\/webshop\/wp-json\/wp\/v2\/product_cat?post=33910"},{"taxonomy":"product_tag","embeddable":true,"href":"https:\/\/chilimag.hu\/webshop\/wp-json\/wp\/v2\/product_tag?post=33910"}],"curies":[{"name":"wp","href":"https:\/\/api.w.org\/{rel}","templated":true}]}}