{"id":33908,"date":"2024-11-29T14:47:36","date_gmt":"2024-11-29T14:47:36","guid":{"rendered":"https:\/\/chilimag.hu\/webshop\/?post_type=product&#038;p=33908"},"modified":"2026-04-30T05:48:04","modified_gmt":"2026-04-30T05:48:04","slug":"sargarepa-judita-hibrid-z-s-sl","status":"publish","type":"product","link":"https:\/\/chilimag.hu\/webshop\/termek\/sargarepa-judita-hibrid-z-s-sl\/","title":{"rendered":"S\u00e1rgar\u00e9pa Judita Hibrid Z.S SL"},"content":{"rendered":"","protected":false},"excerpt":{"rendered":"<p><img decoding=\"async\" class=\"\" src=\"https:\/\/b2b.seklos.lt\/img\/m\/75-medium_default.jpg\" alt=\"\" width=\"151\" height=\"151\" \/><\/p>\n<h3>Term\u00e9kle\u00edr\u00e1s<\/h3>\n<p>K\u00f6z\u00e9pk\u00e9s\u0151i, magas hozam\u00fa, alternari\u00f3zisnak ellen\u00e1ll\u00f3 &#8216;Berlicum&#8217; t\u00edpus\u00fa hibrid. A veget\u00e1ci\u00f3s id\u0151szak 110-130 nap. Gy\u00f6kerei simaak, \u00e9l\u00e9nk narancss\u00e1rg\u00e1k, 18\u201322 cm hossz\u00faak, nem repedeznek. A z\u00f6lds\u00e9get friss fogyaszt\u00e1sra \u00e9s r\u00f6vid t\u00e1v\u00fa t\u00e1rol\u00e1sra sz\u00e1nj\u00e1k. Buja \u00e9s eg\u00e9szs\u00e9ges lombozatot produk\u00e1l, amelyet felhaszn\u00e1lhatunk \u00e9lelmiszerekhez, levesekhez, sal\u00e1t\u00e1khoz, vagy te\u00e1hoz sz\u00e1r\u00edtva. A magvak kezelhet\u0151k. Ha a magvakat kezelik, a kezel\u00e9s neve a csomagol\u00e1s alj\u00e1n tal\u00e1lhat\u00f3.<\/p>\n<p>A fajta korai \u00e9r\u00e9se M\u00e9rs\u00e9kelten k\u00e9s\u0151i<br \/>\nA magok sz\u00e1ma grammonk\u00e9nt ~800-1000<br \/>\nVet\u00e9sid\u0151 a talajban IV-VI, X<br \/>\nT\u00e1vols\u00e1gok, 25&#215;5 cm<br \/>\nSz\u00fcret IX-X<br \/>\nTerm\u0151f\u00f6ld<br \/>\nM\u00e1rka \u017dalia stotel\u0117<br \/>\nNapos hely Igen<br \/>\nKiszerel\u00e9s 2 g<\/p>\n","protected":false},"featured_media":33909,"comment_status":"closed","ping_status":"closed","template":"","meta":[],"product_brand":[],"product_cat":[408],"product_tag":[],"class_list":{"0":"post-33908","1":"product","2":"type-product","3":"status-publish","4":"has-post-thumbnail","6":"product_cat-zoldseg-vetomagok-zalia-stotele","8":"first","9":"instock","10":"taxable","11":"shipping-taxable","12":"purchasable","13":"product-type-simple"},"_links":{"self":[{"href":"https:\/\/chilimag.hu\/webshop\/wp-json\/wp\/v2\/product\/33908","targetHints":{"allow":["GET"]}}],"collection":[{"href":"https:\/\/chilimag.hu\/webshop\/wp-json\/wp\/v2\/product"}],"about":[{"href":"https:\/\/chilimag.hu\/webshop\/wp-json\/wp\/v2\/types\/product"}],"replies":[{"embeddable":true,"href":"https:\/\/chilimag.hu\/webshop\/wp-json\/wp\/v2\/comments?post=33908"}],"wp:featuredmedia":[{"embeddable":true,"href":"https:\/\/chilimag.hu\/webshop\/wp-json\/wp\/v2\/media\/33909"}],"wp:attachment":[{"href":"https:\/\/chilimag.hu\/webshop\/wp-json\/wp\/v2\/media?parent=33908"}],"wp:term":[{"taxonomy":"product_brand","embeddable":true,"href":"https:\/\/chilimag.hu\/webshop\/wp-json\/wp\/v2\/product_brand?post=33908"},{"taxonomy":"product_cat","embeddable":true,"href":"https:\/\/chilimag.hu\/webshop\/wp-json\/wp\/v2\/product_cat?post=33908"},{"taxonomy":"product_tag","embeddable":true,"href":"https:\/\/chilimag.hu\/webshop\/wp-json\/wp\/v2\/product_tag?post=33908"}],"curies":[{"name":"wp","href":"https:\/\/api.w.org\/{rel}","templated":true}]}}