{"id":33902,"date":"2024-11-29T06:42:02","date_gmt":"2024-11-29T06:42:02","guid":{"rendered":"https:\/\/chilimag.hu\/webshop\/?post_type=product&#038;p=33902"},"modified":"2026-02-18T16:30:00","modified_gmt":"2026-02-18T16:30:00","slug":"sutotok-ga-ga-ga-hibrid-z-s-sl","status":"publish","type":"product","link":"https:\/\/chilimag.hu\/webshop\/termek\/sutotok-ga-ga-ga-hibrid-z-s-sl\/","title":{"rendered":"S\u00fct\u0151t\u00f6k Ga Ga Ga Hibrid Z.S SL"},"content":{"rendered":"","protected":false},"excerpt":{"rendered":"<p><img decoding=\"async\" class=\"logo\" src=\"https:\/\/b2b.seklos.lt\/themes\/warehouse\/img\/logo_en.png\" alt=\"Agrofirma S\u0117klos, UAB\" \/><\/p>\n<p>B\u0151s\u00e9ges term\u00e9shozam\u00fa bokros s\u00fct\u0151t\u00f6k hibrid, amelyet a gy\u00fcm\u00f6lcs\u00f6k hossz\u00fa betakar\u00edt\u00e1si ideje jellemez. A gy\u00fcm\u00f6lcs alakja libanyakra eml\u00e9keztet, a s\u00e1padt b\u0151r\u00f6n kiemelked\u0151 bord\u00e1kkal. H\u00fasa narancss\u00e1rga, kem\u00e9ny, finom vajas \u00edz\u0171. Kis m\u00e9retre, 25\u201330 cm hossz\u00fara, 0,6\u20130,8 kg s\u00faly\u00fara n\u0151nek. Gy\u00fcm\u00f6lcsform\u00e1jukb\u00f3l ad\u00f3d\u00f3an dekor\u00e1ci\u00f3nak is haszn\u00e1lhat\u00f3k, Halloweenre is alkalmasak. Lehet tart\u00f3s\u00edtani, s\u00fctni, p\u00e1rolni vagy t\u00f6lteni.<\/p>\n<p>Magok sz\u00e1ma grammonk\u00e9nt ~3-8<br \/>\nVet\u00e9sid\u0151 a talajban V-VI<br \/>\nA pal\u00e1nt\u00e1k vet\u00e9si ideje IV<br \/>\nSz\u00fcret VIII-IX<br \/>\nTerm\u0151f\u00f6ld<br \/>\nM\u00e1rka \u017dalia stotel\u0117<br \/>\nTranszplant\u00e1ci\u00f3 V-VI<br \/>\nNapos hely Igen<br \/>\nKiszerel\u00e9s 1 g<\/p>\n","protected":false},"featured_media":33903,"comment_status":"closed","ping_status":"closed","template":"","meta":[],"product_brand":[],"product_cat":[420],"product_tag":[],"class_list":{"0":"post-33902","1":"product","2":"type-product","3":"status-publish","4":"has-post-thumbnail","6":"product_cat-dinnye-es-tok-vetomagok-zalia-stotele","8":"first","9":"instock","10":"taxable","11":"shipping-taxable","12":"purchasable","13":"product-type-simple"},"_links":{"self":[{"href":"https:\/\/chilimag.hu\/webshop\/wp-json\/wp\/v2\/product\/33902","targetHints":{"allow":["GET"]}}],"collection":[{"href":"https:\/\/chilimag.hu\/webshop\/wp-json\/wp\/v2\/product"}],"about":[{"href":"https:\/\/chilimag.hu\/webshop\/wp-json\/wp\/v2\/types\/product"}],"replies":[{"embeddable":true,"href":"https:\/\/chilimag.hu\/webshop\/wp-json\/wp\/v2\/comments?post=33902"}],"wp:featuredmedia":[{"embeddable":true,"href":"https:\/\/chilimag.hu\/webshop\/wp-json\/wp\/v2\/media\/33903"}],"wp:attachment":[{"href":"https:\/\/chilimag.hu\/webshop\/wp-json\/wp\/v2\/media?parent=33902"}],"wp:term":[{"taxonomy":"product_brand","embeddable":true,"href":"https:\/\/chilimag.hu\/webshop\/wp-json\/wp\/v2\/product_brand?post=33902"},{"taxonomy":"product_cat","embeddable":true,"href":"https:\/\/chilimag.hu\/webshop\/wp-json\/wp\/v2\/product_cat?post=33902"},{"taxonomy":"product_tag","embeddable":true,"href":"https:\/\/chilimag.hu\/webshop\/wp-json\/wp\/v2\/product_tag?post=33902"}],"curies":[{"name":"wp","href":"https:\/\/api.w.org\/{rel}","templated":true}]}}