{"id":33900,"date":"2024-11-29T06:31:18","date_gmt":"2024-11-29T06:31:18","guid":{"rendered":"https:\/\/chilimag.hu\/webshop\/?post_type=product&#038;p=33900"},"modified":"2026-01-23T18:10:30","modified_gmt":"2026-01-23T18:10:30","slug":"kaposzta-sarmello-hibrid-z-s-sl","status":"publish","type":"product","link":"https:\/\/chilimag.hu\/webshop\/termek\/kaposzta-sarmello-hibrid-z-s-sl\/","title":{"rendered":"K\u00e1poszta Sarmello Hibrid Z.S SL"},"content":{"rendered":"","protected":false},"excerpt":{"rendered":"<p><img decoding=\"async\" class=\"active-logo\" src=\"https:\/\/b2b.seklos.lt\/themes\/warehouse\/img\/logo_en.png\" alt=\"Agrofirma S\u0117klos, UAB\" width=\"280\" height=\"95\" \/><\/p>\n<p>K\u00f6z\u00e9pkorai hibrid. A pal\u00e1nt\u00e1k ki\u00fcltet\u00e9se ut\u00e1n 80-85 nappal betakar\u00edtj\u00e1k. Ny\u00e1ri \u00e9s \u0151szi betakar\u00edt\u00e1sra termesztik. A fejek ov\u00e1lis-laposak, k\u00f6r\u00fclbel\u00fcl 3-5 kg \u200b\u200bt\u00f6meg\u0171ek, r\u00f6vid maggal \u00e9s kiv\u00e1l\u00f3 bels\u0151 szerkezettel. Frissen fogyaszthat\u00f3, p\u00e1col\u00e1sra alkalmas. Ellen\u00e1ll a tripsznek \u00e9s a fuz\u00e1ri\u00f3zisnak. J\u00f3l n\u0151 a k\u00f6zepest\u0151l a neh\u00e9zig terjed\u0151, term\u00e9keny talajban. A magvak kezelhet\u0151k. Ha a magvakat kezelik, a kezel\u00e9s neve a csomagol\u00e1s alj\u00e1n tal\u00e1lhat\u00f3.<\/p>\n<p>A fajta korai \u00e9r\u00e9se M\u00e9rs\u00e9kelten korai<br \/>\nA magok sz\u00e1ma grammonk\u00e9nt ~250-300<br \/>\nA pal\u00e1nt\u00e1k vet\u00e9si ideje III-IV<br \/>\nSz\u00fcret VII-IX<br \/>\nTerm\u0151f\u00f6ld<br \/>\nM\u00e1rka \u017dalia stotel\u0117<br \/>\nTranszplant\u00e1ci\u00f3 IV-V<br \/>\nNapos hely Igen<br \/>\nProfesszion\u00e1lis haszn\u00e1latra alkalmas Igen<br \/>\nKiszerel\u00e9s 0,1 g<\/p>\n","protected":false},"featured_media":33901,"comment_status":"closed","ping_status":"closed","template":"","meta":[],"product_brand":[],"product_cat":[415],"product_tag":[],"class_list":{"0":"post-33900","1":"product","2":"type-product","3":"status-publish","4":"has-post-thumbnail","6":"product_cat-kaposzta-es-karfiol-vetomagok-zalia-stotele","8":"first","9":"instock","10":"taxable","11":"shipping-taxable","12":"purchasable","13":"product-type-simple"},"_links":{"self":[{"href":"https:\/\/chilimag.hu\/webshop\/wp-json\/wp\/v2\/product\/33900","targetHints":{"allow":["GET"]}}],"collection":[{"href":"https:\/\/chilimag.hu\/webshop\/wp-json\/wp\/v2\/product"}],"about":[{"href":"https:\/\/chilimag.hu\/webshop\/wp-json\/wp\/v2\/types\/product"}],"replies":[{"embeddable":true,"href":"https:\/\/chilimag.hu\/webshop\/wp-json\/wp\/v2\/comments?post=33900"}],"wp:featuredmedia":[{"embeddable":true,"href":"https:\/\/chilimag.hu\/webshop\/wp-json\/wp\/v2\/media\/33901"}],"wp:attachment":[{"href":"https:\/\/chilimag.hu\/webshop\/wp-json\/wp\/v2\/media?parent=33900"}],"wp:term":[{"taxonomy":"product_brand","embeddable":true,"href":"https:\/\/chilimag.hu\/webshop\/wp-json\/wp\/v2\/product_brand?post=33900"},{"taxonomy":"product_cat","embeddable":true,"href":"https:\/\/chilimag.hu\/webshop\/wp-json\/wp\/v2\/product_cat?post=33900"},{"taxonomy":"product_tag","embeddable":true,"href":"https:\/\/chilimag.hu\/webshop\/wp-json\/wp\/v2\/product_tag?post=33900"}],"curies":[{"name":"wp","href":"https:\/\/api.w.org\/{rel}","templated":true}]}}