{"id":33890,"date":"2024-11-28T20:00:18","date_gmt":"2024-11-28T20:00:18","guid":{"rendered":"https:\/\/chilimag.hu\/webshop\/?post_type=product&#038;p=33890"},"modified":"2026-03-14T20:19:19","modified_gmt":"2026-03-14T20:19:19","slug":"hagyma-rossa-di-firenze-org-sl","status":"publish","type":"product","link":"https:\/\/chilimag.hu\/webshop\/termek\/hagyma-rossa-di-firenze-org-sl\/","title":{"rendered":"Hagyma Rossa Di Firenze OW SL"},"content":{"rendered":"","protected":false},"excerpt":{"rendered":"<p><img decoding=\"async\" class=\"logo\" src=\"https:\/\/b2b.seklos.lt\/themes\/warehouse\/img\/logo_en.png\" alt=\"Agrofirma S\u0117klos, UAB\" \/><\/p>\n<p>HAGYMA ROSSA DI FIRENZE<br \/>\nK\u00f6z\u00e9pkorai fajta, 80 napos veget\u00e1ci\u00f3s peri\u00f3dussal. Levelei ropog\u00f3sak, s\u00f6t\u00e9tz\u00f6ldek, a sz\u00e1r kis ov\u00e1lis, r\u00f3zsasz\u00edn enyhe \u00edz\u0171 gy\u00f6k\u00e9rrel v\u00e9gz\u0151dik. Friss haszn\u00e1latra alkalmas, grillezve k\u00fcl\u00f6n\u00f6sen \u00edzletes. Ellen\u00e1ll az alacsony h\u0151m\u00e9rs\u00e9kletnek \u00e9s a huzatnak. A legjobban m\u0171velt homokos v\u00e1lyogban, k\u00f6nny\u0171 v\u00e1lyog talajban termeszthet\u0151.<\/p>\n<p>Magok sz\u00e1ma grammonk\u00e9nt 250<br \/>\nVet\u00e9sid\u0151 a talajban III-VI<br \/>\nVet\u00e9sid\u0151 \u00fcvegh\u00e1zban III-IV<br \/>\nT\u00e1vols\u00e1gok, 15&#215;10 cm<br \/>\nSz\u00fcret VI-VIII<br \/>\nTerm\u0151f\u00f6ld<br \/>\nORGANIC WAY m\u00e1rka<br \/>\nNapos hely Igen<br \/>\nSz\u00edn Z\u00f6ld<\/p>\n","protected":false},"featured_media":33891,"comment_status":"closed","ping_status":"closed","template":"","meta":[],"product_brand":[],"product_cat":[354],"product_tag":[],"class_list":{"0":"post-33890","1":"product","2":"type-product","3":"status-publish","4":"has-post-thumbnail","6":"product_cat-organic-way","8":"first","9":"instock","10":"taxable","11":"shipping-taxable","12":"purchasable","13":"product-type-simple"},"_links":{"self":[{"href":"https:\/\/chilimag.hu\/webshop\/wp-json\/wp\/v2\/product\/33890","targetHints":{"allow":["GET"]}}],"collection":[{"href":"https:\/\/chilimag.hu\/webshop\/wp-json\/wp\/v2\/product"}],"about":[{"href":"https:\/\/chilimag.hu\/webshop\/wp-json\/wp\/v2\/types\/product"}],"replies":[{"embeddable":true,"href":"https:\/\/chilimag.hu\/webshop\/wp-json\/wp\/v2\/comments?post=33890"}],"wp:featuredmedia":[{"embeddable":true,"href":"https:\/\/chilimag.hu\/webshop\/wp-json\/wp\/v2\/media\/33891"}],"wp:attachment":[{"href":"https:\/\/chilimag.hu\/webshop\/wp-json\/wp\/v2\/media?parent=33890"}],"wp:term":[{"taxonomy":"product_brand","embeddable":true,"href":"https:\/\/chilimag.hu\/webshop\/wp-json\/wp\/v2\/product_brand?post=33890"},{"taxonomy":"product_cat","embeddable":true,"href":"https:\/\/chilimag.hu\/webshop\/wp-json\/wp\/v2\/product_cat?post=33890"},{"taxonomy":"product_tag","embeddable":true,"href":"https:\/\/chilimag.hu\/webshop\/wp-json\/wp\/v2\/product_tag?post=33890"}],"curies":[{"name":"wp","href":"https:\/\/api.w.org\/{rel}","templated":true}]}}