{"id":33888,"date":"2024-11-28T19:57:14","date_gmt":"2024-11-28T19:57:14","guid":{"rendered":"https:\/\/chilimag.hu\/webshop\/?post_type=product&#038;p=33888"},"modified":"2026-02-27T10:38:32","modified_gmt":"2026-02-27T10:38:32","slug":"spenot-gigante-de-invierno-org-sl","status":"publish","type":"product","link":"https:\/\/chilimag.hu\/webshop\/termek\/spenot-gigante-de-invierno-org-sl\/","title":{"rendered":"Spen\u00f3t Gigante de Invierno OW SL"},"content":{"rendered":"","protected":false},"excerpt":{"rendered":"<p><img decoding=\"async\" class=\"logo\" src=\"https:\/\/b2b.seklos.lt\/themes\/warehouse\/img\/logo_en.png\" alt=\"Agrofirma S\u0117klos, UAB\" \/><\/p>\n<p>SPEN\u00d3T GIGANTE DE INVIERNO<br \/>\nB\u00e9bilev\u00e9l termeszt\u00e9s\u00e9re alkalmas k\u00f6z\u00e9pkorai fajta. A z\u00f6ld leveleket sal\u00e1t\u00e1khoz, zabk\u00e1sak\u00e1hoz, levesekhez haszn\u00e1lj\u00e1k, t\u00e9lre tart\u00f3s\u00edthatjuk. Kora tavasszal vetik, de ha h\u0151s\u00e9gben (ny\u00e1r k\u00f6zep\u00e9n) vetik, akkor a betakar\u00edt\u00e1s gy\u00e9r lesz. A spen\u00f3t korai betakar\u00edt\u00e1sa \u00e9rdek\u00e9ben \u0151sszel vetik.<\/p>\n<p>Magok sz\u00e1ma grammonk\u00e9nt 70-90<br \/>\nVet\u00e9sid\u0151 talajban VIII-IX<br \/>\nT\u00e1vols\u00e1gok, 15&#215;10 cm<br \/>\nSz\u00fcret IX-X<br \/>\nTerm\u0151f\u00f6ld, \u00fcvegh\u00e1zban<br \/>\nORGANIC WAY m\u00e1rka<br \/>\nNapos hely Igen<br \/>\nSz\u00edn Z\u00f6ld<\/p>\n","protected":false},"featured_media":33889,"comment_status":"closed","ping_status":"closed","template":"","meta":[],"product_brand":[],"product_cat":[354],"product_tag":[],"class_list":{"0":"post-33888","1":"product","2":"type-product","3":"status-publish","4":"has-post-thumbnail","6":"product_cat-organic-way","8":"first","9":"instock","10":"taxable","11":"shipping-taxable","12":"purchasable","13":"product-type-simple"},"_links":{"self":[{"href":"https:\/\/chilimag.hu\/webshop\/wp-json\/wp\/v2\/product\/33888","targetHints":{"allow":["GET"]}}],"collection":[{"href":"https:\/\/chilimag.hu\/webshop\/wp-json\/wp\/v2\/product"}],"about":[{"href":"https:\/\/chilimag.hu\/webshop\/wp-json\/wp\/v2\/types\/product"}],"replies":[{"embeddable":true,"href":"https:\/\/chilimag.hu\/webshop\/wp-json\/wp\/v2\/comments?post=33888"}],"wp:featuredmedia":[{"embeddable":true,"href":"https:\/\/chilimag.hu\/webshop\/wp-json\/wp\/v2\/media\/33889"}],"wp:attachment":[{"href":"https:\/\/chilimag.hu\/webshop\/wp-json\/wp\/v2\/media?parent=33888"}],"wp:term":[{"taxonomy":"product_brand","embeddable":true,"href":"https:\/\/chilimag.hu\/webshop\/wp-json\/wp\/v2\/product_brand?post=33888"},{"taxonomy":"product_cat","embeddable":true,"href":"https:\/\/chilimag.hu\/webshop\/wp-json\/wp\/v2\/product_cat?post=33888"},{"taxonomy":"product_tag","embeddable":true,"href":"https:\/\/chilimag.hu\/webshop\/wp-json\/wp\/v2\/product_tag?post=33888"}],"curies":[{"name":"wp","href":"https:\/\/api.w.org\/{rel}","templated":true}]}}