{"id":33875,"date":"2024-11-28T19:26:05","date_gmt":"2024-11-28T19:26:05","guid":{"rendered":"https:\/\/chilimag.hu\/webshop\/?post_type=product&#038;p=33875"},"modified":"2025-02-14T17:12:06","modified_gmt":"2025-02-14T17:12:06","slug":"gyerek-lombsepru-nelly-kelly-sl","status":"publish","type":"product","link":"https:\/\/chilimag.hu\/webshop\/termek\/gyerek-lombsepru-nelly-kelly-sl\/","title":{"rendered":"Nelly Jelly Gyerek lombsepr\u0171 SL"},"content":{"rendered":"","protected":false},"excerpt":{"rendered":"<p>A kerti sz\u00f6rnyeteg lev\u00e9lgereblye t\u00f6bb, mint eszk\u00f6z, csod\u00e1latos term\u00e9szetbe bevezet\u00e9s, amely v\u00e9gtelen kalandra invit\u00e1lja a gyerekeket. Tart\u00f3s m\u0171anyagb\u00f3l k\u00e9sz\u00fclt, k\u00f6nny\u0171 \u00e9s k\u00f6nnyen kezelhet\u0151 a kis kezekkel.<\/p>\n<p>SODOLENDAS X NELLY JELLY m\u00e1rka<\/p>\n","protected":false},"featured_media":33876,"comment_status":"closed","ping_status":"closed","template":"","meta":[],"product_brand":[],"product_cat":[421],"product_tag":[],"class_list":{"0":"post-33875","1":"product","2":"type-product","3":"status-publish","4":"has-post-thumbnail","6":"product_cat-gyerek-kerteszet","8":"first","9":"instock","10":"taxable","11":"shipping-taxable","12":"purchasable","13":"product-type-simple"},"_links":{"self":[{"href":"https:\/\/chilimag.hu\/webshop\/wp-json\/wp\/v2\/product\/33875","targetHints":{"allow":["GET"]}}],"collection":[{"href":"https:\/\/chilimag.hu\/webshop\/wp-json\/wp\/v2\/product"}],"about":[{"href":"https:\/\/chilimag.hu\/webshop\/wp-json\/wp\/v2\/types\/product"}],"replies":[{"embeddable":true,"href":"https:\/\/chilimag.hu\/webshop\/wp-json\/wp\/v2\/comments?post=33875"}],"wp:featuredmedia":[{"embeddable":true,"href":"https:\/\/chilimag.hu\/webshop\/wp-json\/wp\/v2\/media\/33876"}],"wp:attachment":[{"href":"https:\/\/chilimag.hu\/webshop\/wp-json\/wp\/v2\/media?parent=33875"}],"wp:term":[{"taxonomy":"product_brand","embeddable":true,"href":"https:\/\/chilimag.hu\/webshop\/wp-json\/wp\/v2\/product_brand?post=33875"},{"taxonomy":"product_cat","embeddable":true,"href":"https:\/\/chilimag.hu\/webshop\/wp-json\/wp\/v2\/product_cat?post=33875"},{"taxonomy":"product_tag","embeddable":true,"href":"https:\/\/chilimag.hu\/webshop\/wp-json\/wp\/v2\/product_tag?post=33875"}],"curies":[{"name":"wp","href":"https:\/\/api.w.org\/{rel}","templated":true}]}}