{"id":33866,"date":"2024-11-28T19:11:16","date_gmt":"2024-11-28T19:11:16","guid":{"rendered":"https:\/\/chilimag.hu\/webshop\/?post_type=product&#038;p=33866"},"modified":"2025-02-14T17:12:49","modified_gmt":"2025-02-14T17:12:49","slug":"gyerek-aso-nelly-jelly-sl","status":"publish","type":"product","link":"https:\/\/chilimag.hu\/webshop\/termek\/gyerek-aso-nelly-jelly-sl\/","title":{"rendered":"Nelly Jelly Gyerek \u00c1s\u00f3 SL"},"content":{"rendered":"","protected":false},"excerpt":{"rendered":"<p>A kerti \u00a0lap\u00e1t t\u00f6bb mint eszk\u00f6z, csod\u00e1latos term\u00e9szetbe bevezet\u00e9s, amely v\u00e9gtelen kalandra invit\u00e1lja a gyerekeket. Tart\u00f3s m\u0171anyagb\u00f3l k\u00e9sz\u00fclt, k\u00f6nny\u0171 \u00e9s k\u00f6nnyen kezelhet\u0151 a kis kezekkel.<\/p>\n<p>SODOLENDAS X NELLY JELLY m\u00e1rka<\/p>\n","protected":false},"featured_media":33867,"comment_status":"closed","ping_status":"closed","template":"","meta":[],"product_brand":[],"product_cat":[421],"product_tag":[],"class_list":{"0":"post-33866","1":"product","2":"type-product","3":"status-publish","4":"has-post-thumbnail","6":"product_cat-gyerek-kerteszet","8":"first","9":"instock","10":"taxable","11":"shipping-taxable","12":"purchasable","13":"product-type-simple"},"_links":{"self":[{"href":"https:\/\/chilimag.hu\/webshop\/wp-json\/wp\/v2\/product\/33866","targetHints":{"allow":["GET"]}}],"collection":[{"href":"https:\/\/chilimag.hu\/webshop\/wp-json\/wp\/v2\/product"}],"about":[{"href":"https:\/\/chilimag.hu\/webshop\/wp-json\/wp\/v2\/types\/product"}],"replies":[{"embeddable":true,"href":"https:\/\/chilimag.hu\/webshop\/wp-json\/wp\/v2\/comments?post=33866"}],"wp:featuredmedia":[{"embeddable":true,"href":"https:\/\/chilimag.hu\/webshop\/wp-json\/wp\/v2\/media\/33867"}],"wp:attachment":[{"href":"https:\/\/chilimag.hu\/webshop\/wp-json\/wp\/v2\/media?parent=33866"}],"wp:term":[{"taxonomy":"product_brand","embeddable":true,"href":"https:\/\/chilimag.hu\/webshop\/wp-json\/wp\/v2\/product_brand?post=33866"},{"taxonomy":"product_cat","embeddable":true,"href":"https:\/\/chilimag.hu\/webshop\/wp-json\/wp\/v2\/product_cat?post=33866"},{"taxonomy":"product_tag","embeddable":true,"href":"https:\/\/chilimag.hu\/webshop\/wp-json\/wp\/v2\/product_tag?post=33866"}],"curies":[{"name":"wp","href":"https:\/\/api.w.org\/{rel}","templated":true}]}}