{"id":33851,"date":"2024-11-27T19:33:09","date_gmt":"2024-11-27T19:33:09","guid":{"rendered":"https:\/\/chilimag.hu\/webshop\/?post_type=product&#038;p=33851"},"modified":"2025-09-03T21:24:00","modified_gmt":"2025-09-03T21:24:00","slug":"sutotok-valenciano-z-s-sl","status":"publish","type":"product","link":"https:\/\/chilimag.hu\/webshop\/termek\/sutotok-valenciano-z-s-sl\/","title":{"rendered":"S\u00fct\u0151t\u00f6k Valenciano Z.S SL"},"content":{"rendered":"","protected":false},"excerpt":{"rendered":"<p><img decoding=\"async\" class=\"logo\" src=\"https:\/\/b2b.seklos.lt\/themes\/warehouse\/img\/logo_en.png\" alt=\"Agrofirma S\u0117klos, UAB\" \/><\/p>\n<p>A veget\u00e1ci\u00f3s id\u0151szak 110 nap. Gy\u00fcm\u00f6lcse kerek, enyh\u00e9n lapos, bord\u00e1zott, s\u00falya 4-5 kg. H\u00e9ja feh\u00e9r, h\u00fasa narancss\u00e1rga. A s\u00fct\u0151t\u00f6k alkalmas p\u00e1rol\u00e1sra, s\u00fct\u00e9sre, valamint \u00e9des p\u00e9ks\u00fctem\u00e9nyek k\u00e9sz\u00edt\u00e9s\u00e9re. Lekv\u00e1rok, sz\u00f3szok, levesek k\u00e9sz\u00edt\u00e9s\u00e9re haszn\u00e1lj\u00e1k. Ez a fajta nem csak \u00e9tkez\u00e9sre alkalmas, hanem d\u00edsz\u00edt\u00e9sre is haszn\u00e1lhat\u00f3. A gy\u00fcm\u00f6lcs\u00f6k j\u00f3l eltartanak t\u00e9len.<\/p>\n<p>Mennyis\u00e9g egy csomagban 2 g<br \/>\nVet\u00e9sid\u0151 a talajban V-VI<br \/>\nA pal\u00e1nt\u00e1k vet\u00e9si ideje IV<br \/>\nTerm\u0151f\u00f6ld<br \/>\nM\u00e1rka \u017dalia stotel\u0117<br \/>\nNapos hely Igen<\/p>\n","protected":false},"featured_media":33852,"comment_status":"closed","ping_status":"closed","template":"","meta":[],"product_brand":[],"product_cat":[420],"product_tag":[],"class_list":{"0":"post-33851","1":"product","2":"type-product","3":"status-publish","4":"has-post-thumbnail","6":"product_cat-dinnye-es-tok-vetomagok-zalia-stotele","8":"first","9":"instock","10":"taxable","11":"shipping-taxable","12":"purchasable","13":"product-type-simple"},"_links":{"self":[{"href":"https:\/\/chilimag.hu\/webshop\/wp-json\/wp\/v2\/product\/33851","targetHints":{"allow":["GET"]}}],"collection":[{"href":"https:\/\/chilimag.hu\/webshop\/wp-json\/wp\/v2\/product"}],"about":[{"href":"https:\/\/chilimag.hu\/webshop\/wp-json\/wp\/v2\/types\/product"}],"replies":[{"embeddable":true,"href":"https:\/\/chilimag.hu\/webshop\/wp-json\/wp\/v2\/comments?post=33851"}],"wp:featuredmedia":[{"embeddable":true,"href":"https:\/\/chilimag.hu\/webshop\/wp-json\/wp\/v2\/media\/33852"}],"wp:attachment":[{"href":"https:\/\/chilimag.hu\/webshop\/wp-json\/wp\/v2\/media?parent=33851"}],"wp:term":[{"taxonomy":"product_brand","embeddable":true,"href":"https:\/\/chilimag.hu\/webshop\/wp-json\/wp\/v2\/product_brand?post=33851"},{"taxonomy":"product_cat","embeddable":true,"href":"https:\/\/chilimag.hu\/webshop\/wp-json\/wp\/v2\/product_cat?post=33851"},{"taxonomy":"product_tag","embeddable":true,"href":"https:\/\/chilimag.hu\/webshop\/wp-json\/wp\/v2\/product_tag?post=33851"}],"curies":[{"name":"wp","href":"https:\/\/api.w.org\/{rel}","templated":true}]}}