{"id":33849,"date":"2024-11-27T19:03:55","date_gmt":"2024-11-27T19:03:55","guid":{"rendered":"https:\/\/chilimag.hu\/webshop\/?post_type=product&#038;p=33849"},"modified":"2025-01-15T20:12:33","modified_gmt":"2025-01-15T20:12:33","slug":"oltott-mesz-vedo-reteg-gardex-sl","status":"publish","type":"product","link":"https:\/\/chilimag.hu\/webshop\/termek\/oltott-mesz-vedo-reteg-gardex-sl\/","title":{"rendered":"Oltott m\u00e9sz v\u00e9d\u0151 r\u00e9teg Gardex SL"},"content":{"rendered":"","protected":false},"excerpt":{"rendered":"<p>C\u00e9l. \u00c1sv\u00e1nyi anyag kever\u00e9k gy\u00fcm\u00f6lcsf\u00e1k \u00e9s gy\u00fcm\u00f6lcsbokrok megel\u0151z\u0151 \u00e1pol\u00e1s\u00e1ra.<\/p>\n<p>Hat\u00e1s. A h\u0151m\u00e9rs\u00e9klet-ingadoz\u00e1sok, k\u00fcl\u00f6n\u00f6sen a t\u00e9l m\u00e1sodik fel\u00e9ben, k\u00e1ros\u00edtj\u00e1k a t\u00f6rzs \u00e9s az \u00e1gk\u00e9reg sz\u00f6veteit. Ez k\u00e9s\u0151bb k\u00e9regreped\u00e9st \u00e9s sebk\u00e9pz\u0151d\u00e9st eredm\u00e9nyez. A k\u00e9reg feh\u00e9r\u00edt\u00e9se ut\u00e1n nem lesz t\u00fal forr\u00f3. Ez\u00e9rt a h\u0151m\u00e9rs\u00e9klet-ingadoz\u00e1sok hat\u00e1sa jelent\u0151sen cs\u00f6kken.<\/p>\n<p>Felhaszn\u00e1l\u00e1si m\u00f3d. Feh\u00e9r\u00edt\u00e9s el\u0151tt fektessen egy darab polietil\u00e9nt (sz\u00f6vetet) a f\u00f6ldre. Ezut\u00e1n f\u00e9mkef\u00e9vel vagy kapar\u00f3val alaposan t\u00e1vol\u00edtsa el a k\u00e9reg, a zuzm\u00f3k \u00e9s a moha szil\u00e1nkjait. Gy\u0171jtsd \u00f6ssze a f\u00f6ldre hullott szil\u00e1nkokat, \u00e9s \u00e9gesd el. Miut\u00e1n reped\u00e9seket \u00e9szlel a k\u00e9regben, h\u00fazza le a s\u00e9r\u00fclt k\u00e9rget, \u00e9s vigye fel Gardex olt\u00f3gitt a n\u00f6v\u00e9ny eg\u00e9szs\u00e9ges ter\u00fclet\u00e9re. A feh\u00e9r\u00edt\u0151szer haszn\u00e1latra k\u00e9sz. Haszn\u00e1lat el\u0151tt alaposan keverje fel. A term\u00e9k tartalm\u00e1nak 10%-\u00e1ig v\u00edzzel h\u00edg\u00edthat\u00f3. A feh\u00e9r\u00edt\u0151t ecsettel egyenletesen vigye fel a t\u00f6rzsre \u00e9s a nagyobb \u00e1gakra. Feh\u00e9r\u00edt\u0151szer kibocs\u00e1t\u00e1sa: 1-3 \u00f6reg gy\u00fcm\u00f6lcsbokor; 3-5 gy\u00fcm\u00f6lcsbokor vagy fiatal gy\u00fcm\u00f6lcsfa. A feh\u00e9r\u00edt\u0151szert sz\u00e1raz id\u0151ben \u00e9s fagymentes id\u0151ben kell haszn\u00e1lni. A legjobb id\u0151 a feh\u00e9r\u00edt\u00e9sre &#8211; k\u00e9s\u0151 \u0151sz pozit\u00edv leveg\u0151 h\u0151m\u00e9rs\u00e9kleten (&gt;+5oC). Ha nem siker\u00fclt \u0151sszel feh\u00e9r\u00edteni a gy\u00fcm\u00f6lcsf\u00e1kat, gy\u00fcm\u00f6lcsbokrokat, mindenk\u00e9ppen kora tavasszal (lehet\u0151s\u00e9g szerint m\u00e9g febru\u00e1r v\u00e9g\u00e9n) tegye meg. Ne feledje, m\u00e1r k\u00e9s\u0151 tavasz k\u00f6zep\u00e9n feh\u00e9r\u00edteni a n\u00f6v\u00e9nyeket, kiv\u00e9ve, ha a feh\u00e9r\u00edt\u00e9st sz\u00e9ps\u00e9g- \u00e9s rendezetts\u00e9gi okokb\u00f3l v\u00e9gezz\u00fck.<\/p>\n<p>\u00d6sszet\u00e9tel: Vizes sztirol-akril polimer diszperzi\u00f3kb\u00f3l, t\u00f6lt\u0151anyagokb\u00f3l, pigmentekb\u0151l \u00e9s technol\u00f3giai adal\u00e9kokb\u00f3l \u00e1ll\u00f3, v\u00edzzel h\u00edg\u00edthat\u00f3 kever\u00e9k.<\/p>\n<p>Legjobb: a gy\u00e1rt\u00e1st\u00f3l sz\u00e1m\u00edtott 18 h\u00f3napig. Ha a kever\u00e9k tulajdons\u00e1gai nem v\u00e1ltoztak, a term\u00e9k tov\u00e1bb haszn\u00e1lhat\u00f3.<\/p>\n<p>S\u00faly (nett\u00f3) \u2013 1 l\/1565 kg.<\/p>\n<p>Kiszerel\u00e9s csomagban 1,56 kg<br \/>\nGardex m\u00e1rka<br \/>\nC\u00e9l K\u00e1rtev\u0151-expoz\u00edci\u00f3 elleni v\u00e9dekez\u00e9si int\u00e9zked\u00e9s<br \/>\nKiszerel\u00e9s 1,56 KG<\/p>\n","protected":false},"featured_media":33850,"comment_status":"closed","ping_status":"closed","template":"","meta":[],"product_brand":[],"product_cat":[388,391],"product_tag":[],"class_list":{"0":"post-33849","1":"product","2":"type-product","3":"status-publish","4":"has-post-thumbnail","6":"product_cat-agronom-tapoldatok-es-noveny-apolok","7":"product_cat-egyeb-tapoldatok","9":"first","10":"instock","11":"taxable","12":"shipping-taxable","13":"purchasable","14":"product-type-simple"},"_links":{"self":[{"href":"https:\/\/chilimag.hu\/webshop\/wp-json\/wp\/v2\/product\/33849","targetHints":{"allow":["GET"]}}],"collection":[{"href":"https:\/\/chilimag.hu\/webshop\/wp-json\/wp\/v2\/product"}],"about":[{"href":"https:\/\/chilimag.hu\/webshop\/wp-json\/wp\/v2\/types\/product"}],"replies":[{"embeddable":true,"href":"https:\/\/chilimag.hu\/webshop\/wp-json\/wp\/v2\/comments?post=33849"}],"wp:featuredmedia":[{"embeddable":true,"href":"https:\/\/chilimag.hu\/webshop\/wp-json\/wp\/v2\/media\/33850"}],"wp:attachment":[{"href":"https:\/\/chilimag.hu\/webshop\/wp-json\/wp\/v2\/media?parent=33849"}],"wp:term":[{"taxonomy":"product_brand","embeddable":true,"href":"https:\/\/chilimag.hu\/webshop\/wp-json\/wp\/v2\/product_brand?post=33849"},{"taxonomy":"product_cat","embeddable":true,"href":"https:\/\/chilimag.hu\/webshop\/wp-json\/wp\/v2\/product_cat?post=33849"},{"taxonomy":"product_tag","embeddable":true,"href":"https:\/\/chilimag.hu\/webshop\/wp-json\/wp\/v2\/product_tag?post=33849"}],"curies":[{"name":"wp","href":"https:\/\/api.w.org\/{rel}","templated":true}]}}