{"id":33833,"date":"2024-11-26T11:56:34","date_gmt":"2024-11-26T11:56:34","guid":{"rendered":"https:\/\/chilimag.hu\/webshop\/?post_type=product&#038;p=33833"},"modified":"2026-02-25T18:41:35","modified_gmt":"2026-02-25T18:41:35","slug":"btr-scorpion","status":"publish","type":"product","link":"https:\/\/chilimag.hu\/webshop\/termek\/btr-scorpion\/","title":{"rendered":"BTR Scorpion"},"content":{"rendered":"","protected":false},"excerpt":{"rendered":"<p><img decoding=\"async\" src=\"https:\/\/chilimag.hu\/webshop\/wp-content\/uploads\/2014\/11\/chilimag-logo-2-150x150.jpg\" \/><\/p>\n<p>Le\u00edr\u00e1s<\/p>\n<p>A BTR Scorpion, m\u00e1s n\u00e9ven Butch T Reaper Scorpion, egy intenz\u00edv chilifajta, amely az Egyes\u00fclt \u00c1llamokb\u00f3l sz\u00e1rmazik. A neves termel\u0151, Butch Taylor fejlesztette ki, a Butch T Scorpion \u00e9s a Carolina Reaper hibridje, amely igaz\u00e1n kiv\u00e9teles rekken\u0151 h\u0151t hoz l\u00e9tre.<\/p>\n<p>A Capsicum Chinense csal\u00e1dhoz tartoz\u00f3 BTR Scorpion egy f\u00e9lelmetes chili, amely rendk\u00edv\u00fcli h\u0151s\u00e9g\u00e9r\u0151l \u00e9s a Butch T Scorpion \u00e9s a Carolina Reaper egyed\u00fcl\u00e1ll\u00f3 kombin\u00e1ci\u00f3j\u00e1r\u00f3l h\u00edres.<\/p>\n<p>A BTR Scorpion egy r\u00f6vid, elragad\u00f3 gy\u00fcm\u00f6lcs\u00f6s t\u00f3nust k\u00edn\u00e1l, miel\u0151tt szabadj\u00e1ra engedn\u00e9 a sz\u00e1jban uralkod\u00f3 k\u00f6ny\u00f6rtelen meleget. Az intenz\u00edv f\u0171szeress\u00e9g megnehez\u00edti m\u00e1s \u00edzek felismer\u00e9s\u00e9t.<\/p>\n<p>Gondoz\u00e1sa: A cs\u00edr\u00e1z\u00e1si h\u0151m\u00e9rs\u00e9klet 22\u00b0C \u00e9s 30\u00b0C k\u00f6z\u00f6tt van (cs\u00edr\u00e1z\u00e1si id\u0151: 6-20 nap); ez\u00e9rt \u00fcvegh\u00e1z \u00e9s f\u0171t\u0151sz\u0151nyeg haszn\u00e1lata javasolt. A n\u00f6v\u00e9nyeknek friss, j\u00f3l tr\u00e1gy\u00e1zott v\u00edz\u00e1tereszt\u0151 talajra van sz\u00fcks\u00e9g\u00fck, \u00e9s nem szabad \u00e1ll\u00f3v\u00edzben hagyni. Napos, v\u00e9dett helyre kell helyezni, ahol legal\u00e1bb napi 6 \u00f3ra napf\u00e9ny \u00e9ri, ha nem t\u00f6bb. K\u00f6r\u00fclbel\u00fcl 2-3 h\u00e9ttel az utols\u00f3 fagy ut\u00e1n helyezze ki a n\u00f6v\u00e9nyeket a szabadba.<\/p>\n<p>Capsicum chinense<\/p>\n<p>Scoville:1,000.000-1,500.000-<\/p>\n<p>A csomag 10 szem magot tartalmaz<\/p>\n<p>&nbsp;<\/p>\n<p>&nbsp;<\/p>\n","protected":false},"featured_media":33834,"comment_status":"closed","ping_status":"closed","template":"","meta":[],"product_brand":[],"product_cat":[8],"product_tag":[],"class_list":{"0":"post-33833","1":"product","2":"type-product","3":"status-publish","4":"has-post-thumbnail","6":"product_cat-paprika","8":"first","9":"outofstock","10":"taxable","11":"shipping-taxable","12":"purchasable","13":"product-type-simple"},"_links":{"self":[{"href":"https:\/\/chilimag.hu\/webshop\/wp-json\/wp\/v2\/product\/33833","targetHints":{"allow":["GET"]}}],"collection":[{"href":"https:\/\/chilimag.hu\/webshop\/wp-json\/wp\/v2\/product"}],"about":[{"href":"https:\/\/chilimag.hu\/webshop\/wp-json\/wp\/v2\/types\/product"}],"replies":[{"embeddable":true,"href":"https:\/\/chilimag.hu\/webshop\/wp-json\/wp\/v2\/comments?post=33833"}],"wp:featuredmedia":[{"embeddable":true,"href":"https:\/\/chilimag.hu\/webshop\/wp-json\/wp\/v2\/media\/33834"}],"wp:attachment":[{"href":"https:\/\/chilimag.hu\/webshop\/wp-json\/wp\/v2\/media?parent=33833"}],"wp:term":[{"taxonomy":"product_brand","embeddable":true,"href":"https:\/\/chilimag.hu\/webshop\/wp-json\/wp\/v2\/product_brand?post=33833"},{"taxonomy":"product_cat","embeddable":true,"href":"https:\/\/chilimag.hu\/webshop\/wp-json\/wp\/v2\/product_cat?post=33833"},{"taxonomy":"product_tag","embeddable":true,"href":"https:\/\/chilimag.hu\/webshop\/wp-json\/wp\/v2\/product_tag?post=33833"}],"curies":[{"name":"wp","href":"https:\/\/api.w.org\/{rel}","templated":true}]}}