{"id":33825,"date":"2024-11-26T08:45:45","date_gmt":"2024-11-26T08:45:45","guid":{"rendered":"https:\/\/chilimag.hu\/webshop\/?post_type=product&#038;p=33825"},"modified":"2025-08-11T09:43:12","modified_gmt":"2025-08-11T09:43:12","slug":"sugar-rush-stripey","status":"publish","type":"product","link":"https:\/\/chilimag.hu\/webshop\/termek\/sugar-rush-stripey\/","title":{"rendered":"Sugar rush Stripey"},"content":{"rendered":"","protected":false},"excerpt":{"rendered":"<p><img decoding=\"async\" src=\"https:\/\/chilimag.hu\/webshop\/wp-content\/uploads\/2014\/11\/chilimag-logo-2-150x150.jpg\" \/><\/p>\n<p>Le\u00edr\u00e1s<\/p>\n<p>A Sugar Rush Stripey, egy figyelemre m\u00e9lt\u00f3 chilipaprika, Chris Fowler egyes\u00fclt kir\u00e1lys\u00e1gbeli teny\u00e9szt\u00e9si er\u0151fesz\u00edt\u00e9seinek term\u00e9ke, a Sugar Rush Peach-b\u0151l sz\u00e1rmazik. A leny\u0171g\u00f6z\u0151 megjelen\u00e9s\u00e9r\u0151l h\u00edres fajta h\u00fcvelyei vil\u00e1goss\u00e1rg\u00e1r\u00f3l\/z\u00f6ldr\u0151l barack\/narancss\u00e1rg\u00e1ra v\u00e1ltoznak, \u00e9r\u00e9skor piros cs\u00edkokkal.A C. Baccatum fajhoz tartoz\u00f3 Sugar Rush Stripey sz\u00e1mos Aji fajt\u00e1hoz hasonl\u00f3 jellegzetes tulajdons\u00e1gokat mutat. Hossz\u00fak\u00e1s h\u00fcvelyei eleg\u00e1nsan elv\u00e9konyodnak, \u00e9s az eg\u00e9sz veget\u00e1ci\u00f3s id\u0151szakban tetszet\u0151s form\u00e1t mutatnak.<\/p>\n<p>\u00c1pol\u00e1s:A cs\u00edr\u00e1z\u00e1si h\u0151m\u00e9rs\u00e9klet 24 \u00e9s 30\u00b0C k\u00f6z\u00f6tt van (10-22 napos cs\u00edr\u00e1z\u00e1si id\u0151szak), ez\u00e9rt \u00fcvegh\u00e1z \u00e9s f\u0171t\u0151sz\u0151nyeg haszn\u00e1lata javasolt. A n\u00f6v\u00e9nyeknek friss, j\u00f3l tr\u00e1gy\u00e1zott, v\u00edz\u00e1tereszt\u0151 talajra van sz\u00fcks\u00e9g\u00fck, nem t\u0171rik a bevizesed\u00e9st. Napos, v\u00e9dett helyre \u00fcltess\u00fck, ahol legal\u00e1bb 6 \u00f3ra \u2013 lehet\u0151leg t\u00f6bb \u2013 napf\u00e9ny \u00e9ri. Mivel a n\u00f6v\u00e9nyeknek k\u00fcl\u00f6n\u00f6sen hossz\u00fa az \u00e9r\u00e9si ideje, \u00e9rdemes cser\u00e9pben termeszteni \u0151ket, \u00edgy a napk\u00f6zbeni h\u0151m\u00e9rs\u00e9klet 12\u00b0C al\u00e1 s\u00fcllyed\u00e9sekor k\u00f6nnyen be lehet vinni a n\u00f6v\u00e9nyt, \u00edgy minden gy\u00fcm\u00f6lcs be\u00e9rik. Ahhoz, hogy a n\u00f6v\u00e9nyt t\u00e9len is meg\u0151rizze, betakar\u00edt\u00e1s ut\u00e1n v\u00e1gja vissza 20 cm-rel, \u00e9s tegye vil\u00e1gos helyre, ahol legal\u00e1bb 15\u00b0C h\u0151m\u00e9rs\u00e9klet\u0171.<\/p>\n<p>Capsicum Baccatum<\/p>\n<p>Scoville:25.000-50.000-<\/p>\n<p>A csomag 10 szem magot tartalmaz<\/p>\n<p>&nbsp;<\/p>\n","protected":false},"featured_media":33826,"comment_status":"closed","ping_status":"closed","template":"","meta":[],"product_brand":[],"product_cat":[8],"product_tag":[],"class_list":{"0":"post-33825","1":"product","2":"type-product","3":"status-publish","4":"has-post-thumbnail","6":"product_cat-paprika","8":"first","9":"instock","10":"taxable","11":"shipping-taxable","12":"purchasable","13":"product-type-simple"},"_links":{"self":[{"href":"https:\/\/chilimag.hu\/webshop\/wp-json\/wp\/v2\/product\/33825","targetHints":{"allow":["GET"]}}],"collection":[{"href":"https:\/\/chilimag.hu\/webshop\/wp-json\/wp\/v2\/product"}],"about":[{"href":"https:\/\/chilimag.hu\/webshop\/wp-json\/wp\/v2\/types\/product"}],"replies":[{"embeddable":true,"href":"https:\/\/chilimag.hu\/webshop\/wp-json\/wp\/v2\/comments?post=33825"}],"wp:featuredmedia":[{"embeddable":true,"href":"https:\/\/chilimag.hu\/webshop\/wp-json\/wp\/v2\/media\/33826"}],"wp:attachment":[{"href":"https:\/\/chilimag.hu\/webshop\/wp-json\/wp\/v2\/media?parent=33825"}],"wp:term":[{"taxonomy":"product_brand","embeddable":true,"href":"https:\/\/chilimag.hu\/webshop\/wp-json\/wp\/v2\/product_brand?post=33825"},{"taxonomy":"product_cat","embeddable":true,"href":"https:\/\/chilimag.hu\/webshop\/wp-json\/wp\/v2\/product_cat?post=33825"},{"taxonomy":"product_tag","embeddable":true,"href":"https:\/\/chilimag.hu\/webshop\/wp-json\/wp\/v2\/product_tag?post=33825"}],"curies":[{"name":"wp","href":"https:\/\/api.w.org\/{rel}","templated":true}]}}