{"id":33823,"date":"2024-11-26T08:37:52","date_gmt":"2024-11-26T08:37:52","guid":{"rendered":"https:\/\/chilimag.hu\/webshop\/?post_type=product&#038;p=33823"},"modified":"2025-08-11T07:35:02","modified_gmt":"2025-08-11T07:35:02","slug":"aji-margariteno-yellow","status":"publish","type":"product","link":"https:\/\/chilimag.hu\/webshop\/termek\/aji-margariteno-yellow\/","title":{"rendered":"Aji Margariteno Yellow"},"content":{"rendered":"","protected":false},"excerpt":{"rendered":"<p><img decoding=\"async\" src=\"https:\/\/chilimag.hu\/webshop\/wp-content\/uploads\/2014\/11\/chilimag-logo-2-150x150.jpg\" \/><\/p>\n<p>Le\u00edr\u00e1s<\/p>\n<p>Az Aji Margariteno igazi ritkas\u00e1g, hiszen egy habanero alacsony h\u0151fokon! A gy\u00f6ny\u00f6r\u0171, nagy, horpadt h\u00fcvelyek, amelyek a vil\u00e1gosz\u00f6ldt\u0151l a s\u00e1rg\u00e1n \u00e1t a s\u00f6t\u00e9tnarancsig \u00e9rnek, a jellegzetes Capsicum chinense arom\u00e1t fejlesztik, de nagyon kev\u00e9s kapszaicint termelnek.Aji Margariteno (Capsicum chinense) \u2013 Az Aji Margariteno paprika Venezuel\u00e1b\u00f3l sz\u00e1rmazik. Kin\u00e9zetre hasonl\u00edt a venezuelai tigrishez, de sokkal nagyobb, \u00e9s megfelel\u0151 habanero h\u0151fokkal rendelkezik. Az Aji Margariten\u00f3t el\u0151sz\u00f6r a 2010-es \u00e9vek elej\u00e9n egy Lindberg nev\u0171 f\u00e9rfi aj\u00e1nlotta fel m\u00e1soknak, hogy termelj\u00e9k. Az Aji Margariteno paprika t\u00f6mege meghaladja a 40 grammot, de az \u00e1tlag 30 gramm feletti, ami egy Capsicum chinense fajn\u00e1l \u00f3ri\u00e1si. Az \u00edze nagyon gy\u00fcm\u00f6lcs\u00f6sen \u00e9des, a h\u00fasa vagy a h\u00e9ja pedig el\u00e9g vastag ahhoz, hogy megt\u00f6lts\u00fck.Remek sz\u00f3sz vagy f\u0171szerez\u00e9s is lesz bel\u0151l\u00fck. Az Aji Margariteno chili n\u00f6v\u00e9nyek 5 l\u00e1b magasra is megn\u0151hetnek, \u00e9s kar\u00f3z\u00e1st vagy t\u00e1mogat\u00e1st ig\u00e9nyelnek, \u00e9s rendk\u00edv\u00fcl term\u00e9kenyek.<\/p>\n<p>\u00c1pol\u00e1s:A cs\u00edr\u00e1z\u00e1si h\u0151m\u00e9rs\u00e9klet 24 \u00e9s 30\u00b0C k\u00f6z\u00f6tt van (10-22 napos cs\u00edr\u00e1z\u00e1si id\u0151szak), ez\u00e9rt \u00fcvegh\u00e1z \u00e9s f\u0171t\u0151sz\u0151nyeg haszn\u00e1lata javasolt. A n\u00f6v\u00e9nyeknek friss, j\u00f3l tr\u00e1gy\u00e1zott, v\u00edz\u00e1tereszt\u0151 talajra van sz\u00fcks\u00e9g\u00fck, nem t\u0171rik a bevizesed\u00e9st. Napos, v\u00e9dett helyre \u00fcltess\u00fck, ahol legal\u00e1bb 6 \u00f3ra \u2013 lehet\u0151leg t\u00f6bb \u2013 napf\u00e9ny \u00e9ri. Mivel a n\u00f6v\u00e9nyeknek k\u00fcl\u00f6n\u00f6sen hossz\u00fa az \u00e9r\u00e9si ideje, \u00e9rdemes cser\u00e9pben termeszteni \u0151ket, \u00edgy a napk\u00f6zbeni h\u0151m\u00e9rs\u00e9klet 12\u00b0C al\u00e1 s\u00fcllyed\u00e9sekor k\u00f6nnyen be lehet vinni a n\u00f6v\u00e9nyt, \u00edgy minden gy\u00fcm\u00f6lcs be\u00e9rik. Ahhoz, hogy a n\u00f6v\u00e9nyt t\u00e9len is meg\u0151rizze, betakar\u00edt\u00e1s ut\u00e1n v\u00e1gja vissza 20 cm-rel, \u00e9s tegye vil\u00e1gos helyre, ahol legal\u00e1bb 15\u00b0C h\u0151m\u00e9rs\u00e9klet\u0171.<\/p>\n<p>Capsicum chinense<\/p>\n<p>Scoville:500-2.000-<\/p>\n<p>Sz\u00e1rmaz\u00e1sa:Karib t\u00e9rs\u00e9g<\/p>\n<p>A csomag 10 szem magot tartalmaz<\/p>\n","protected":false},"featured_media":33824,"comment_status":"closed","ping_status":"closed","template":"","meta":[],"product_brand":[],"product_cat":[8],"product_tag":[],"class_list":{"0":"post-33823","1":"product","2":"type-product","3":"status-publish","4":"has-post-thumbnail","6":"product_cat-paprika","8":"first","9":"instock","10":"taxable","11":"shipping-taxable","12":"purchasable","13":"product-type-simple"},"_links":{"self":[{"href":"https:\/\/chilimag.hu\/webshop\/wp-json\/wp\/v2\/product\/33823","targetHints":{"allow":["GET"]}}],"collection":[{"href":"https:\/\/chilimag.hu\/webshop\/wp-json\/wp\/v2\/product"}],"about":[{"href":"https:\/\/chilimag.hu\/webshop\/wp-json\/wp\/v2\/types\/product"}],"replies":[{"embeddable":true,"href":"https:\/\/chilimag.hu\/webshop\/wp-json\/wp\/v2\/comments?post=33823"}],"wp:featuredmedia":[{"embeddable":true,"href":"https:\/\/chilimag.hu\/webshop\/wp-json\/wp\/v2\/media\/33824"}],"wp:attachment":[{"href":"https:\/\/chilimag.hu\/webshop\/wp-json\/wp\/v2\/media?parent=33823"}],"wp:term":[{"taxonomy":"product_brand","embeddable":true,"href":"https:\/\/chilimag.hu\/webshop\/wp-json\/wp\/v2\/product_brand?post=33823"},{"taxonomy":"product_cat","embeddable":true,"href":"https:\/\/chilimag.hu\/webshop\/wp-json\/wp\/v2\/product_cat?post=33823"},{"taxonomy":"product_tag","embeddable":true,"href":"https:\/\/chilimag.hu\/webshop\/wp-json\/wp\/v2\/product_tag?post=33823"}],"curies":[{"name":"wp","href":"https:\/\/api.w.org\/{rel}","templated":true}]}}