{"id":33733,"date":"2024-11-07T06:17:51","date_gmt":"2024-11-07T06:17:51","guid":{"rendered":"https:\/\/chilimag.hu\/webshop\/?post_type=product&#038;p=33733"},"modified":"2025-04-04T11:07:42","modified_gmt":"2025-04-04T11:07:42","slug":"szappanfu-organic-seeds-h","status":"publish","type":"product","link":"https:\/\/chilimag.hu\/webshop\/termek\/szappanfu-organic-seeds-h\/","title":{"rendered":"Szappanf\u0171 Organic seeds H"},"content":{"rendered":"","protected":false},"excerpt":{"rendered":"<p><img decoding=\"async\" src=\"https:\/\/chilimag.hu\/webshop\/wp-content\/uploads\/2024\/11\/Buzzy_Roll_Over-150x150.jpeg\" \/><\/p>\n<p>Botanikai n\u00e9v:\u00a0<span id=\"column_2_uc_product_details_ctl04_lbl_ff_desc2\" class=\"value\">Saponaria vaccaria\u00a0<\/span><\/p>\n<p><span id=\"column_2_uc_product_details_ctl04_lbl_ff_desc2\" class=\"value\">\u00a0&#8211; Pink Beauty<br \/>\nM\u00e1rciust\u00f3l \u00e1prilisig vetj\u00fck szapor\u00edt\u00f3g\u00e9pben, vagy \u00e1prilist\u00f3l m\u00e1jusig szabadon a kertben. Sz\u00fcks\u00e9g eset\u00e9n 5 cm-rel ritk\u00edtsuk. A Vaccaria hispanica l\u00e1gy r\u00f3zsasz\u00edn cs\u00e9sze alak\u00fa vir\u00e1gai v\u00e9kony vonallal rendelkeznek. K\u00f6nnyen termeszthet\u0151 n\u00f6v\u00e9ny, kiv\u00e1l\u00f3an alkalmas v\u00e1gott vir\u00e1gk\u00e9nt val\u00f3 haszn\u00e1latra.<\/span><\/p>\n<p>A csomag 0.5 gr magot tartalmaz<\/p>\n<p>&nbsp;<\/p>\n","protected":false},"featured_media":33734,"comment_status":"closed","ping_status":"closed","template":"","meta":[],"product_brand":[],"product_cat":[439,442],"product_tag":[],"class_list":{"0":"post-33733","1":"product","2":"type-product","3":"status-publish","4":"has-post-thumbnail","6":"product_cat-buzzy","7":"product_cat-micro-greens-organic-sprounting","9":"first","10":"instock","11":"taxable","12":"shipping-taxable","13":"purchasable","14":"product-type-simple"},"_links":{"self":[{"href":"https:\/\/chilimag.hu\/webshop\/wp-json\/wp\/v2\/product\/33733","targetHints":{"allow":["GET"]}}],"collection":[{"href":"https:\/\/chilimag.hu\/webshop\/wp-json\/wp\/v2\/product"}],"about":[{"href":"https:\/\/chilimag.hu\/webshop\/wp-json\/wp\/v2\/types\/product"}],"replies":[{"embeddable":true,"href":"https:\/\/chilimag.hu\/webshop\/wp-json\/wp\/v2\/comments?post=33733"}],"wp:featuredmedia":[{"embeddable":true,"href":"https:\/\/chilimag.hu\/webshop\/wp-json\/wp\/v2\/media\/33734"}],"wp:attachment":[{"href":"https:\/\/chilimag.hu\/webshop\/wp-json\/wp\/v2\/media?parent=33733"}],"wp:term":[{"taxonomy":"product_brand","embeddable":true,"href":"https:\/\/chilimag.hu\/webshop\/wp-json\/wp\/v2\/product_brand?post=33733"},{"taxonomy":"product_cat","embeddable":true,"href":"https:\/\/chilimag.hu\/webshop\/wp-json\/wp\/v2\/product_cat?post=33733"},{"taxonomy":"product_tag","embeddable":true,"href":"https:\/\/chilimag.hu\/webshop\/wp-json\/wp\/v2\/product_tag?post=33733"}],"curies":[{"name":"wp","href":"https:\/\/api.w.org\/{rel}","templated":true}]}}