{"id":33730,"date":"2024-11-07T06:11:36","date_gmt":"2024-11-07T06:11:36","guid":{"rendered":"https:\/\/chilimag.hu\/webshop\/?post_type=product&#038;p=33730"},"modified":"2025-02-02T23:44:06","modified_gmt":"2025-02-02T23:44:06","slug":"paradicsom-ormato-organic-seeds-h","status":"publish","type":"product","link":"https:\/\/chilimag.hu\/webshop\/termek\/paradicsom-ormato-organic-seeds-h\/","title":{"rendered":"Paradicsom Ormato Organic seeds H"},"content":{"rendered":"","protected":false},"excerpt":{"rendered":"<p><img decoding=\"async\" src=\"https:\/\/chilimag.hu\/webshop\/wp-content\/uploads\/2024\/11\/Buzzy_Roll_Over-150x150.jpeg\" \/><\/p>\n<p>Snack Paradicsom &#8211; Ormato<br \/>\nEz a narancss\u00e1rga snack paradicsom nagyon produkt\u00edv, \u00e9s finom \u00e9des snack paradicsomot k\u00e9sz\u00edt. Vets\u00fck vet\u0151t\u00e1lc\u00e1ba 20\u00b0C-on febru\u00e1r v\u00e9g\u00e9n, vagy a szabadba, \u00fcveg al\u00e1 febru\u00e1r ut\u00e1n. Kisz\u00far\u00e1s ut\u00e1n \u00fcltess\u00fck \u00e1t \u00fcvegh\u00e1zba vagy cser\u00e9pbe. A paradicsomot szabadba, v\u00e9dett, napos helyre is \u00fcltethetj\u00fck! Rendszeresen t\u00e1vol\u00edtsuk el az oldalhajt\u00e1sokat!<\/p>\n<p>A csomag 6 szem magot tartalmaz<\/p>\n<p>&nbsp;<\/p>\n","protected":false},"featured_media":33731,"comment_status":"closed","ping_status":"closed","template":"","meta":[],"product_brand":[],"product_cat":[439,442],"product_tag":[],"class_list":{"0":"post-33730","1":"product","2":"type-product","3":"status-publish","4":"has-post-thumbnail","6":"product_cat-buzzy","7":"product_cat-micro-greens-organic-sprounting","9":"first","10":"instock","11":"taxable","12":"shipping-taxable","13":"purchasable","14":"product-type-simple"},"_links":{"self":[{"href":"https:\/\/chilimag.hu\/webshop\/wp-json\/wp\/v2\/product\/33730","targetHints":{"allow":["GET"]}}],"collection":[{"href":"https:\/\/chilimag.hu\/webshop\/wp-json\/wp\/v2\/product"}],"about":[{"href":"https:\/\/chilimag.hu\/webshop\/wp-json\/wp\/v2\/types\/product"}],"replies":[{"embeddable":true,"href":"https:\/\/chilimag.hu\/webshop\/wp-json\/wp\/v2\/comments?post=33730"}],"wp:featuredmedia":[{"embeddable":true,"href":"https:\/\/chilimag.hu\/webshop\/wp-json\/wp\/v2\/media\/33731"}],"wp:attachment":[{"href":"https:\/\/chilimag.hu\/webshop\/wp-json\/wp\/v2\/media?parent=33730"}],"wp:term":[{"taxonomy":"product_brand","embeddable":true,"href":"https:\/\/chilimag.hu\/webshop\/wp-json\/wp\/v2\/product_brand?post=33730"},{"taxonomy":"product_cat","embeddable":true,"href":"https:\/\/chilimag.hu\/webshop\/wp-json\/wp\/v2\/product_cat?post=33730"},{"taxonomy":"product_tag","embeddable":true,"href":"https:\/\/chilimag.hu\/webshop\/wp-json\/wp\/v2\/product_tag?post=33730"}],"curies":[{"name":"wp","href":"https:\/\/api.w.org\/{rel}","templated":true}]}}