{"id":33712,"date":"2024-11-06T18:58:51","date_gmt":"2024-11-06T18:58:51","guid":{"rendered":"https:\/\/chilimag.hu\/webshop\/?post_type=product&#038;p=33712"},"modified":"2025-12-08T10:08:02","modified_gmt":"2025-12-08T10:08:02","slug":"aloe-mix-house-plants-h","status":"publish","type":"product","link":"https:\/\/chilimag.hu\/webshop\/termek\/aloe-mix-house-plants-h\/","title":{"rendered":"Aloe mix House Plants H"},"content":{"rendered":"","protected":false},"excerpt":{"rendered":"<p><img decoding=\"async\" src=\"https:\/\/chilimag.hu\/webshop\/wp-content\/uploads\/2024\/11\/Buzzy_Roll_Over-150x150.jpeg\" \/><\/p>\n<p>Aloe &#8211; Kever\u00e9k<br \/>\nBelt\u00e9rben eg\u00e9sz \u00e9vben termeszthet\u0151 kb. 20\u00b0C, magt\u00e1lc\u00e1ban. Sz\u00farjuk ki ed\u00e9nyekbe. A lehet\u0151 legv\u00e9konyabbra vetve a n\u00f6v\u00e9nyeket k\u00f6nny\u0171 kezelni, a ki\u00fcltet\u00e9s pedig egyszer\u0171.<br \/>\nK\u00f6nnyen gondozhat\u00f3 divatos n\u00f6v\u00e9ny.<\/p>\n<p>&nbsp;<\/p>\n","protected":false},"featured_media":33713,"comment_status":"closed","ping_status":"closed","template":"","meta":[],"product_brand":[],"product_cat":[445],"product_tag":[],"class_list":{"0":"post-33712","1":"product","2":"type-product","3":"status-publish","4":"has-post-thumbnail","6":"product_cat-native-flowers-house-plants","8":"first","9":"instock","10":"taxable","11":"shipping-taxable","12":"purchasable","13":"product-type-simple"},"_links":{"self":[{"href":"https:\/\/chilimag.hu\/webshop\/wp-json\/wp\/v2\/product\/33712","targetHints":{"allow":["GET"]}}],"collection":[{"href":"https:\/\/chilimag.hu\/webshop\/wp-json\/wp\/v2\/product"}],"about":[{"href":"https:\/\/chilimag.hu\/webshop\/wp-json\/wp\/v2\/types\/product"}],"replies":[{"embeddable":true,"href":"https:\/\/chilimag.hu\/webshop\/wp-json\/wp\/v2\/comments?post=33712"}],"wp:featuredmedia":[{"embeddable":true,"href":"https:\/\/chilimag.hu\/webshop\/wp-json\/wp\/v2\/media\/33713"}],"wp:attachment":[{"href":"https:\/\/chilimag.hu\/webshop\/wp-json\/wp\/v2\/media?parent=33712"}],"wp:term":[{"taxonomy":"product_brand","embeddable":true,"href":"https:\/\/chilimag.hu\/webshop\/wp-json\/wp\/v2\/product_brand?post=33712"},{"taxonomy":"product_cat","embeddable":true,"href":"https:\/\/chilimag.hu\/webshop\/wp-json\/wp\/v2\/product_cat?post=33712"},{"taxonomy":"product_tag","embeddable":true,"href":"https:\/\/chilimag.hu\/webshop\/wp-json\/wp\/v2\/product_tag?post=33712"}],"curies":[{"name":"wp","href":"https:\/\/api.w.org\/{rel}","templated":true}]}}