{"id":33709,"date":"2024-11-06T18:37:11","date_gmt":"2024-11-06T18:37:11","guid":{"rendered":"https:\/\/chilimag.hu\/webshop\/?post_type=product&#038;p=33709"},"modified":"2025-08-30T16:30:29","modified_gmt":"2025-08-30T16:30:29","slug":"japanfu-new-hybrids-ornamental-grasses-h","status":"publish","type":"product","link":"https:\/\/chilimag.hu\/webshop\/termek\/japanfu-new-hybrids-ornamental-grasses-h\/","title":{"rendered":"Jap\u00e1nf\u0171 New Hybrids Ornamental Grasses H"},"content":{"rendered":"","protected":false},"excerpt":{"rendered":"<p><img decoding=\"async\" src=\"https:\/\/chilimag.hu\/webshop\/wp-content\/uploads\/2024\/11\/Buzzy_Roll_Over-150x150.jpeg\" \/><\/p>\n<p>Botanikai n\u00e9v:\u00a0<span id=\"column_2_uc_product_details_ctl04_lbl_ff_desc2\" class=\"value\">Miscanthus sinensis\u00a0<\/span><\/p>\n<p><span id=\"column_2_uc_product_details_ctl04_lbl_ff_desc2\" class=\"value\">K\u00ednai ez\u00fcstf\u0171 \u2013 \u00faj hibridek<br \/>\nKecses, n\u00e1dszer\u0171 sz\u00e1rak \u00e9s er\u0151sen tollas sz\u00e1rak, ide\u00e1lisak s\u00f6v\u00e9nyek vagy tavak telep\u00edt\u00e9s\u00e9hez.<br \/>\nM\u00e1rcius v\u00e9g\u00e9t\u0151l 15-20 C\u00b0-os termeszt\u0151dobozba, vagy k\u00e9s\u0151bb az \u00e9v folyam\u00e1n szabadon, mag\u00e1gyba vetni. Enyh\u00e9n takarja le, \u00e9s ne hagyja, hogy a talaj kisz\u00e1radjon. Kis csoportokban sz\u00farjuk ki a n\u00f6v\u00e9nyeket, amint a pal\u00e1nt\u00e1k megfelel\u0151 gy\u00f6keret fejlesztenek. \u00dcltesse \u0151ket nagyobb cser\u00e9pbe (min. \u00f8 70 cm) vagy k\u00f6zvetlen\u00fcl a rendeltet\u00e9si hely\u00fckre. A f\u00fcvek szeretik a j\u00f3 v\u00edzelvezet\u00e9s\u0171 talajt; elker\u00fclje, hogy t\u00e9len t\u00fal nedves legyen.<\/span><\/p>\n<p>&nbsp;<\/p>\n","protected":false},"featured_media":33710,"comment_status":"closed","ping_status":"closed","template":"","meta":[],"product_brand":[],"product_cat":[441],"product_tag":[],"class_list":{"0":"post-33709","1":"product","2":"type-product","3":"status-publish","4":"has-post-thumbnail","6":"product_cat-ornamental-collection-grasses","8":"first","9":"instock","10":"taxable","11":"shipping-taxable","12":"purchasable","13":"product-type-simple"},"_links":{"self":[{"href":"https:\/\/chilimag.hu\/webshop\/wp-json\/wp\/v2\/product\/33709","targetHints":{"allow":["GET"]}}],"collection":[{"href":"https:\/\/chilimag.hu\/webshop\/wp-json\/wp\/v2\/product"}],"about":[{"href":"https:\/\/chilimag.hu\/webshop\/wp-json\/wp\/v2\/types\/product"}],"replies":[{"embeddable":true,"href":"https:\/\/chilimag.hu\/webshop\/wp-json\/wp\/v2\/comments?post=33709"}],"wp:featuredmedia":[{"embeddable":true,"href":"https:\/\/chilimag.hu\/webshop\/wp-json\/wp\/v2\/media\/33710"}],"wp:attachment":[{"href":"https:\/\/chilimag.hu\/webshop\/wp-json\/wp\/v2\/media?parent=33709"}],"wp:term":[{"taxonomy":"product_brand","embeddable":true,"href":"https:\/\/chilimag.hu\/webshop\/wp-json\/wp\/v2\/product_brand?post=33709"},{"taxonomy":"product_cat","embeddable":true,"href":"https:\/\/chilimag.hu\/webshop\/wp-json\/wp\/v2\/product_cat?post=33709"},{"taxonomy":"product_tag","embeddable":true,"href":"https:\/\/chilimag.hu\/webshop\/wp-json\/wp\/v2\/product_tag?post=33709"}],"curies":[{"name":"wp","href":"https:\/\/api.w.org\/{rel}","templated":true}]}}