{"id":33682,"date":"2024-11-04T20:05:04","date_gmt":"2024-11-04T20:05:04","guid":{"rendered":"https:\/\/chilimag.hu\/webshop\/?post_type=product&#038;p=33682"},"modified":"2026-02-24T18:05:18","modified_gmt":"2026-02-24T18:05:18","slug":"lopotok-birdhouse-bottle-ornamental-collection-h","status":"publish","type":"product","link":"https:\/\/chilimag.hu\/webshop\/termek\/lopotok-birdhouse-bottle-ornamental-collection-h\/","title":{"rendered":"Lop\u00f3t\u00f6k Birdhouse Bottle Ornamental Collection H"},"content":{"rendered":"","protected":false},"excerpt":{"rendered":"<p><img decoding=\"async\" src=\"https:\/\/chilimag.hu\/webshop\/wp-content\/uploads\/2024\/11\/Buzzy_Roll_Over-150x150.jpeg\" \/><\/p>\n<p>Botanikai n\u00e9v:\u00a0<span id=\"column_2_uc_product_details_ctl04_lbl_ff_desc2\" class=\"value\">Lagenaria sicerari<\/span><\/p>\n<p><span id=\"column_2_uc_product_details_ctl04_lbl_ff_desc2\" class=\"value\">T\u00f6k &#8211; Mad\u00e1rh\u00e1z<br \/>\nTavasz k\u00f6zep\u00e9t\u0151l ny\u00e1r elej\u00e9ig ny\u00edlt terepen, mag\u00e1gyban. J\u00f3l tr\u00e1gy\u00e1zott talajba \u00fcltess\u00fck. Csak fiatal gy\u00fcm\u00f6lcs\u00f6k betakar\u00edt\u00e1sakor ehet\u0151!<br \/>\nVil\u00e1gosz\u00f6ld t\u00f6k lekerek\u00edtett nyakkal, nagy izz\u00f3kkal, kiv\u00e1l\u00f3an alkalmas minden t\u00edpus\u00fa mad\u00e1rh\u00e1z k\u00e9sz\u00edt\u00e9s\u00e9re, tart\u00f3s palackokhoz is. \u00dagy t\u0171nik, ez a k\u00e9zm\u0171ves egyik kedvence.<\/span><\/p>\n<p>A csomag 2,5 gr magot tartalmaz<\/p>\n<p>&nbsp;<\/p>\n","protected":false},"featured_media":33683,"comment_status":"closed","ping_status":"closed","template":"","meta":[],"product_brand":[],"product_cat":[441],"product_tag":[],"class_list":{"0":"post-33682","1":"product","2":"type-product","3":"status-publish","4":"has-post-thumbnail","6":"product_cat-ornamental-collection-grasses","8":"first","9":"instock","10":"taxable","11":"shipping-taxable","12":"purchasable","13":"product-type-simple"},"_links":{"self":[{"href":"https:\/\/chilimag.hu\/webshop\/wp-json\/wp\/v2\/product\/33682","targetHints":{"allow":["GET"]}}],"collection":[{"href":"https:\/\/chilimag.hu\/webshop\/wp-json\/wp\/v2\/product"}],"about":[{"href":"https:\/\/chilimag.hu\/webshop\/wp-json\/wp\/v2\/types\/product"}],"replies":[{"embeddable":true,"href":"https:\/\/chilimag.hu\/webshop\/wp-json\/wp\/v2\/comments?post=33682"}],"wp:featuredmedia":[{"embeddable":true,"href":"https:\/\/chilimag.hu\/webshop\/wp-json\/wp\/v2\/media\/33683"}],"wp:attachment":[{"href":"https:\/\/chilimag.hu\/webshop\/wp-json\/wp\/v2\/media?parent=33682"}],"wp:term":[{"taxonomy":"product_brand","embeddable":true,"href":"https:\/\/chilimag.hu\/webshop\/wp-json\/wp\/v2\/product_brand?post=33682"},{"taxonomy":"product_cat","embeddable":true,"href":"https:\/\/chilimag.hu\/webshop\/wp-json\/wp\/v2\/product_cat?post=33682"},{"taxonomy":"product_tag","embeddable":true,"href":"https:\/\/chilimag.hu\/webshop\/wp-json\/wp\/v2\/product_tag?post=33682"}],"curies":[{"name":"wp","href":"https:\/\/api.w.org\/{rel}","templated":true}]}}