{"id":33679,"date":"2024-11-04T19:56:17","date_gmt":"2024-11-04T19:56:17","guid":{"rendered":"https:\/\/chilimag.hu\/webshop\/?post_type=product&#038;p=33679"},"modified":"2026-01-28T20:56:22","modified_gmt":"2026-01-28T20:56:22","slug":"sutotok-waltham-butternut-ornamental-collection-h","status":"publish","type":"product","link":"https:\/\/chilimag.hu\/webshop\/termek\/sutotok-waltham-butternut-ornamental-collection-h\/","title":{"rendered":"S\u00fct\u0151t\u00f6k Waltham Butternut Ornamental Collection H"},"content":{"rendered":"","protected":false},"excerpt":{"rendered":"<p><img decoding=\"async\" src=\"https:\/\/chilimag.hu\/webshop\/wp-content\/uploads\/2024\/11\/Buzzy_Roll_Over-150x150.jpeg\" \/><\/p>\n<p>Botanikai n\u00e9v:\u00a0<span id=\"column_2_uc_product_details_ctl04_lbl_ff_desc2\" class=\"value\">Cucurbita moschat<\/span><\/p>\n<p><span id=\"column_2_uc_product_details_ctl04_lbl_ff_desc2\" class=\"value\">T\u00f6k \u2013 Waltham Butternut<br \/>\nTavasz k\u00f6zep\u00e9t\u0151l ny\u00e1r elej\u00e9ig ny\u00edlt terepen, mag\u00e1gyban. J\u00f3l tr\u00e1gy\u00e1zott talajba \u00fcltess\u00fck.<br \/>\nMogyor\u00f3 alak\u00fa t\u00f6k \u00e9des narancss\u00e1rga h\u00fassal. Gazdag t\u00f6k \u00edz s\u00fct\u00e9shez vagy cefr\u00e9z\u00e9shez. \u00cdzletes kock\u00e1ra v\u00e1gva \u00e9s p\u00f6rk\u00f6ltekhez adva meleg \u00edz\u0171 f\u0171szerekkel, mint p\u00e9ld\u00e1ul szegf\u0171szeg, kardamom, curry, k\u00f6m\u00e9ny, cayenne \u00e9s paprika.<\/span><\/p>\n<p>A csomag 1,5 gr magot tartalmaz<\/p>\n<p>&nbsp;<\/p>\n","protected":false},"featured_media":33680,"comment_status":"closed","ping_status":"closed","template":"","meta":[],"product_brand":[],"product_cat":[441],"product_tag":[],"class_list":{"0":"post-33679","1":"product","2":"type-product","3":"status-publish","4":"has-post-thumbnail","6":"product_cat-ornamental-collection-grasses","8":"first","9":"instock","10":"taxable","11":"shipping-taxable","12":"purchasable","13":"product-type-simple"},"_links":{"self":[{"href":"https:\/\/chilimag.hu\/webshop\/wp-json\/wp\/v2\/product\/33679","targetHints":{"allow":["GET"]}}],"collection":[{"href":"https:\/\/chilimag.hu\/webshop\/wp-json\/wp\/v2\/product"}],"about":[{"href":"https:\/\/chilimag.hu\/webshop\/wp-json\/wp\/v2\/types\/product"}],"replies":[{"embeddable":true,"href":"https:\/\/chilimag.hu\/webshop\/wp-json\/wp\/v2\/comments?post=33679"}],"wp:featuredmedia":[{"embeddable":true,"href":"https:\/\/chilimag.hu\/webshop\/wp-json\/wp\/v2\/media\/33680"}],"wp:attachment":[{"href":"https:\/\/chilimag.hu\/webshop\/wp-json\/wp\/v2\/media?parent=33679"}],"wp:term":[{"taxonomy":"product_brand","embeddable":true,"href":"https:\/\/chilimag.hu\/webshop\/wp-json\/wp\/v2\/product_brand?post=33679"},{"taxonomy":"product_cat","embeddable":true,"href":"https:\/\/chilimag.hu\/webshop\/wp-json\/wp\/v2\/product_cat?post=33679"},{"taxonomy":"product_tag","embeddable":true,"href":"https:\/\/chilimag.hu\/webshop\/wp-json\/wp\/v2\/product_tag?post=33679"}],"curies":[{"name":"wp","href":"https:\/\/api.w.org\/{rel}","templated":true}]}}