{"id":33551,"date":"2024-10-03T15:55:25","date_gmt":"2024-10-03T15:55:25","guid":{"rendered":"https:\/\/chilimag.hu\/webshop\/?post_type=product&#038;p=33551"},"modified":"2025-08-31T18:14:40","modified_gmt":"2025-08-31T18:14:40","slug":"petunia-grand-ez-rider-deep-pink-z-s-sl","status":"publish","type":"product","link":"https:\/\/chilimag.hu\/webshop\/termek\/petunia-grand-ez-rider-deep-pink-z-s-sl\/","title":{"rendered":"Pet\u00fania Grand Ez Rider Deep Pink Z.S SL"},"content":{"rendered":"","protected":false},"excerpt":{"rendered":"<p><img decoding=\"async\" class=\"active-logo\" src=\"https:\/\/b2b.seklos.lt\/themes\/warehouse\/img\/logo_en.png\" alt=\"Agrofirma S\u0117klos, UAB\" width=\"280\" height=\"95\" \/><\/p>\n<p>Egyny\u00e1ri 20-35 cm magas vir\u00e1gok. A vir\u00e1gok \u00e1tm\u00e9r\u0151je 9-10 cm. B\u0151s\u00e9gesen \u00e9s hossz\u00fa ideig vir\u00e1gzik. Vir\u00e1goskertekben, erk\u00e9lyeken termesztik. A magvak 17-20 napon bel\u00fcl kicsiben cs\u00edr\u00e1znak, +18-20 \u00b0C h\u0151m\u00e9rs\u00e9kleten. A pal\u00e1nt\u00e1kat kisz\u00farj\u00e1k.<br \/>\nA magokat szerves \u00e9s \u00e1sv\u00e1nyi m\u0171tr\u00e1gy\u00e1k j\u00f3l tapad\u00f3 kever\u00e9k\u00e9vel vonj\u00e1k be. Cs\u00edr\u00e1z\u00e1skor ne takarjuk be aljzattal, csak enyh\u00e9n nyomjuk bele a talaj felsz\u00edn\u00e9be. A magvak cs\u00edr\u00e1ztat\u00e1s\u00e1hoz a talajnak folyamatosan nedvesnek kell lennie.<br \/>\nHermetikus csomagol\u00e1s Igen<br \/>\nMagok sz\u00e1ma a csomagban, 20 db.<br \/>\nT\u00e1vols\u00e1gok, 20&#215;20 cm<br \/>\nVir\u00e1gz\u00e1s VI-IX<br \/>\nTermeszt\u00e9si hely Erk\u00e9ly<br \/>\nM\u00e1rka \u017dalia stotel\u0117<br \/>\nTranszplant\u00e1ci\u00f3 V-VI<br \/>\nNapos hely Igen<br \/>\nProfesszion\u00e1lis haszn\u00e1latra alkalmas Igen<br \/>\nSz\u00edn Pink<br \/>\nVeget\u00e1ci\u00f3 egyny\u00e1ri<br \/>\nErk\u00e9lyek, vir\u00e1g\u00e1gy\u00e1sok termeszt\u00e9s\u00e9re alkalmas<br \/>\nNapos \u00e9ghajlat<\/p>\n","protected":false},"featured_media":33552,"comment_status":"closed","ping_status":"closed","template":"","meta":[],"product_brand":[],"product_cat":[363],"product_tag":[],"class_list":{"0":"post-33551","1":"product","2":"type-product","3":"status-publish","4":"has-post-thumbnail","6":"product_cat-virag-vetomagok-zalia-stotele","8":"first","9":"instock","10":"taxable","11":"shipping-taxable","12":"purchasable","13":"product-type-simple"},"_links":{"self":[{"href":"https:\/\/chilimag.hu\/webshop\/wp-json\/wp\/v2\/product\/33551","targetHints":{"allow":["GET"]}}],"collection":[{"href":"https:\/\/chilimag.hu\/webshop\/wp-json\/wp\/v2\/product"}],"about":[{"href":"https:\/\/chilimag.hu\/webshop\/wp-json\/wp\/v2\/types\/product"}],"replies":[{"embeddable":true,"href":"https:\/\/chilimag.hu\/webshop\/wp-json\/wp\/v2\/comments?post=33551"}],"wp:featuredmedia":[{"embeddable":true,"href":"https:\/\/chilimag.hu\/webshop\/wp-json\/wp\/v2\/media\/33552"}],"wp:attachment":[{"href":"https:\/\/chilimag.hu\/webshop\/wp-json\/wp\/v2\/media?parent=33551"}],"wp:term":[{"taxonomy":"product_brand","embeddable":true,"href":"https:\/\/chilimag.hu\/webshop\/wp-json\/wp\/v2\/product_brand?post=33551"},{"taxonomy":"product_cat","embeddable":true,"href":"https:\/\/chilimag.hu\/webshop\/wp-json\/wp\/v2\/product_cat?post=33551"},{"taxonomy":"product_tag","embeddable":true,"href":"https:\/\/chilimag.hu\/webshop\/wp-json\/wp\/v2\/product_tag?post=33551"}],"curies":[{"name":"wp","href":"https:\/\/api.w.org\/{rel}","templated":true}]}}