{"id":33538,"date":"2024-09-30T19:20:58","date_gmt":"2024-09-30T19:20:58","guid":{"rendered":"https:\/\/chilimag.hu\/webshop\/?post_type=product&#038;p=33538"},"modified":"2026-05-05T14:15:42","modified_gmt":"2026-05-05T14:15:42","slug":"rozmaring-agr-sl","status":"publish","type":"product","link":"https:\/\/chilimag.hu\/webshop\/termek\/rozmaring-agr-sl\/","title":{"rendered":"Rozmaring AGR SL"},"content":{"rendered":"","protected":false},"excerpt":{"rendered":"<p><img decoding=\"async\" class=\"active-logo\" src=\"https:\/\/b2b.seklos.lt\/themes\/warehouse\/img\/logo_en.png\" alt=\"Agrofirma S\u0117klos, UAB\" width=\"280\" height=\"95\" \/><\/p>\n<p>ROZMARING<br \/>\n\u00c9vel\u0151 gy\u00f3gyn\u00f6v\u00e9ny, nektariferikus, 50 cm magas, dekorat\u00edv f\u0171szern\u00f6v\u00e9nyek. J\u00f3 levesekhez, tengeri \u00e9telekhez, csirk\u00e9hez, vadhoz, t\u00far\u00f3s \u00e9telekhez, te\u00e1khoz. Kont\u00e9nerben, \u00fcltet\u0151ben, t\u00e9len ablakp\u00e1rk\u00e1nyra \u00fcltetve termeszthet\u0151.<\/p>\n<p>Magok sz\u00e1ma grammonk\u00e9nt ~800<br \/>\nA pal\u00e1nt\u00e1k vet\u00e9si ideje III-IV<br \/>\nT\u00e1vols\u00e1gok, 30&#215;30 cm<br \/>\nSz\u00fcret IV-IX<br \/>\nAGRONOM m\u00e1rka<br \/>\nNapos hely Igen<br \/>\n\u00c9vel\u0151 Igen<\/p>\n","protected":false},"featured_media":33540,"comment_status":"closed","ping_status":"closed","template":"","meta":[],"product_brand":[],"product_cat":[396],"product_tag":[],"class_list":{"0":"post-33538","1":"product","2":"type-product","3":"status-publish","4":"has-post-thumbnail","6":"product_cat-fuszer-es-gyogynovenyek","8":"first","9":"instock","10":"taxable","11":"shipping-taxable","12":"purchasable","13":"product-type-simple"},"_links":{"self":[{"href":"https:\/\/chilimag.hu\/webshop\/wp-json\/wp\/v2\/product\/33538","targetHints":{"allow":["GET"]}}],"collection":[{"href":"https:\/\/chilimag.hu\/webshop\/wp-json\/wp\/v2\/product"}],"about":[{"href":"https:\/\/chilimag.hu\/webshop\/wp-json\/wp\/v2\/types\/product"}],"replies":[{"embeddable":true,"href":"https:\/\/chilimag.hu\/webshop\/wp-json\/wp\/v2\/comments?post=33538"}],"wp:featuredmedia":[{"embeddable":true,"href":"https:\/\/chilimag.hu\/webshop\/wp-json\/wp\/v2\/media\/33540"}],"wp:attachment":[{"href":"https:\/\/chilimag.hu\/webshop\/wp-json\/wp\/v2\/media?parent=33538"}],"wp:term":[{"taxonomy":"product_brand","embeddable":true,"href":"https:\/\/chilimag.hu\/webshop\/wp-json\/wp\/v2\/product_brand?post=33538"},{"taxonomy":"product_cat","embeddable":true,"href":"https:\/\/chilimag.hu\/webshop\/wp-json\/wp\/v2\/product_cat?post=33538"},{"taxonomy":"product_tag","embeddable":true,"href":"https:\/\/chilimag.hu\/webshop\/wp-json\/wp\/v2\/product_tag?post=33538"}],"curies":[{"name":"wp","href":"https:\/\/api.w.org\/{rel}","templated":true}]}}