{"id":33534,"date":"2024-09-30T19:05:24","date_gmt":"2024-09-30T19:05:24","guid":{"rendered":"https:\/\/chilimag.hu\/webshop\/?post_type=product&#038;p=33534"},"modified":"2026-03-21T20:23:37","modified_gmt":"2026-03-21T20:23:37","slug":"tarkony-agr-sl","status":"publish","type":"product","link":"https:\/\/chilimag.hu\/webshop\/termek\/tarkony-agr-sl\/","title":{"rendered":"T\u00e1rkony AGR SL"},"content":{"rendered":"","protected":false},"excerpt":{"rendered":"<p><img decoding=\"async\" class=\"active-logo\" src=\"https:\/\/b2b.seklos.lt\/themes\/warehouse\/img\/logo_en.png\" alt=\"Agrofirma S\u0117klos, UAB\" width=\"280\" height=\"95\" \/><\/p>\n<p>T\u00c1RKONY<br \/>\n\u00c9vel\u0151 d\u00edszn\u00f6v\u00e9nyek. A keser\u0171 leveleket, hajt\u00e1sokat \u00e9s vir\u00e1gokat t\u00e1pl\u00e1l\u00e9kk\u00e9nt haszn\u00e1lj\u00e1k fel. A sz\u00e1r\u00edtott \u00e9s friss levelek alkalmasak tenger gy\u00fcm\u00f6lcsei, marha- \u00e9s sz\u00e1rnyas\u00e9telek arom\u00e1ival val\u00f3 feljav\u00edt\u00e1s\u00e1ra. A friss hajt\u00e1sokat \u00e9s leveleket a vir\u00e1gz\u00e1s megkezd\u00e9se el\u0151tt betakar\u00edtj\u00e1k.<\/p>\n<p>Magok sz\u00e1ma grammonk\u00e9nt ~5000<br \/>\nVet\u00e9sid\u0151 a talajban IV-V, VIII<br \/>\nA pal\u00e1nt\u00e1k vet\u00e9sideje III-V<br \/>\nT\u00e1vols\u00e1gok, 60&#215;70 cm<br \/>\nSz\u00fcret VII-VIII<br \/>\nAGRONOM m\u00e1rka<br \/>\nNapos hely Igen<br \/>\nF\u00e9l\u00e1rny\u00e9k Igen<br \/>\n\u00c1rny\u00e9k Igen<br \/>\n\u00c9vel\u0151 Igen<\/p>\n","protected":false},"featured_media":33535,"comment_status":"closed","ping_status":"closed","template":"","meta":[],"product_brand":[],"product_cat":[396],"product_tag":[],"class_list":{"0":"post-33534","1":"product","2":"type-product","3":"status-publish","4":"has-post-thumbnail","6":"product_cat-fuszer-es-gyogynovenyek","8":"first","9":"instock","10":"taxable","11":"shipping-taxable","12":"purchasable","13":"product-type-simple"},"_links":{"self":[{"href":"https:\/\/chilimag.hu\/webshop\/wp-json\/wp\/v2\/product\/33534","targetHints":{"allow":["GET"]}}],"collection":[{"href":"https:\/\/chilimag.hu\/webshop\/wp-json\/wp\/v2\/product"}],"about":[{"href":"https:\/\/chilimag.hu\/webshop\/wp-json\/wp\/v2\/types\/product"}],"replies":[{"embeddable":true,"href":"https:\/\/chilimag.hu\/webshop\/wp-json\/wp\/v2\/comments?post=33534"}],"wp:featuredmedia":[{"embeddable":true,"href":"https:\/\/chilimag.hu\/webshop\/wp-json\/wp\/v2\/media\/33535"}],"wp:attachment":[{"href":"https:\/\/chilimag.hu\/webshop\/wp-json\/wp\/v2\/media?parent=33534"}],"wp:term":[{"taxonomy":"product_brand","embeddable":true,"href":"https:\/\/chilimag.hu\/webshop\/wp-json\/wp\/v2\/product_brand?post=33534"},{"taxonomy":"product_cat","embeddable":true,"href":"https:\/\/chilimag.hu\/webshop\/wp-json\/wp\/v2\/product_cat?post=33534"},{"taxonomy":"product_tag","embeddable":true,"href":"https:\/\/chilimag.hu\/webshop\/wp-json\/wp\/v2\/product_tag?post=33534"}],"curies":[{"name":"wp","href":"https:\/\/api.w.org\/{rel}","templated":true}]}}