{"id":33530,"date":"2024-09-30T18:39:16","date_gmt":"2024-09-30T18:39:16","guid":{"rendered":"https:\/\/chilimag.hu\/webshop\/?post_type=product&#038;p=33530"},"modified":"2026-03-16T16:16:01","modified_gmt":"2026-03-16T16:16:01","slug":"cukkini-nimba-agr-sl","status":"publish","type":"product","link":"https:\/\/chilimag.hu\/webshop\/termek\/cukkini-nimba-agr-sl\/","title":{"rendered":"Cukkini Nimba Agr SL"},"content":{"rendered":"","protected":false},"excerpt":{"rendered":"<p><img decoding=\"async\" class=\"active-logo\" src=\"https:\/\/b2b.seklos.lt\/themes\/warehouse\/img\/logo_en.png\" alt=\"Agrofirma S\u0117klos, UAB\" width=\"280\" height=\"95\" \/><\/p>\n<p>COURGETTE NIMBA Korai, szapora bokros fajta. 45-50 nap m\u00falva betakar\u00edtj\u00e1k. Gy\u00fcm\u00f6lcsei vil\u00e1gosz\u00f6ldek, s\u00f6t\u00e9tebb cs\u00edkokkal, sz\u00e9pen megny\u00faltak, hengeres alak\u00faak. H\u00fasa k\u00f6nny\u0171, kem\u00e9ny, finom \u00edz\u0171. Frissen haszn\u00e1lva, lehet s\u00fctni, p\u00e1rolni, bef\u0151zni.<\/p>\n<p>Magok sz\u00e1ma grammonk\u00e9nt ~6-8<br \/>\nVet\u00e9sid\u0151 a talajban V-VI<br \/>\nA pal\u00e1nt\u00e1k vet\u00e9si ideje IV<br \/>\nT\u00e1vols\u00e1gok, cm 70&#215;60-70<br \/>\nSz\u00fcret VI-IX<br \/>\nAGRONOM m\u00e1rka<br \/>\nNapos hely Igen<\/p>\n","protected":false},"featured_media":33531,"comment_status":"closed","ping_status":"closed","template":"","meta":[],"product_brand":[],"product_cat":[395],"product_tag":[],"class_list":{"0":"post-33530","1":"product","2":"type-product","3":"status-publish","4":"has-post-thumbnail","6":"product_cat-dinnye-es-tok-vetomagok","8":"first","9":"instock","10":"taxable","11":"shipping-taxable","12":"purchasable","13":"product-type-simple"},"_links":{"self":[{"href":"https:\/\/chilimag.hu\/webshop\/wp-json\/wp\/v2\/product\/33530","targetHints":{"allow":["GET"]}}],"collection":[{"href":"https:\/\/chilimag.hu\/webshop\/wp-json\/wp\/v2\/product"}],"about":[{"href":"https:\/\/chilimag.hu\/webshop\/wp-json\/wp\/v2\/types\/product"}],"replies":[{"embeddable":true,"href":"https:\/\/chilimag.hu\/webshop\/wp-json\/wp\/v2\/comments?post=33530"}],"wp:featuredmedia":[{"embeddable":true,"href":"https:\/\/chilimag.hu\/webshop\/wp-json\/wp\/v2\/media\/33531"}],"wp:attachment":[{"href":"https:\/\/chilimag.hu\/webshop\/wp-json\/wp\/v2\/media?parent=33530"}],"wp:term":[{"taxonomy":"product_brand","embeddable":true,"href":"https:\/\/chilimag.hu\/webshop\/wp-json\/wp\/v2\/product_brand?post=33530"},{"taxonomy":"product_cat","embeddable":true,"href":"https:\/\/chilimag.hu\/webshop\/wp-json\/wp\/v2\/product_cat?post=33530"},{"taxonomy":"product_tag","embeddable":true,"href":"https:\/\/chilimag.hu\/webshop\/wp-json\/wp\/v2\/product_tag?post=33530"}],"curies":[{"name":"wp","href":"https:\/\/api.w.org\/{rel}","templated":true}]}}