{"id":33528,"date":"2024-09-30T18:32:14","date_gmt":"2024-09-30T18:32:14","guid":{"rendered":"https:\/\/chilimag.hu\/webshop\/?post_type=product&#038;p=33528"},"modified":"2025-08-26T11:41:33","modified_gmt":"2025-08-26T11:41:33","slug":"paradicsom-lacitrine-hibrid-z-s-sl","status":"publish","type":"product","link":"https:\/\/chilimag.hu\/webshop\/termek\/paradicsom-lacitrine-hibrid-z-s-sl\/","title":{"rendered":"Paradicsom LACITRINE Hibrid Z.S SL"},"content":{"rendered":"","protected":false},"excerpt":{"rendered":"<p><img decoding=\"async\" class=\"active-logo\" src=\"https:\/\/b2b.seklos.lt\/themes\/warehouse\/img\/logo_en.png\" alt=\"Agrofirma S\u0117klos, UAB\" width=\"280\" height=\"95\" \/><\/p>\n<p>Korai, magas, &#8216;Marha&#8217; t\u00edpus\u00fa paradicsom hibrid. A n\u00f6v\u00e9nyek er\u0151teljesen n\u00f6vekszenek, rendk\u00edv\u00fcl term\u00e9kenyek \u00e9s betegs\u00e9gekkel szemben ellen\u00e1ll\u00f3ak. Gy\u00fcm\u00f6lcsei lapos kerekek, er\u0151sen bord\u00e1zottak, \u00e9l\u00e9nks\u00e1rg\u00e1k, z\u00f6ld cs\u00edkokkal, k\u00f6r\u00fclbel\u00fcl 240-260 g t\u00f6meg\u0171ek. Teljes \u00e9r\u00e9skor borosty\u00e1ns\u00e1rga sz\u00ednt kapnak. Nagyon j\u00f3 \u00edz\u0171ek, \u00e9desek, arom\u00e1sak. Alkalmas r\u00e1gcs\u00e1lnival\u00f3khoz, sal\u00e1t\u00e1khoz \u00e9s sz\u00f3szokhoz. \u00dcvegh\u00e1zakban termesztik.<\/p>\n<p>A fajta korai ideje Korai<br \/>\nMagok sz\u00e1ma a csomagban, db. 5<br \/>\nA pal\u00e1nt\u00e1k vet\u00e9si ideje III-IV<br \/>\nN\u00f6v\u00e9nymagass\u00e1g Magas<br \/>\nSz\u00fcret VII-IX<br \/>\nTermeszt\u00e9si hely \u00dcvegh\u00e1zban<br \/>\nM\u00e1rka \u017dalia stotel\u0117<br \/>\nTranszplant\u00e1ci\u00f3 IV-V<br \/>\nNapos hely Igen<br \/>\nProfesszion\u00e1lis haszn\u00e1latra alkalmas Igen<br \/>\nGy\u00fcm\u00f6lcs m\u00e9rete Nagy<\/p>\n","protected":false},"featured_media":33529,"comment_status":"closed","ping_status":"closed","template":"","meta":[],"product_brand":[],"product_cat":[413],"product_tag":[],"class_list":{"0":"post-33528","1":"product","2":"type-product","3":"status-publish","4":"has-post-thumbnail","6":"product_cat-paradicsom-vetomagok-zalia-stotele","8":"first","9":"instock","10":"taxable","11":"shipping-taxable","12":"purchasable","13":"product-type-simple"},"_links":{"self":[{"href":"https:\/\/chilimag.hu\/webshop\/wp-json\/wp\/v2\/product\/33528","targetHints":{"allow":["GET"]}}],"collection":[{"href":"https:\/\/chilimag.hu\/webshop\/wp-json\/wp\/v2\/product"}],"about":[{"href":"https:\/\/chilimag.hu\/webshop\/wp-json\/wp\/v2\/types\/product"}],"replies":[{"embeddable":true,"href":"https:\/\/chilimag.hu\/webshop\/wp-json\/wp\/v2\/comments?post=33528"}],"wp:featuredmedia":[{"embeddable":true,"href":"https:\/\/chilimag.hu\/webshop\/wp-json\/wp\/v2\/media\/33529"}],"wp:attachment":[{"href":"https:\/\/chilimag.hu\/webshop\/wp-json\/wp\/v2\/media?parent=33528"}],"wp:term":[{"taxonomy":"product_brand","embeddable":true,"href":"https:\/\/chilimag.hu\/webshop\/wp-json\/wp\/v2\/product_brand?post=33528"},{"taxonomy":"product_cat","embeddable":true,"href":"https:\/\/chilimag.hu\/webshop\/wp-json\/wp\/v2\/product_cat?post=33528"},{"taxonomy":"product_tag","embeddable":true,"href":"https:\/\/chilimag.hu\/webshop\/wp-json\/wp\/v2\/product_tag?post=33528"}],"curies":[{"name":"wp","href":"https:\/\/api.w.org\/{rel}","templated":true}]}}