{"id":33525,"date":"2024-09-30T18:24:30","date_gmt":"2024-09-30T18:24:30","guid":{"rendered":"https:\/\/chilimag.hu\/webshop\/?post_type=product&#038;p=33525"},"modified":"2025-08-26T11:32:47","modified_gmt":"2025-08-26T11:32:47","slug":"paradicsom-cassarosa-hibrid-z-s-sl","status":"publish","type":"product","link":"https:\/\/chilimag.hu\/webshop\/termek\/paradicsom-cassarosa-hibrid-z-s-sl\/","title":{"rendered":"Paradicsom CASSAROSA Hibrid Z.S SL"},"content":{"rendered":"","protected":false},"excerpt":{"rendered":"<p><img decoding=\"async\" class=\"logo\" src=\"https:\/\/b2b.seklos.lt\/themes\/warehouse\/img\/logo_en.png\" alt=\"Agrofirma S\u0117klos, UAB\" \/><\/p>\n<p>A &#8216;Beef&#8217; t\u00edpus\u00fa marhasteak paradicsom korai, magas, betegs\u00e9geknek ellen\u00e1ll\u00f3 hibridje. A f\u00fcrtben 6-7 200-250 g vagy ann\u00e1l nagyobb arom\u00e1s gy\u00fcm\u00f6lcs tal\u00e1lhat\u00f3, amelyek enyh\u00e9n bord\u00e1zottak, er\u0151sen laposak, h\u00fasosak \u00e9s nagyon \u00edzletesek. Az \u00e9dess\u00e9g \u00e9s a savass\u00e1g kiv\u00e1l\u00f3 egyens\u00falya jellemzi. Szed\u00e9s ut\u00e1n is j\u00f3l meg\u0151rz\u0151dnek. Alkalmas r\u00e1gcs\u00e1lnival\u00f3khoz, sal\u00e1t\u00e1khoz \u00e9s f\u0171szerez\u00e9shez. \u00dcvegh\u00e1zakban termesztik.<\/p>\n<p>A fajta korai ideje Korai<br \/>\nMagok sz\u00e1ma a csomagban, db. 5<br \/>\nA pal\u00e1nt\u00e1k vet\u00e9si ideje III-IV<br \/>\nN\u00f6v\u00e9nymagass\u00e1g Magas<br \/>\nSz\u00fcret VII-IX<br \/>\nTermeszt\u00e9si hely \u00dcvegh\u00e1zban<br \/>\nM\u00e1rka \u017dalia stotel\u0117<br \/>\nTranszplant\u00e1ci\u00f3 IV-V<br \/>\nNapos hely Igen<br \/>\nProfesszion\u00e1lis haszn\u00e1latra alkalmas Igen<br \/>\nGy\u00fcm\u00f6lcs m\u00e9rete Nagy<\/p>\n","protected":false},"featured_media":33526,"comment_status":"closed","ping_status":"closed","template":"","meta":[],"product_brand":[],"product_cat":[413],"product_tag":[],"class_list":{"0":"post-33525","1":"product","2":"type-product","3":"status-publish","4":"has-post-thumbnail","6":"product_cat-paradicsom-vetomagok-zalia-stotele","8":"first","9":"instock","10":"taxable","11":"shipping-taxable","12":"purchasable","13":"product-type-simple"},"_links":{"self":[{"href":"https:\/\/chilimag.hu\/webshop\/wp-json\/wp\/v2\/product\/33525","targetHints":{"allow":["GET"]}}],"collection":[{"href":"https:\/\/chilimag.hu\/webshop\/wp-json\/wp\/v2\/product"}],"about":[{"href":"https:\/\/chilimag.hu\/webshop\/wp-json\/wp\/v2\/types\/product"}],"replies":[{"embeddable":true,"href":"https:\/\/chilimag.hu\/webshop\/wp-json\/wp\/v2\/comments?post=33525"}],"wp:featuredmedia":[{"embeddable":true,"href":"https:\/\/chilimag.hu\/webshop\/wp-json\/wp\/v2\/media\/33526"}],"wp:attachment":[{"href":"https:\/\/chilimag.hu\/webshop\/wp-json\/wp\/v2\/media?parent=33525"}],"wp:term":[{"taxonomy":"product_brand","embeddable":true,"href":"https:\/\/chilimag.hu\/webshop\/wp-json\/wp\/v2\/product_brand?post=33525"},{"taxonomy":"product_cat","embeddable":true,"href":"https:\/\/chilimag.hu\/webshop\/wp-json\/wp\/v2\/product_cat?post=33525"},{"taxonomy":"product_tag","embeddable":true,"href":"https:\/\/chilimag.hu\/webshop\/wp-json\/wp\/v2\/product_tag?post=33525"}],"curies":[{"name":"wp","href":"https:\/\/api.w.org\/{rel}","templated":true}]}}