{"id":33518,"date":"2024-09-29T18:22:03","date_gmt":"2024-09-29T18:22:03","guid":{"rendered":"https:\/\/chilimag.hu\/webshop\/?post_type=product&#038;p=33518"},"modified":"2026-05-10T20:46:20","modified_gmt":"2026-05-10T20:46:20","slug":"diszpipacs-pandora-z-s-sl","status":"publish","type":"product","link":"https:\/\/chilimag.hu\/webshop\/termek\/diszpipacs-pandora-z-s-sl\/","title":{"rendered":"D\u00edszpipacs Pandora Z.S SL"},"content":{"rendered":"","protected":false},"excerpt":{"rendered":"<p><img decoding=\"async\" class=\"active-logo\" src=\"https:\/\/b2b.seklos.lt\/themes\/warehouse\/img\/logo_en.png\" alt=\"Agrofirma S\u0117klos, UAB\" width=\"280\" height=\"95\" \/><\/p>\n<p>Egyny\u00e1ri, egyedi vir\u00e1gfajta f\u00e9lig telt r\u00f3zsasz\u00ednes cseresznyevir\u00e1ggal. J\u00f3l n\u00e9z ki a 60-90 cm magas ny\u00e1ri vir\u00e1g\u00e1gy\u00e1sokban. K\u00f6nnyen termeszthet\u0151, b\u0151s\u00e9gesen vir\u00e1gzik. Nem ig\u00e9nyel k\u00fcl\u00f6nleges talajviszonyokat, j\u00f3l n\u00f6vekszik rossz talajon, valamint napos \u00e9s f\u00e9l\u00e1rny\u00e9kos helyeken. M\u00e1s vir\u00e1gokkal \u00e1gy\u00e1sban is termeszthet\u0151, vagy p\u00e1zsitra vethet\u0151. J\u00f3l n\u0151 a b\u00fazavir\u00e1ggal \u00e9s a sz\u00e1zszorsz\u00e9pekkel. A bimb\u00f3s \u00e1llapotukban szedett vir\u00e1gok sz\u00e1raz vir\u00e1gk\u00f6t\u00e9szetekhez haszn\u00e1lhat\u00f3k.<\/p>\n<p>Hermetikus csomagol\u00e1s Igen<br \/>\nMennyis\u00e9g egy csomagban 0,2g<br \/>\nMagok sz\u00e1ma grammonk\u00e9nt ~6500<br \/>\nVet\u00e9sid\u0151 a talajban IV-V, X<br \/>\nA pal\u00e1nt\u00e1k vet\u00e9si ideje IV-V<br \/>\nT\u00e1vols\u00e1gok, 20&#215;20 cm<br \/>\nVir\u00e1gz\u00e1si id\u0151szak VI-VII<br \/>\nN\u00f6v\u00e9nymagass\u00e1g, 80 cm<br \/>\nTerm\u0151f\u00f6ld<br \/>\nM\u00e1rka \u017dalia stotel\u0117<br \/>\nNapos hely Igen<br \/>\nVir\u00e1g\u00e1gy\u00e1sok termeszt\u00e9s\u00e9re alkalmas<\/p>\n","protected":false},"featured_media":33519,"comment_status":"closed","ping_status":"closed","template":"","meta":[],"product_brand":[],"product_cat":[363],"product_tag":[],"class_list":{"0":"post-33518","1":"product","2":"type-product","3":"status-publish","4":"has-post-thumbnail","6":"product_cat-virag-vetomagok-zalia-stotele","8":"first","9":"instock","10":"taxable","11":"shipping-taxable","12":"purchasable","13":"product-type-simple"},"_links":{"self":[{"href":"https:\/\/chilimag.hu\/webshop\/wp-json\/wp\/v2\/product\/33518","targetHints":{"allow":["GET"]}}],"collection":[{"href":"https:\/\/chilimag.hu\/webshop\/wp-json\/wp\/v2\/product"}],"about":[{"href":"https:\/\/chilimag.hu\/webshop\/wp-json\/wp\/v2\/types\/product"}],"replies":[{"embeddable":true,"href":"https:\/\/chilimag.hu\/webshop\/wp-json\/wp\/v2\/comments?post=33518"}],"wp:featuredmedia":[{"embeddable":true,"href":"https:\/\/chilimag.hu\/webshop\/wp-json\/wp\/v2\/media\/33519"}],"wp:attachment":[{"href":"https:\/\/chilimag.hu\/webshop\/wp-json\/wp\/v2\/media?parent=33518"}],"wp:term":[{"taxonomy":"product_brand","embeddable":true,"href":"https:\/\/chilimag.hu\/webshop\/wp-json\/wp\/v2\/product_brand?post=33518"},{"taxonomy":"product_cat","embeddable":true,"href":"https:\/\/chilimag.hu\/webshop\/wp-json\/wp\/v2\/product_cat?post=33518"},{"taxonomy":"product_tag","embeddable":true,"href":"https:\/\/chilimag.hu\/webshop\/wp-json\/wp\/v2\/product_tag?post=33518"}],"curies":[{"name":"wp","href":"https:\/\/api.w.org\/{rel}","templated":true}]}}