{"id":33509,"date":"2024-09-28T18:49:24","date_gmt":"2024-09-28T18:49:24","guid":{"rendered":"https:\/\/chilimag.hu\/webshop\/?post_type=product&#038;p=33509"},"modified":"2026-04-28T17:46:40","modified_gmt":"2026-04-28T17:46:40","slug":"arvacska-laura-z-s-sl","status":"publish","type":"product","link":"https:\/\/chilimag.hu\/webshop\/termek\/arvacska-laura-z-s-sl\/","title":{"rendered":"\u00c1rv\u00e1cska Laura Z.S SL"},"content":{"rendered":"","protected":false},"excerpt":{"rendered":"<p><img decoding=\"async\" class=\"\" src=\"https:\/\/b2b.seklos.lt\/img\/m\/75-medium_default.jpg\" alt=\"\" width=\"151\" height=\"151\" \/><\/p>\n<h3>Term\u00e9kle\u00edr\u00e1s<\/h3>\n<p>K\u00e9t\u00e9ves vir\u00e1gok. Kora tavasszal \u00e9s k\u00e9s\u0151 \u0151sszel vir\u00e1gzik, amikor m\u00e1s vir\u00e1gok nem. Cser\u00e9pben termesztik, erk\u00e9lyes \u00fcltetv\u00e9nyesek, temet\u0151kbe j\u00f3, vir\u00e1gokat v\u00e1g\u00e1sra haszn\u00e1lnak. A magok +16 \u00b0C-on, s\u00f6t\u00e9tben 14-18 napon bel\u00fcl cs\u00edr\u00e1znak. J\u00faliusi vet\u00e9s eset\u00e9n ugyanazon \u00e9v szeptember\u00e9ben kezdje el a vir\u00e1gz\u00e1st, \u00e9s a fagyokig tart, majd tavasszal vir\u00e1gzik m\u00e1sodszor. Amikor a tavasz meleg \u00e9s sz\u00e1raz, az \u00e1rv\u00e1cska kev\u00e9sb\u00e9 vir\u00e1gzik, a vir\u00e1gok kisebbek.<\/p>\n<p>Hermetikus csomagol\u00e1s Igen<br \/>\nMennyis\u00e9g kiszerel\u00e9sben 0,3g<br \/>\nA magok sz\u00e1ma grammonk\u00e9nt ~750-820<br \/>\nVet\u00e9sid\u0151 a talajban VI-VIII<br \/>\nT\u00e1vols\u00e1gok, 20&#215;20 cm<br \/>\nVir\u00e1gz\u00e1si id\u0151szak IX-X<br \/>\nN\u00f6v\u00e9nymagass\u00e1g, 60-80 cm<br \/>\nTermeszt\u00e9si hely Erk\u00e9ly, Sz\u00e1nt\u00f3f\u00f6ld<br \/>\nM\u00e1rka \u017dalia stotel\u0117<br \/>\nNapos hely Igen<br \/>\nF\u00e9l\u00e1rny\u00e9k Igen<br \/>\nBienn\u00e1l\u00e9 Igen<br \/>\nErk\u00e9lyek, vir\u00e1g\u00e1gy\u00e1sok termeszt\u00e9s\u00e9re alkalmas<\/p>\n","protected":false},"featured_media":33510,"comment_status":"closed","ping_status":"closed","template":"","meta":[],"product_brand":[],"product_cat":[363],"product_tag":[],"class_list":{"0":"post-33509","1":"product","2":"type-product","3":"status-publish","4":"has-post-thumbnail","6":"product_cat-virag-vetomagok-zalia-stotele","8":"first","9":"instock","10":"taxable","11":"shipping-taxable","12":"purchasable","13":"product-type-simple"},"_links":{"self":[{"href":"https:\/\/chilimag.hu\/webshop\/wp-json\/wp\/v2\/product\/33509","targetHints":{"allow":["GET"]}}],"collection":[{"href":"https:\/\/chilimag.hu\/webshop\/wp-json\/wp\/v2\/product"}],"about":[{"href":"https:\/\/chilimag.hu\/webshop\/wp-json\/wp\/v2\/types\/product"}],"replies":[{"embeddable":true,"href":"https:\/\/chilimag.hu\/webshop\/wp-json\/wp\/v2\/comments?post=33509"}],"wp:featuredmedia":[{"embeddable":true,"href":"https:\/\/chilimag.hu\/webshop\/wp-json\/wp\/v2\/media\/33510"}],"wp:attachment":[{"href":"https:\/\/chilimag.hu\/webshop\/wp-json\/wp\/v2\/media?parent=33509"}],"wp:term":[{"taxonomy":"product_brand","embeddable":true,"href":"https:\/\/chilimag.hu\/webshop\/wp-json\/wp\/v2\/product_brand?post=33509"},{"taxonomy":"product_cat","embeddable":true,"href":"https:\/\/chilimag.hu\/webshop\/wp-json\/wp\/v2\/product_cat?post=33509"},{"taxonomy":"product_tag","embeddable":true,"href":"https:\/\/chilimag.hu\/webshop\/wp-json\/wp\/v2\/product_tag?post=33509"}],"curies":[{"name":"wp","href":"https:\/\/api.w.org\/{rel}","templated":true}]}}