{"id":33499,"date":"2024-09-28T18:20:03","date_gmt":"2024-09-28T18:20:03","guid":{"rendered":"https:\/\/chilimag.hu\/webshop\/?post_type=product&#038;p=33499"},"modified":"2025-08-31T10:14:17","modified_gmt":"2025-08-31T10:14:17","slug":"arvacska-lord-beaconsfield-z-s-sl","status":"publish","type":"product","link":"https:\/\/chilimag.hu\/webshop\/termek\/arvacska-lord-beaconsfield-z-s-sl\/","title":{"rendered":"\u00c1rv\u00e1cska LORD BEACONSFIELD Z.S SL"},"content":{"rendered":"","protected":false},"excerpt":{"rendered":"<p><img decoding=\"async\" class=\"active-logo\" src=\"https:\/\/b2b.seklos.lt\/themes\/warehouse\/img\/logo_en.png\" alt=\"Agrofirma S\u0117klos, UAB\" width=\"280\" height=\"95\" \/><\/p>\n<p>&nbsp;<\/p>\n<p>K\u00e9t\u00e9ves vir\u00e1gok. Kora tavasszal \u00e9s k\u00e9s\u0151 \u0151sszel vir\u00e1gzik, amikor m\u00e1s vir\u00e1gok nem. Cser\u00e9pben termesztik, erk\u00e9lyes \u00fcltetv\u00e9nyesek, temet\u0151kbe j\u00f3, vir\u00e1gokat v\u00e1g\u00e1sra haszn\u00e1lnak. A magok +16 \u00b0C-on, s\u00f6t\u00e9tben 14-18 napon bel\u00fcl cs\u00edr\u00e1znak. J\u00faliusi vet\u00e9s eset\u00e9n ugyanazon \u00e9v szeptember\u00e9ben kezdje el a vir\u00e1gz\u00e1st, \u00e9s a fagyokig tart, majd tavasszal vir\u00e1gzik m\u00e1sodszor. Amikor a tavasz meleg \u00e9s sz\u00e1raz, az \u00e1rv\u00e1cska kev\u00e9sb\u00e9 vir\u00e1gzik, a vir\u00e1gok kisebbek.<br \/>\nHermetikus csomagol\u00e1s Igen<br \/>\nMennyis\u00e9g egy csomagban 0,3 g<br \/>\nA magok sz\u00e1ma grammonk\u00e9nt ~750-820<br \/>\nT\u00e1vols\u00e1gok, 20&#215;20 cm<br \/>\nVir\u00e1gz\u00e1si id\u0151szak IX-X<br \/>\nTermeszt\u00e9si hely Erk\u00e9ly<br \/>\nM\u00e1rka \u017dalia stotel\u0117<br \/>\nNapos hely Igen<br \/>\nF\u00e9l\u00e1rny\u00e9k Igen<br \/>\nBienn\u00e1l\u00e9 Igen<br \/>\nA legkelend\u0151bbek k\u00f6z\u00f6tt Igen<br \/>\nSz\u00edn K\u00e9k<br \/>\nVeget\u00e1ci\u00f3s Bienn\u00e1l\u00e9k<br \/>\nVir\u00e1g\u00e1gy\u00e1sok, erk\u00e9lyek termeszt\u00e9s\u00e9re alkalmas<br \/>\n\u00c9ghajlat Napos, R\u00e9szleges \u00e1rny\u00e9k<\/p>\n","protected":false},"featured_media":33500,"comment_status":"closed","ping_status":"closed","template":"","meta":[],"product_brand":[],"product_cat":[363],"product_tag":[],"class_list":{"0":"post-33499","1":"product","2":"type-product","3":"status-publish","4":"has-post-thumbnail","6":"product_cat-virag-vetomagok-zalia-stotele","8":"first","9":"instock","10":"taxable","11":"shipping-taxable","12":"purchasable","13":"product-type-simple"},"_links":{"self":[{"href":"https:\/\/chilimag.hu\/webshop\/wp-json\/wp\/v2\/product\/33499","targetHints":{"allow":["GET"]}}],"collection":[{"href":"https:\/\/chilimag.hu\/webshop\/wp-json\/wp\/v2\/product"}],"about":[{"href":"https:\/\/chilimag.hu\/webshop\/wp-json\/wp\/v2\/types\/product"}],"replies":[{"embeddable":true,"href":"https:\/\/chilimag.hu\/webshop\/wp-json\/wp\/v2\/comments?post=33499"}],"wp:featuredmedia":[{"embeddable":true,"href":"https:\/\/chilimag.hu\/webshop\/wp-json\/wp\/v2\/media\/33500"}],"wp:attachment":[{"href":"https:\/\/chilimag.hu\/webshop\/wp-json\/wp\/v2\/media?parent=33499"}],"wp:term":[{"taxonomy":"product_brand","embeddable":true,"href":"https:\/\/chilimag.hu\/webshop\/wp-json\/wp\/v2\/product_brand?post=33499"},{"taxonomy":"product_cat","embeddable":true,"href":"https:\/\/chilimag.hu\/webshop\/wp-json\/wp\/v2\/product_cat?post=33499"},{"taxonomy":"product_tag","embeddable":true,"href":"https:\/\/chilimag.hu\/webshop\/wp-json\/wp\/v2\/product_tag?post=33499"}],"curies":[{"name":"wp","href":"https:\/\/api.w.org\/{rel}","templated":true}]}}