{"id":33495,"date":"2024-09-28T17:20:56","date_gmt":"2024-09-28T17:20:56","guid":{"rendered":"https:\/\/chilimag.hu\/webshop\/?post_type=product&#038;p=33495"},"modified":"2026-04-01T05:29:46","modified_gmt":"2026-04-01T05:29:46","slug":"pampafu-pampas-plume-ross-z-s-sl","status":"publish","type":"product","link":"https:\/\/chilimag.hu\/webshop\/termek\/pampafu-pampas-plume-ross-z-s-sl\/","title":{"rendered":"Pampaf\u0171 PAMPAS PLUME Ross Z.S SL"},"content":{"rendered":"","protected":false},"excerpt":{"rendered":"<p>&nbsp;<\/p>\n<p><a title=\"Agrofirma S\u0117klos, UAB\" href=\"https:\/\/b2b.seklos.lt\/\"><img decoding=\"async\" class=\"logo\" src=\"https:\/\/b2b.seklos.lt\/themes\/warehouse\/img\/logo_en.png\" alt=\"Agrofirma S\u0117klos, UAB\" \/><\/a><\/p>\n<p>\u00c9vel\u0151, leny\u0171g\u00f6z\u0151en magas d\u00edszf\u0171. Kedvez\u0151 n\u00f6veked\u00e9si k\u00f6r\u00fclm\u00e9nyek k\u00f6z\u00f6tt ak\u00e1r 4 m\u00e9teres magass\u00e1got is el\u00e9rhet. 30-40 cm hossz\u00fa vir\u00e1gf\u00fcrt\u00f6ket hoz l\u00e9tre. A n\u00f6v\u00e9ny eg\u00e9sz \u00e9vben meg\u0151rzi d\u00edszes jelleg\u00e9t. Ny\u00edlt, napos helyen fejl\u0151dik a legjobban. Kedvez\u0151 n\u00f6veked\u00e9si k\u00f6r\u00fclm\u00e9nyek k\u00f6z\u00f6tt a n\u00f6v\u00e9ny gyorsan terjed. Le kell takarni a telel\u00e9shez, vagy ki kell \u00e1sni \u00e9s bent kell tartani.<br \/>\nHermetikus csomagol\u00e1s Igen<br \/>\nMennyis\u00e9g egy csomagban 0,2 g<br \/>\nMagok sz\u00e1ma grammonk\u00e9nt ~5200<br \/>\nVet\u00e9sid\u0151 a talajban IV-V<br \/>\nA pal\u00e1nt\u00e1k vet\u00e9si ideje III-IV<br \/>\nT\u00e1vols\u00e1gok, 200&#215;200 cm<br \/>\nVir\u00e1gz\u00e1si id\u0151szak VIII-XI<br \/>\nM\u00e1rka \u017dalia stotel\u0117<br \/>\nNapos hely Igen<br \/>\nF\u00e9l\u00e1rny\u00e9k Igen<br \/>\nSz\u00edn Pink<br \/>\nVeget\u00e1ci\u00f3 \u00e9vel\u0151<br \/>\nVir\u00e1g\u00e1gy\u00e1sok termeszt\u00e9s\u00e9re alkalmas<br \/>\n\u00c9ghajlat R\u00e9szleges \u00e1rny\u00e9k, napos<\/p>\n","protected":false},"featured_media":33496,"comment_status":"closed","ping_status":"closed","template":"","meta":[],"product_brand":[],"product_cat":[363],"product_tag":[],"class_list":{"0":"post-33495","1":"product","2":"type-product","3":"status-publish","4":"has-post-thumbnail","6":"product_cat-virag-vetomagok-zalia-stotele","8":"first","9":"instock","10":"taxable","11":"shipping-taxable","12":"purchasable","13":"product-type-simple"},"_links":{"self":[{"href":"https:\/\/chilimag.hu\/webshop\/wp-json\/wp\/v2\/product\/33495","targetHints":{"allow":["GET"]}}],"collection":[{"href":"https:\/\/chilimag.hu\/webshop\/wp-json\/wp\/v2\/product"}],"about":[{"href":"https:\/\/chilimag.hu\/webshop\/wp-json\/wp\/v2\/types\/product"}],"replies":[{"embeddable":true,"href":"https:\/\/chilimag.hu\/webshop\/wp-json\/wp\/v2\/comments?post=33495"}],"wp:featuredmedia":[{"embeddable":true,"href":"https:\/\/chilimag.hu\/webshop\/wp-json\/wp\/v2\/media\/33496"}],"wp:attachment":[{"href":"https:\/\/chilimag.hu\/webshop\/wp-json\/wp\/v2\/media?parent=33495"}],"wp:term":[{"taxonomy":"product_brand","embeddable":true,"href":"https:\/\/chilimag.hu\/webshop\/wp-json\/wp\/v2\/product_brand?post=33495"},{"taxonomy":"product_cat","embeddable":true,"href":"https:\/\/chilimag.hu\/webshop\/wp-json\/wp\/v2\/product_cat?post=33495"},{"taxonomy":"product_tag","embeddable":true,"href":"https:\/\/chilimag.hu\/webshop\/wp-json\/wp\/v2\/product_tag?post=33495"}],"curies":[{"name":"wp","href":"https:\/\/api.w.org\/{rel}","templated":true}]}}