{"id":33493,"date":"2024-09-28T17:05:52","date_gmt":"2024-09-28T17:05:52","guid":{"rendered":"https:\/\/chilimag.hu\/webshop\/?post_type=product&#038;p=33493"},"modified":"2026-03-08T18:50:24","modified_gmt":"2026-03-08T18:50:24","slug":"sovirag-statice-z-s-sl","status":"publish","type":"product","link":"https:\/\/chilimag.hu\/webshop\/termek\/sovirag-statice-z-s-sl\/","title":{"rendered":"Egyny\u00e1ri s\u00f3vir\u00e1g Statice Rose Z.S SL"},"content":{"rendered":"","protected":false},"excerpt":{"rendered":"<p>&nbsp;<\/p>\n<p><a title=\"Agrofirma S\u0117klos, UAB\" href=\"https:\/\/b2b.seklos.lt\/\"><img decoding=\"async\" class=\"active-logo\" src=\"https:\/\/b2b.seklos.lt\/themes\/warehouse\/img\/logo_en.png\" alt=\"Agrofirma S\u0117klos, UAB\" width=\"280\" height=\"95\" \/><\/a><\/p>\n<p>Egyny\u00e1ri 60 cm-es vir\u00e1gok. A vir\u00e1gok kicsik, vil\u00e1gos f\u00fcrt\u00f6kben. Napos, meleg helyen, laza, v\u00edz\u00e1tereszt\u0151, term\u00e9keny talajban j\u00f3l fejl\u0151dik. A kos\u00e1rf\u00fcvet s\u00f3s v\u00edzzel kell \u00f6nt\u00f6zni. Sz\u00e1raz vir\u00e1gcsokrokhoz n\u00e9lk\u00fcl\u00f6zhetetlen, sz\u00e1r\u00edtva is megtartja a sz\u00edn\u00e9t. A magokat dobozokba vetik, a pal\u00e1nt\u00e1kat m\u00e1jusban \u00fcltetik vissza a szabadf\u00f6ldre. A Statice ellen\u00e1ll a r\u00f6vid t\u00e1v\u00fa fagynak.<br \/>\nB \u00e1rcsoport<br \/>\nHermetikus csomagol\u00e1s Igen<br \/>\nMennyis\u00e9g egy csomagban 0,4 g<br \/>\nMagok sz\u00e1ma grammonk\u00e9nt ~330-350<br \/>\nT\u00e1vols\u00e1gok, 40&#215;45 cm<br \/>\nVir\u00e1gz\u00e1si id\u0151szak VII-X<br \/>\nM\u00e1rka \u017dalia stotel\u0117<br \/>\nTranszplant\u00e1ci\u00f3 V<br \/>\nNapos hely Igen<br \/>\nF\u00e9l\u00e1rny\u00e9k Igen<br \/>\nSz\u00edn Pink<br \/>\nVeget\u00e1ci\u00f3 egyny\u00e1ri<br \/>\nVir\u00e1g\u00e1gy\u00e1sok termeszt\u00e9s\u00e9re alkalmas<br \/>\n\u00c9ghajlat Napos, R\u00e9szleges \u00e1rny\u00e9k<\/p>\n","protected":false},"featured_media":33494,"comment_status":"closed","ping_status":"closed","template":"","meta":[],"product_brand":[],"product_cat":[363],"product_tag":[],"class_list":{"0":"post-33493","1":"product","2":"type-product","3":"status-publish","4":"has-post-thumbnail","6":"product_cat-virag-vetomagok-zalia-stotele","8":"first","9":"instock","10":"taxable","11":"shipping-taxable","12":"purchasable","13":"product-type-simple"},"_links":{"self":[{"href":"https:\/\/chilimag.hu\/webshop\/wp-json\/wp\/v2\/product\/33493","targetHints":{"allow":["GET"]}}],"collection":[{"href":"https:\/\/chilimag.hu\/webshop\/wp-json\/wp\/v2\/product"}],"about":[{"href":"https:\/\/chilimag.hu\/webshop\/wp-json\/wp\/v2\/types\/product"}],"replies":[{"embeddable":true,"href":"https:\/\/chilimag.hu\/webshop\/wp-json\/wp\/v2\/comments?post=33493"}],"wp:featuredmedia":[{"embeddable":true,"href":"https:\/\/chilimag.hu\/webshop\/wp-json\/wp\/v2\/media\/33494"}],"wp:attachment":[{"href":"https:\/\/chilimag.hu\/webshop\/wp-json\/wp\/v2\/media?parent=33493"}],"wp:term":[{"taxonomy":"product_brand","embeddable":true,"href":"https:\/\/chilimag.hu\/webshop\/wp-json\/wp\/v2\/product_brand?post=33493"},{"taxonomy":"product_cat","embeddable":true,"href":"https:\/\/chilimag.hu\/webshop\/wp-json\/wp\/v2\/product_cat?post=33493"},{"taxonomy":"product_tag","embeddable":true,"href":"https:\/\/chilimag.hu\/webshop\/wp-json\/wp\/v2\/product_tag?post=33493"}],"curies":[{"name":"wp","href":"https:\/\/api.w.org\/{rel}","templated":true}]}}