{"id":33491,"date":"2024-09-28T16:49:41","date_gmt":"2024-09-28T16:49:41","guid":{"rendered":"https:\/\/chilimag.hu\/webshop\/?post_type=product&#038;p=33491"},"modified":"2026-02-17T10:15:34","modified_gmt":"2026-02-17T10:15:34","slug":"tengerparti-pazsitszegfu-sea-thrift-z-s-sl","status":"publish","type":"product","link":"https:\/\/chilimag.hu\/webshop\/termek\/tengerparti-pazsitszegfu-sea-thrift-z-s-sl\/","title":{"rendered":"Tengerparti p\u00e1zsitszegf\u0171 SEA THRIFT Z.S SL"},"content":{"rendered":"","protected":false},"excerpt":{"rendered":"<p><a title=\"Agrofirma S\u0117klos, UAB\" href=\"https:\/\/b2b.seklos.lt\/?_gl=1*aw6bmn*_up*MQ..*_ga*MTUwNzgzODEyOC4xNzI3NTQwOTQ3*_ga_Q0MDMJ0FTN*MTcyNzU0MDk0Ni4xLjEuMTcyNzU0MTU1OS4wLjAuMA..\"><img decoding=\"async\" class=\"logo\" src=\"https:\/\/b2b.seklos.lt\/themes\/warehouse\/img\/logo_en.png\" alt=\"Agrofirma S\u0117klos, UAB\" \/><\/a><\/p>\n<p>Vir\u00e1gos n\u00f6v\u00e9ny \u00e9vel\u0151 faja, amely a vet\u00e9s els\u0151 \u00e9v\u00e9ben vir\u00e1gzik. Az egyik legn\u00e9pszer\u0171bb sz\u0151nyeg t\u00edpus\u00fa vir\u00e1gos n\u00f6v\u00e9ny, amelyet t\u00f6rpe vir\u00e1goskertekben, sziklakertekben termesztenek. A n\u00f6v\u00e9ny nem ig\u00e9nyel k\u00fcl\u00f6nleges talajviszonyokat, szeg\u00e9nyes talajon is megn\u0151. A vir\u00e1gok f\u00e9nyesek, kiv\u00e1l\u00f3 kontrasztot k\u00e9pezve a z\u00f6lddel. Ezek a n\u00f6v\u00e9nyek sz\u0171k vir\u00e1gsorokban val\u00f3 termeszt\u00e9sre alkalmasak, amelyek p\u00e1zsitot, vir\u00e1goskertet kereteznek. A n\u00f6v\u00e9nyeket csoportosan vagy m\u00e1s vir\u00e1gos n\u00f6v\u00e9nyekkel kombin\u00e1lva termesztik, amelyek szeretik a napos vir\u00e1goskertet. A pal\u00e1nt\u00e1kat vir\u00e1goskertbe \u00fcltetik. A n\u00f6v\u00e9nyek fedetlen\u00fcl is \u00e1ttelelhetnek.<\/p>\n<p>Hermetikus csomagol\u00e1s Igen<br \/>\nMennyis\u00e9g kiszerel\u00e9sben 0,3g<br \/>\nMagok sz\u00e1ma grammonk\u00e9nt ~500-600<br \/>\nVet\u00e9sid\u0151 a talajban V-VII, X<br \/>\nT\u00e1vols\u00e1gok, 15&#215;20 cm<br \/>\nVir\u00e1gz\u00e1s VI-VIII<br \/>\nN\u00f6v\u00e9nymagass\u00e1g, 10 cm<br \/>\nTerm\u0151f\u00f6ld<br \/>\nM\u00e1rka \u017dalia stotel\u0117<br \/>\nNapos hely Igen<br \/>\nF\u00e9l\u00e1rny\u00e9k Igen<br \/>\n\u00c9vel\u0151 Igen<br \/>\nVeget\u00e1ci\u00f3 \u00e9vel\u0151<br \/>\nAlkalmas Apline kertek, vir\u00e1g\u00e1gy\u00e1sok termeszt\u00e9s\u00e9re<br \/>\n\u00c9ghajlat R\u00e9szleges \u00e1rny\u00e9k, napos<\/p>\n","protected":false},"featured_media":33492,"comment_status":"closed","ping_status":"closed","template":"","meta":[],"product_brand":[],"product_cat":[363],"product_tag":[],"class_list":{"0":"post-33491","1":"product","2":"type-product","3":"status-publish","4":"has-post-thumbnail","6":"product_cat-virag-vetomagok-zalia-stotele","8":"first","9":"instock","10":"taxable","11":"shipping-taxable","12":"purchasable","13":"product-type-simple"},"_links":{"self":[{"href":"https:\/\/chilimag.hu\/webshop\/wp-json\/wp\/v2\/product\/33491","targetHints":{"allow":["GET"]}}],"collection":[{"href":"https:\/\/chilimag.hu\/webshop\/wp-json\/wp\/v2\/product"}],"about":[{"href":"https:\/\/chilimag.hu\/webshop\/wp-json\/wp\/v2\/types\/product"}],"replies":[{"embeddable":true,"href":"https:\/\/chilimag.hu\/webshop\/wp-json\/wp\/v2\/comments?post=33491"}],"wp:featuredmedia":[{"embeddable":true,"href":"https:\/\/chilimag.hu\/webshop\/wp-json\/wp\/v2\/media\/33492"}],"wp:attachment":[{"href":"https:\/\/chilimag.hu\/webshop\/wp-json\/wp\/v2\/media?parent=33491"}],"wp:term":[{"taxonomy":"product_brand","embeddable":true,"href":"https:\/\/chilimag.hu\/webshop\/wp-json\/wp\/v2\/product_brand?post=33491"},{"taxonomy":"product_cat","embeddable":true,"href":"https:\/\/chilimag.hu\/webshop\/wp-json\/wp\/v2\/product_cat?post=33491"},{"taxonomy":"product_tag","embeddable":true,"href":"https:\/\/chilimag.hu\/webshop\/wp-json\/wp\/v2\/product_tag?post=33491"}],"curies":[{"name":"wp","href":"https:\/\/api.w.org\/{rel}","templated":true}]}}