{"id":33467,"date":"2024-09-27T14:27:45","date_gmt":"2024-09-27T14:27:45","guid":{"rendered":"https:\/\/chilimag.hu\/webshop\/?post_type=product&#038;p=33467"},"modified":"2026-02-16T20:40:21","modified_gmt":"2026-02-16T20:40:21","slug":"cukkini-virag-felhasznalasara-b-s","status":"publish","type":"product","link":"https:\/\/chilimag.hu\/webshop\/termek\/cukkini-virag-felhasznalasara-b-s\/","title":{"rendered":"Cukkini vir\u00e1g felhaszn\u00e1l\u00e1s\u00e1ra B-S"},"content":{"rendered":"","protected":false},"excerpt":{"rendered":"<p><img decoding=\"async\" src=\"https:\/\/chilimag.hu\/webshop\/wp-content\/uploads\/2022\/10\/bobby-seeds-test-logo-150x150.png\" \/><\/p>\n<p>&nbsp;<\/p>\n<p>Term\u00e9kinform\u00e1ci\u00f3 &#8222;Zucchino da Fiori&#8221;<\/p>\n<p>Ez a fajta nagyon n\u00e9pszer\u0171 D\u00e9l-Eur\u00f3p\u00e1ban. Ennek a fajt\u00e1nak a k\u00fcl\u00f6nlegess\u00e9ge a t\u00falnyom\u00f3r\u00e9szt h\u00edm, nagyon nagy vir\u00e1gok fejl\u0151d\u00e9se, amelyek nagyon n\u00e9pszer\u0171ek a mediterr\u00e1n konyh\u00e1ban.<\/p>\n<p>Cucurbita pepo<br \/>\n\u00c9r\u00e9si ideje k\u00f6r\u00fclbel\u00fcl 50 nap<br \/>\nA n\u00f6v\u00e9nyek bokor alakban n\u0151nek<br \/>\nA cukkini j\u00f3l \u00e9rzi mag\u00e1t meleg, j\u00f3 v\u00edzelvezet\u00e9s\u0171 talajban, el\u0151m\u0171vel\u00e9ssel \u00e9s \u00fcltet\u00e9ssel \u00e1prilis v\u00e9g\u00e9t\u0151l vet\u00e9ssel vagy m\u00e1jus elej\u00e9t\u0151l k\u00f6zvetlen vet\u00e9ssel.<\/p>\n<p>Helyig\u00e9nyk\u00e9nt n\u00f6v\u00e9nyenk\u00e9nt k\u00f6r\u00fclbel\u00fcl 1 n\u00e9gyzetm\u00e9tert javasolunk<\/p>\n<p>Lehets\u00e9ges k\u00e1rtev\u0151k: csig\u00e1k, madarak, egerek, tetvek, lisztharmat, v\u00edrus<\/p>\n<p>A csomag 10 szem magot tartalmaz<\/p>\n","protected":false},"featured_media":33468,"comment_status":"closed","ping_status":"closed","template":"","meta":[],"product_brand":[],"product_cat":[346],"product_tag":[],"class_list":{"0":"post-33467","1":"product","2":"type-product","3":"status-publish","4":"has-post-thumbnail","6":"product_cat-cukkini-patiszon-uborka","8":"first","9":"instock","10":"taxable","11":"shipping-taxable","12":"purchasable","13":"product-type-simple"},"_links":{"self":[{"href":"https:\/\/chilimag.hu\/webshop\/wp-json\/wp\/v2\/product\/33467","targetHints":{"allow":["GET"]}}],"collection":[{"href":"https:\/\/chilimag.hu\/webshop\/wp-json\/wp\/v2\/product"}],"about":[{"href":"https:\/\/chilimag.hu\/webshop\/wp-json\/wp\/v2\/types\/product"}],"replies":[{"embeddable":true,"href":"https:\/\/chilimag.hu\/webshop\/wp-json\/wp\/v2\/comments?post=33467"}],"wp:featuredmedia":[{"embeddable":true,"href":"https:\/\/chilimag.hu\/webshop\/wp-json\/wp\/v2\/media\/33468"}],"wp:attachment":[{"href":"https:\/\/chilimag.hu\/webshop\/wp-json\/wp\/v2\/media?parent=33467"}],"wp:term":[{"taxonomy":"product_brand","embeddable":true,"href":"https:\/\/chilimag.hu\/webshop\/wp-json\/wp\/v2\/product_brand?post=33467"},{"taxonomy":"product_cat","embeddable":true,"href":"https:\/\/chilimag.hu\/webshop\/wp-json\/wp\/v2\/product_cat?post=33467"},{"taxonomy":"product_tag","embeddable":true,"href":"https:\/\/chilimag.hu\/webshop\/wp-json\/wp\/v2\/product_tag?post=33467"}],"curies":[{"name":"wp","href":"https:\/\/api.w.org\/{rel}","templated":true}]}}