{"id":33460,"date":"2024-09-27T13:37:44","date_gmt":"2024-09-27T13:37:44","guid":{"rendered":"https:\/\/chilimag.hu\/webshop\/?post_type=product&#038;p=33460"},"modified":"2025-02-15T16:27:12","modified_gmt":"2025-02-15T16:27:12","slug":"white-turban-disztok-b-s","status":"publish","type":"product","link":"https:\/\/chilimag.hu\/webshop\/termek\/white-turban-disztok-b-s\/","title":{"rendered":"White Turban D\u00edszt\u00f6k B-S"},"content":{"rendered":"","protected":false},"excerpt":{"rendered":"<p><img decoding=\"async\" src=\"https:\/\/chilimag.hu\/webshop\/wp-content\/uploads\/2022\/10\/bobby-seeds-test-logo-150x150.png\" \/><\/p>\n<p>Term\u00e9kinform\u00e1ci\u00f3 &#8222;Feh\u00e9r turb\u00e1n, feh\u00e9r p\u00fcsp\u00f6ksapka&#8221;<\/p>\n<p>Tiszta feh\u00e9r, nagy p\u00fcsp\u00f6kkalap. Ezt az \u00faj sz\u00ednt 5 \u00e9ven \u00e1t termesztett\u00e9k, \u00e9s sportk\u00e9nt tal\u00e1lt\u00e1k meg a szapor\u00edt\u00e1sban, \u00e9s ma m\u00e1r nincs hamis sz\u00edne. Egy\u00e9bk\u00e9nt ugyanazokkal a tulajdons\u00e1gokkal rendelkezik, mint a Bischofsm\u00fctze anyafajta, \u00e9s gy\u00f6ny\u00f6r\u0171 feh\u00e9r sz\u00ednben kaphat\u00f3. A sport term\u00e9szetes genetikai v\u00e1ltozatokra utal, \u00e1ltal\u00e1ban sz\u00ednben. Ez id\u0151r\u0151l id\u0151re megt\u00f6rt\u00e9nik a term\u00e9szetben. A feh\u00e9r turb\u00e1nt \u00e9rett \u00e1llapotban kell betakar\u00edtani, \u00e9s s\u00f6t\u00e9t helyen kell t\u00e1rolni, hogy elker\u00fclje a sz\u00fcrke elsz\u00ednez\u0151d\u00e9st.<\/p>\n<p>Cucurbita maxima<br \/>\nA feh\u00e9r turb\u00e1n m\u00e9rs\u00e9kelten rangsorol<br \/>\n\u00c9r\u00e9si ideje k\u00f6r\u00fclbel\u00fcl 90 nap<br \/>\nA s\u00fct\u0151t\u00f6k j\u00f3l \u00e9rzi mag\u00e1t meleg, j\u00f3 v\u00edzelvezet\u00e9s\u0171 talajban, el\u0151m\u0171vel\u00e9ssel \u00e9s \u00fcltet\u00e9ssel \u00e1prilis v\u00e9g\u00e9t\u0151l vet\u00e9ssel vagy m\u00e1jus elej\u00e9t\u0151l k\u00f6zvetlen vet\u00e9ssel.<\/p>\n<p>A feh\u00e9r turb\u00e1n j\u00f3 t\u00f6k<\/p>\n<p>Feh\u00e9r turb\u00e1nhoz n\u00f6v\u00e9nyenk\u00e9nt 2 n\u00e9gyzetm\u00e9tert aj\u00e1nlunk<\/p>\n<p>Lehets\u00e9ges k\u00e1rtev\u0151k: csig\u00e1k, madarak, egerek, tetvek, lisztharmat, v\u00edrus<\/p>\n<p>A csomag 10 szem magot tartalmaz<\/p>\n<p>&nbsp;<\/p>\n","protected":false},"featured_media":33461,"comment_status":"closed","ping_status":"closed","template":"","meta":[],"product_brand":[],"product_cat":[345],"product_tag":[],"class_list":{"0":"post-33460","1":"product","2":"type-product","3":"status-publish","4":"has-post-thumbnail","6":"product_cat-suto-fozo-es-disztokok","8":"first","9":"instock","10":"taxable","11":"shipping-taxable","12":"purchasable","13":"product-type-simple"},"_links":{"self":[{"href":"https:\/\/chilimag.hu\/webshop\/wp-json\/wp\/v2\/product\/33460","targetHints":{"allow":["GET"]}}],"collection":[{"href":"https:\/\/chilimag.hu\/webshop\/wp-json\/wp\/v2\/product"}],"about":[{"href":"https:\/\/chilimag.hu\/webshop\/wp-json\/wp\/v2\/types\/product"}],"replies":[{"embeddable":true,"href":"https:\/\/chilimag.hu\/webshop\/wp-json\/wp\/v2\/comments?post=33460"}],"wp:featuredmedia":[{"embeddable":true,"href":"https:\/\/chilimag.hu\/webshop\/wp-json\/wp\/v2\/media\/33461"}],"wp:attachment":[{"href":"https:\/\/chilimag.hu\/webshop\/wp-json\/wp\/v2\/media?parent=33460"}],"wp:term":[{"taxonomy":"product_brand","embeddable":true,"href":"https:\/\/chilimag.hu\/webshop\/wp-json\/wp\/v2\/product_brand?post=33460"},{"taxonomy":"product_cat","embeddable":true,"href":"https:\/\/chilimag.hu\/webshop\/wp-json\/wp\/v2\/product_cat?post=33460"},{"taxonomy":"product_tag","embeddable":true,"href":"https:\/\/chilimag.hu\/webshop\/wp-json\/wp\/v2\/product_tag?post=33460"}],"curies":[{"name":"wp","href":"https:\/\/api.w.org\/{rel}","templated":true}]}}