{"id":33458,"date":"2024-09-27T13:33:15","date_gmt":"2024-09-27T13:33:15","guid":{"rendered":"https:\/\/chilimag.hu\/webshop\/?post_type=product&#038;p=33458"},"modified":"2026-01-21T09:26:22","modified_gmt":"2026-01-21T09:26:22","slug":"warty-gnome-f1-disztok-b-s","status":"publish","type":"product","link":"https:\/\/chilimag.hu\/webshop\/termek\/warty-gnome-f1-disztok-b-s\/","title":{"rendered":"Warty Gnome F1 D\u00edszt\u00f6k B-S"},"content":{"rendered":"","protected":false},"excerpt":{"rendered":"<p><img decoding=\"async\" src=\"https:\/\/chilimag.hu\/webshop\/wp-content\/uploads\/2022\/10\/bobby-seeds-test-logo-150x150.png\" \/><\/p>\n<p>Term\u00e9kinform\u00e1ci\u00f3 &#8222;Warty Gnome F1 PMT&#8221;<\/p>\n<p>\u00daj k\u00e9tsz\u00edn\u0171 fajta, s\u00e1rga, s\u00f6t\u00e9tnarancs cs\u00edkos.<\/p>\n<p>Nagyon tetszet\u0151s sz\u00edn\u0171, lapos kerek s\u00fct\u0151t\u00f6k enyhe szem\u00f6lcs\u00f6kkel. 15-20 cm \u00e1tm\u00e9r\u0151j\u0171, k\u00f6r\u00fclbel\u00fcl 2 kg s\u00faly\u00fa. Nagyon robusztus \u00e9s kem\u00e9ny h\u00e9j\u00fa, hossz\u00fa \u00e9lettartam\u00fa. Kompakt n\u00f6veked\u00e9s, j\u00f3 term\u00e9shozam, k\u00f6r\u00fclbel\u00fcl 5-6 term\u00e9s n\u00f6v\u00e9nyenk\u00e9nt. A p\u00e9p gyeng\u00e9bb min\u0151s\u00e9g\u0171, ez\u00e9rt s\u00fct\u0151t\u00f6knek nem alkalmas.<\/p>\n<p>Cucurbita pepo<br \/>\nA Warty Gnome F1 bokrosodik<br \/>\n\u00c9r\u00e9si id\u0151: 95 nap<br \/>\nEz a fajta j\u00f3l terem meleg, j\u00f3 v\u00edzelvezet\u00e9s\u0171 talajon, el\u0151m\u0171vel\u00e9sben \u00e9s \u00fcltet\u00e9sben \u00e1prilis v\u00e9gi vet\u00e9ssel vagy m\u00e1jus elej\u00e9t\u0151l direkt vet\u00e9ssel.<\/p>\n<p>A C. pepo ide\u00e1lis a hidegebb vid\u00e9keken t\u00f6rt\u00e9n\u0151 termeszt\u00e9sre.i<\/p>\n<p>A Warty Gnome F1 dekorat\u00edv \u00e9rt\u00e9ke magas, h\u00fasa ehet\u0151, de m\u00e1s s\u00fct\u0151t\u00f6k\u00f6k\u00e9hez nem hasonl\u00edthat\u00f3 \u00e9s nem aj\u00e1nlott.<\/p>\n<p>A Warty Gnome F1-hez n\u00f6v\u00e9nyenk\u00e9nt kb. 1 n\u00e9gyzetm\u00e9ter ter\u00fcletet aj\u00e1nlunk<\/p>\n<p>Lehets\u00e9ges k\u00e1rtev\u0151k: csig\u00e1k, madarak, egerek, tetvek, lisztharmat, v\u00edrus<\/p>\n<p>A csomag 10 szem magot tartalmaz<\/p>\n<p>&nbsp;<\/p>\n","protected":false},"featured_media":33459,"comment_status":"closed","ping_status":"closed","template":"","meta":[],"product_brand":[],"product_cat":[345],"product_tag":[],"class_list":{"0":"post-33458","1":"product","2":"type-product","3":"status-publish","4":"has-post-thumbnail","6":"product_cat-suto-fozo-es-disztokok","8":"first","9":"instock","10":"taxable","11":"shipping-taxable","12":"purchasable","13":"product-type-simple"},"_links":{"self":[{"href":"https:\/\/chilimag.hu\/webshop\/wp-json\/wp\/v2\/product\/33458","targetHints":{"allow":["GET"]}}],"collection":[{"href":"https:\/\/chilimag.hu\/webshop\/wp-json\/wp\/v2\/product"}],"about":[{"href":"https:\/\/chilimag.hu\/webshop\/wp-json\/wp\/v2\/types\/product"}],"replies":[{"embeddable":true,"href":"https:\/\/chilimag.hu\/webshop\/wp-json\/wp\/v2\/comments?post=33458"}],"wp:featuredmedia":[{"embeddable":true,"href":"https:\/\/chilimag.hu\/webshop\/wp-json\/wp\/v2\/media\/33459"}],"wp:attachment":[{"href":"https:\/\/chilimag.hu\/webshop\/wp-json\/wp\/v2\/media?parent=33458"}],"wp:term":[{"taxonomy":"product_brand","embeddable":true,"href":"https:\/\/chilimag.hu\/webshop\/wp-json\/wp\/v2\/product_brand?post=33458"},{"taxonomy":"product_cat","embeddable":true,"href":"https:\/\/chilimag.hu\/webshop\/wp-json\/wp\/v2\/product_cat?post=33458"},{"taxonomy":"product_tag","embeddable":true,"href":"https:\/\/chilimag.hu\/webshop\/wp-json\/wp\/v2\/product_tag?post=33458"}],"curies":[{"name":"wp","href":"https:\/\/api.w.org\/{rel}","templated":true}]}}