{"id":33452,"date":"2024-09-27T13:24:41","date_gmt":"2024-09-27T13:24:41","guid":{"rendered":"https:\/\/chilimag.hu\/webshop\/?post_type=product&#038;p=33452"},"modified":"2026-01-06T18:06:06","modified_gmt":"2026-01-06T18:06:06","slug":"tuffy-sutotok-b-s","status":"publish","type":"product","link":"https:\/\/chilimag.hu\/webshop\/termek\/tuffy-sutotok-b-s\/","title":{"rendered":"Tuffy S\u00fct\u0151t\u00f6k B-S"},"content":{"rendered":"","protected":false},"excerpt":{"rendered":"<p><img decoding=\"async\" src=\"https:\/\/chilimag.hu\/webshop\/wp-content\/uploads\/2022\/10\/bobby-seeds-test-logo-150x150.png\" \/><\/p>\n<p>Term\u00e9kinform\u00e1ci\u00f3 &#8222;Tuffy&#8221;<\/p>\n<p>N\u00e9pszer\u0171, j\u00f3 \u00edz\u0171 fajta<\/p>\n<p>A Tuffy egy r\u00e9gebbi, egyfajta fajta, amely kiv\u00e9teles \u00edze miatt tov\u00e1bbra is nagyon n\u00e9pszer\u0171 a sok hibrid fajta mellett. S\u00f6t\u00e9tz\u00f6ld, gy\u00f6ny\u00f6r\u0171 form\u00e1j\u00fa makkt\u00f6k\u00f6ket form\u00e1l r\u00f6vid ind\u00e1kon, amelyek n\u00e9pszer\u0171ek f\u0151z\u00e9shez \u00e9s t\u00f6ltve is. A gy\u00fcm\u00f6lcs s\u00falya 900 gramm k\u00f6r\u00fcl mozog. A tuffy a betakar\u00edt\u00e1s ut\u00e1n k\u00f6r\u00fclbel\u00fcl 2 h\u00e9ttel \u00e9ri el a legjobb \u00edz\u00e9t.<\/p>\n<p>Cucurbita pepo<br \/>\n\u00c9r\u00e9si id\u0151: k\u00f6r\u00fclbel\u00fcl 90 nap<br \/>\nA tufa r\u00f6vid ind\u00e1kat k\u00e9pez<br \/>\nT\u00f6ltel\u00e9knek \u00e9s f\u0151z\u00e9shez kiv\u00e1l\u00f3<br \/>\nA s\u00fct\u0151t\u00f6k j\u00f3l \u00e9rzi mag\u00e1t meleg, j\u00f3 v\u00edzelvezet\u00e9s\u0171 talajban, el\u0151m\u0171vel\u00e9ssel \u00e9s \u00fcltet\u00e9ssel \u00e1prilis v\u00e9g\u00e9t\u0151l vet\u00e9ssel vagy m\u00e1jus elej\u00e9t\u0151l k\u00f6zvetlen vet\u00e9ssel.<\/p>\n<p>A Tuffy-hoz n\u00f6v\u00e9nyenk\u00e9nt 1-2 n\u00e9gyzetm\u00e9tert aj\u00e1nlunk<\/p>\n<p>Lehets\u00e9ges k\u00e1rtev\u0151k: csig\u00e1k, madarak, egerek, tetvek, lisztharmat, v\u00edrus<\/p>\n<p>A csomag 10 szem magot tartalmaz<\/p>\n<p>&nbsp;<\/p>\n","protected":false},"featured_media":33453,"comment_status":"closed","ping_status":"closed","template":"","meta":[],"product_brand":[],"product_cat":[345],"product_tag":[],"class_list":{"0":"post-33452","1":"product","2":"type-product","3":"status-publish","4":"has-post-thumbnail","6":"product_cat-suto-fozo-es-disztokok","8":"first","9":"instock","10":"taxable","11":"shipping-taxable","12":"purchasable","13":"product-type-simple"},"_links":{"self":[{"href":"https:\/\/chilimag.hu\/webshop\/wp-json\/wp\/v2\/product\/33452","targetHints":{"allow":["GET"]}}],"collection":[{"href":"https:\/\/chilimag.hu\/webshop\/wp-json\/wp\/v2\/product"}],"about":[{"href":"https:\/\/chilimag.hu\/webshop\/wp-json\/wp\/v2\/types\/product"}],"replies":[{"embeddable":true,"href":"https:\/\/chilimag.hu\/webshop\/wp-json\/wp\/v2\/comments?post=33452"}],"wp:featuredmedia":[{"embeddable":true,"href":"https:\/\/chilimag.hu\/webshop\/wp-json\/wp\/v2\/media\/33453"}],"wp:attachment":[{"href":"https:\/\/chilimag.hu\/webshop\/wp-json\/wp\/v2\/media?parent=33452"}],"wp:term":[{"taxonomy":"product_brand","embeddable":true,"href":"https:\/\/chilimag.hu\/webshop\/wp-json\/wp\/v2\/product_brand?post=33452"},{"taxonomy":"product_cat","embeddable":true,"href":"https:\/\/chilimag.hu\/webshop\/wp-json\/wp\/v2\/product_cat?post=33452"},{"taxonomy":"product_tag","embeddable":true,"href":"https:\/\/chilimag.hu\/webshop\/wp-json\/wp\/v2\/product_tag?post=33452"}],"curies":[{"name":"wp","href":"https:\/\/api.w.org\/{rel}","templated":true}]}}