{"id":33450,"date":"2024-09-27T13:20:04","date_gmt":"2024-09-27T13:20:04","guid":{"rendered":"https:\/\/chilimag.hu\/webshop\/?post_type=product&#038;p=33450"},"modified":"2025-12-07T17:35:08","modified_gmt":"2025-12-07T17:35:08","slug":"tristar-triamble-sutotok-b-s","status":"publish","type":"product","link":"https:\/\/chilimag.hu\/webshop\/termek\/tristar-triamble-sutotok-b-s\/","title":{"rendered":"Tristar-Triamble S\u00fct\u0151t\u00f6k B-S"},"content":{"rendered":"","protected":false},"excerpt":{"rendered":"<p><img decoding=\"async\" src=\"https:\/\/chilimag.hu\/webshop\/wp-content\/uploads\/2022\/10\/bobby-seeds-test-logo-150x150.png\" \/><\/p>\n<p>Term\u00e9kinform\u00e1ci\u00f3 &#8222;Tristar &#8211; Triamble&#8221;<\/p>\n<p>Kiv\u00e9teles fajta Ausztr\u00e1li\u00e1b\u00f3l<\/p>\n<p>A gy\u00fcm\u00f6lcs\u00f6k nagyon jellegzetes form\u00e1j\u00faak, sz\u00fcrk\u00e9sk\u00e9kek, s\u00falyuk k\u00f6r\u00fclbel\u00fcl 3 kg. A Tristar egy kiv\u00e1l\u00f3 t\u00f6k m\u00e9lyen s\u00f6t\u00e9t h\u00fas\u00fa.<\/p>\n<p>maxim\u00e1lis<br \/>\n\u00c9r\u00e9si id\u0151: 120 nap<br \/>\nSz\u0151l\u0151 viselked\u00e9s buja<br \/>\nA C. maxima \u00e1ltal\u00e1ban robusztus \u00e9s kiv\u00e1l\u00f3 s\u00fct\u0151t\u00f6k<br \/>\nEz a fajta sok h\u0151t ig\u00e9nyel, ez\u00e9rt jobb, ha el\u0151m\u0171velj\u00fck. Az ak\u00e1r 110 napos \u00e9r\u00e9si idej\u0171 fajt\u00e1k a hideg vid\u00e9keken is j\u00f3l \u00e9rzik magukat.<\/p>\n<p>A s\u00fct\u0151t\u00f6k \u00fcltet\u00e9si t\u00e1vols\u00e1ga a m\u00e1sz\u00e1si viselked\u00e9st\u0151l f\u00fcgg<\/p>\n<p>Lehets\u00e9ges k\u00e1rtev\u0151k: csig\u00e1k, madarak, egerek, tetvek, lisztharmat, v\u00edrus<\/p>\n<p>A csomag 10 szem magot tartalmaz<\/p>\n","protected":false},"featured_media":33451,"comment_status":"closed","ping_status":"closed","template":"","meta":[],"product_brand":[],"product_cat":[345],"product_tag":[],"class_list":{"0":"post-33450","1":"product","2":"type-product","3":"status-publish","4":"has-post-thumbnail","6":"product_cat-suto-fozo-es-disztokok","8":"first","9":"instock","10":"taxable","11":"shipping-taxable","12":"purchasable","13":"product-type-simple"},"_links":{"self":[{"href":"https:\/\/chilimag.hu\/webshop\/wp-json\/wp\/v2\/product\/33450","targetHints":{"allow":["GET"]}}],"collection":[{"href":"https:\/\/chilimag.hu\/webshop\/wp-json\/wp\/v2\/product"}],"about":[{"href":"https:\/\/chilimag.hu\/webshop\/wp-json\/wp\/v2\/types\/product"}],"replies":[{"embeddable":true,"href":"https:\/\/chilimag.hu\/webshop\/wp-json\/wp\/v2\/comments?post=33450"}],"wp:featuredmedia":[{"embeddable":true,"href":"https:\/\/chilimag.hu\/webshop\/wp-json\/wp\/v2\/media\/33451"}],"wp:attachment":[{"href":"https:\/\/chilimag.hu\/webshop\/wp-json\/wp\/v2\/media?parent=33450"}],"wp:term":[{"taxonomy":"product_brand","embeddable":true,"href":"https:\/\/chilimag.hu\/webshop\/wp-json\/wp\/v2\/product_brand?post=33450"},{"taxonomy":"product_cat","embeddable":true,"href":"https:\/\/chilimag.hu\/webshop\/wp-json\/wp\/v2\/product_cat?post=33450"},{"taxonomy":"product_tag","embeddable":true,"href":"https:\/\/chilimag.hu\/webshop\/wp-json\/wp\/v2\/product_tag?post=33450"}],"curies":[{"name":"wp","href":"https:\/\/api.w.org\/{rel}","templated":true}]}}