{"id":33447,"date":"2024-09-27T13:15:50","date_gmt":"2024-09-27T13:15:50","guid":{"rendered":"https:\/\/chilimag.hu\/webshop\/?post_type=product&#038;p=33447"},"modified":"2026-02-22T20:29:35","modified_gmt":"2026-02-22T20:29:35","slug":"gardenberry-tomatoberry-garden-f1-paradicsom-b-s","status":"publish","type":"product","link":"https:\/\/chilimag.hu\/webshop\/termek\/gardenberry-tomatoberry-garden-f1-paradicsom-b-s\/","title":{"rendered":"Gardenberry &#8211; Tomatoberry Garden F1 Paradicsom B-S"},"content":{"rendered":"","protected":false},"excerpt":{"rendered":"<p><img decoding=\"async\" src=\"https:\/\/chilimag.hu\/webshop\/wp-content\/uploads\/2022\/10\/bobby-seeds-test-logo-150x150.png\" \/><\/p>\n<p>Term\u00e9kinform\u00e1ci\u00f3 &#8222;Tomato Gardenberry &#8211; Tomatoberry Garden F1&#8221;<\/p>\n<p>Sz\u00edv alak\u00fa kokt\u00e9lparadicsom kiv\u00e1l\u00f3 \u00edzzel<\/p>\n<p>Ennek a fajt\u00e1nak a gy\u00fcm\u00f6lcsei eperre eml\u00e9keztetnek, \u00edz\u00fck nagyon arom\u00e1s \u00e9s \u00e9des. Gardenberry \u2013 A Tomatoberry Garden vir\u00e1gh\u00e1zban \u00e9s a szabadban egyar\u00e1nt vir\u00e1gzik, \u00e9s b\u0151s\u00e9gesen terem. A paradicsomot k\u00fcl\u00f6n-k\u00fcl\u00f6n vagy szeletben lehet betakar\u00edtani.<\/p>\n<p>Solanum lycopersicum<br \/>\nA betakar\u00edt\u00e1s j\u00falius v\u00e9g\u00e9t\u0151l szeptemberig tart<br \/>\nVet\u00e9s 20-25 \u00b0C-on, majd el\u0151teny\u00e9szt\u00e9s febru\u00e1rt\u00f3l \u00e1prilisig<\/p>\n<p>A paradicsom szereti a napos \u00e9s sz\u00e9lv\u00e9dett helyeket. A talaj legyen laza, humuszos \u00e9s t\u00e1panyagban gazdag. A paradicsomn\u00f6v\u00e9nyeknek nagy v\u00edzig\u00e9ny\u00fck van<\/p>\n<p>A csomag 10 szem magot tartalmaz<\/p>\n","protected":false},"featured_media":33448,"comment_status":"closed","ping_status":"closed","template":"","meta":[],"product_brand":[],"product_cat":[10],"product_tag":[],"class_list":{"0":"post-33447","1":"product","2":"type-product","3":"status-publish","4":"has-post-thumbnail","6":"product_cat-paradicsom","8":"first","9":"outofstock","10":"taxable","11":"shipping-taxable","12":"purchasable","13":"product-type-simple"},"_links":{"self":[{"href":"https:\/\/chilimag.hu\/webshop\/wp-json\/wp\/v2\/product\/33447","targetHints":{"allow":["GET"]}}],"collection":[{"href":"https:\/\/chilimag.hu\/webshop\/wp-json\/wp\/v2\/product"}],"about":[{"href":"https:\/\/chilimag.hu\/webshop\/wp-json\/wp\/v2\/types\/product"}],"replies":[{"embeddable":true,"href":"https:\/\/chilimag.hu\/webshop\/wp-json\/wp\/v2\/comments?post=33447"}],"wp:featuredmedia":[{"embeddable":true,"href":"https:\/\/chilimag.hu\/webshop\/wp-json\/wp\/v2\/media\/33448"}],"wp:attachment":[{"href":"https:\/\/chilimag.hu\/webshop\/wp-json\/wp\/v2\/media?parent=33447"}],"wp:term":[{"taxonomy":"product_brand","embeddable":true,"href":"https:\/\/chilimag.hu\/webshop\/wp-json\/wp\/v2\/product_brand?post=33447"},{"taxonomy":"product_cat","embeddable":true,"href":"https:\/\/chilimag.hu\/webshop\/wp-json\/wp\/v2\/product_cat?post=33447"},{"taxonomy":"product_tag","embeddable":true,"href":"https:\/\/chilimag.hu\/webshop\/wp-json\/wp\/v2\/product_tag?post=33447"}],"curies":[{"name":"wp","href":"https:\/\/api.w.org\/{rel}","templated":true}]}}