{"id":33444,"date":"2024-09-27T13:08:34","date_gmt":"2024-09-27T13:08:34","guid":{"rendered":"https:\/\/chilimag.hu\/webshop\/?post_type=product&#038;p=33444"},"modified":"2026-03-12T19:10:12","modified_gmt":"2026-03-12T19:10:12","slug":"toledo-f1-sutotok-b-s","status":"publish","type":"product","link":"https:\/\/chilimag.hu\/webshop\/termek\/toledo-f1-sutotok-b-s\/","title":{"rendered":"Toledo F1 S\u00fct\u0151t\u00f6k B-S"},"content":{"rendered":"","protected":false},"excerpt":{"rendered":"<p><img decoding=\"async\" src=\"https:\/\/chilimag.hu\/webshop\/wp-content\/uploads\/2022\/10\/bobby-seeds-test-logo-150x150.png\" \/><\/p>\n<p>Term\u00e9kinform\u00e1ci\u00f3 &#8222;Toledo F1&#8221;<\/p>\n<p>H\u00e1ztart\u00e1si m\u00e9ret\u0171, j\u00f3l \u00e9r\u0151 szerecsendi\u00f3 t\u00f6k<\/p>\n<p>Egys\u00e9ges, kisebb m\u00e9ret\u0171 szerecsendi\u00f3 t\u00f6k vil\u00e1gos h\u00e9jjal, 1,5 kg k\u00f6r\u00fcli, j\u00f3, narancss\u00e1rga h\u00fas\u00fa, megb\u00edzhat\u00f3 hozam\u00fa. M\u00e9rs\u00e9kelten emelked\u0151. El\u0151re kell termeszteni \u00e9s \u00fcltetni. A szerecsendi\u00f3 s\u00fct\u0151t\u00f6kh\u00f6z egy kell<br \/>\nmeleg helyen. Akkor \u00e9rik, amikor a sz\u00edne kezd vil\u00e1gosbarn\u00e1ra v\u00e1lni, vagy ahogy a szerecsendi\u00f3s s\u00fct\u0151t\u00f6kn\u00e9l lenni szokott, amikor a feh\u00e9r patina megjelenik a b\u0151r\u00f6n. A szerecsendi\u00f3-t\u00f6k\u00f6t az \u00e9r\u00e9s kezdet\u00e9n, k\u00f6r\u00fclbel\u00fcl 20 \u00b0C-os helyis\u00e9gben lehet betakar\u00edtani, \u00e9s 3-5 h\u00e9ten bel\u00fcl be\u00e9rik, \u00e9s k\u00f6nnyen sz\u00edne megv\u00e1ltozik a teljes \u00e9retts\u00e9gig. A h\u00fas min\u0151s\u00e9ge itt is javul.<\/p>\n<p>Cucurbita moschata<br \/>\nA Toledo F1 m\u00e9rs\u00e9kelten \u00e1ll<br \/>\n\u00c9r\u00e9si ideje 100-110 nap k\u00f6r\u00fcl van<br \/>\nA Toledo F1 j\u00f3l n\u00f6vekszik meleg, j\u00f3 v\u00edzelvezet\u00e9s\u0171 talajokon, el\u0151m\u0171vel\u00e9s \u00e9s \u00fcltet\u00e9s \u00e1prilis v\u00e9gi vet\u00e9ssel vagy m\u00e1jus elej\u00e9t\u0151l k\u00f6zvetlen vet\u00e9ssel lehets\u00e9ges, de nem aj\u00e1nlott<\/p>\n<p>A Toledo F1-hez n\u00f6v\u00e9nyenk\u00e9nt 1-2 n\u00e9gyzetm\u00e9tert aj\u00e1nlunk<\/p>\n<p>Lehets\u00e9ges k\u00e1rtev\u0151k: csig\u00e1k, madarak, egerek, tetvek, lisztharmat, v\u00edrus<\/p>\n<p>A csomag 10 szem magot tartalmaz<\/p>\n","protected":false},"featured_media":33445,"comment_status":"closed","ping_status":"closed","template":"","meta":[],"product_brand":[],"product_cat":[345],"product_tag":[],"class_list":{"0":"post-33444","1":"product","2":"type-product","3":"status-publish","4":"has-post-thumbnail","6":"product_cat-suto-fozo-es-disztokok","8":"first","9":"instock","10":"taxable","11":"shipping-taxable","12":"purchasable","13":"product-type-simple"},"_links":{"self":[{"href":"https:\/\/chilimag.hu\/webshop\/wp-json\/wp\/v2\/product\/33444","targetHints":{"allow":["GET"]}}],"collection":[{"href":"https:\/\/chilimag.hu\/webshop\/wp-json\/wp\/v2\/product"}],"about":[{"href":"https:\/\/chilimag.hu\/webshop\/wp-json\/wp\/v2\/types\/product"}],"replies":[{"embeddable":true,"href":"https:\/\/chilimag.hu\/webshop\/wp-json\/wp\/v2\/comments?post=33444"}],"wp:featuredmedia":[{"embeddable":true,"href":"https:\/\/chilimag.hu\/webshop\/wp-json\/wp\/v2\/media\/33445"}],"wp:attachment":[{"href":"https:\/\/chilimag.hu\/webshop\/wp-json\/wp\/v2\/media?parent=33444"}],"wp:term":[{"taxonomy":"product_brand","embeddable":true,"href":"https:\/\/chilimag.hu\/webshop\/wp-json\/wp\/v2\/product_brand?post=33444"},{"taxonomy":"product_cat","embeddable":true,"href":"https:\/\/chilimag.hu\/webshop\/wp-json\/wp\/v2\/product_cat?post=33444"},{"taxonomy":"product_tag","embeddable":true,"href":"https:\/\/chilimag.hu\/webshop\/wp-json\/wp\/v2\/product_tag?post=33444"}],"curies":[{"name":"wp","href":"https:\/\/api.w.org\/{rel}","templated":true}]}}