{"id":33442,"date":"2024-09-27T13:04:33","date_gmt":"2024-09-27T13:04:33","guid":{"rendered":"https:\/\/chilimag.hu\/webshop\/?post_type=product&#038;p=33442"},"modified":"2026-01-28T20:56:22","modified_gmt":"2026-01-28T20:56:22","slug":"tahitian-butternut-sutotok-b-s","status":"publish","type":"product","link":"https:\/\/chilimag.hu\/webshop\/termek\/tahitian-butternut-sutotok-b-s\/","title":{"rendered":"Tahitian Butternut S\u00fct\u0151t\u00f6k B-S"},"content":{"rendered":"","protected":false},"excerpt":{"rendered":"<p><img decoding=\"async\" src=\"https:\/\/chilimag.hu\/webshop\/wp-content\/uploads\/2022\/10\/bobby-seeds-test-logo-150x150.png\" \/><\/p>\n<p>Term\u00e9kinform\u00e1ci\u00f3 &#8222;Tahitian Butternut&#8221;<\/p>\n<p>R\u00e9gi h\u00e1zias\u00edtott thaif\u00f6ldi fajta, amely n\u00e1lunk nem boldogul. Er\u0151sen rangsorolhat\u00f3. Nyers z\u00f6lds\u00e9gekhez, s\u00fct\u00e9shez \u00e9s t\u00f6ltel\u00e9khez, pir\u00edt\u00e1shoz, \u00e9des \u00e9telekhez, pit\u00e9khez, levesekhez, s\u00fctem\u00e9nyekhez \u00e9s lekv\u00e1rokhoz.<\/p>\n<p>Cucurbita moschata<br \/>\n\u00c9r\u00e9si id\u0151: 110 nap<br \/>\nA Tahiti Butternut er\u0151sen rangsorol<br \/>\nA vajdi\u00f3t joggal tartj\u00e1k az egyik legjobb s\u00fct\u0151t\u00f6knek<br \/>\nA Cucurbita moschata sok h\u0151t ig\u00e9nyel, ez\u00e9rt jobb, ha el\u0151m\u0171velj\u00fck. Az ak\u00e1r 110 napos \u00e9r\u00e9si idej\u0171 fajt\u00e1k a hideg vid\u00e9keken is j\u00f3l \u00e9rzik magukat.<\/p>\n<p>A Tahiti Butternut sz\u00e1m\u00e1ra n\u00f6v\u00e9nyenk\u00e9nt k\u00f6r\u00fclbel\u00fcl 3 n\u00e9gyzetm\u00e9tert aj\u00e1nlunk<\/p>\n<p>Lehets\u00e9ges k\u00e1rtev\u0151k: csig\u00e1k, madarak, egerek, tetvek, lisztharmat, v\u00edrus<\/p>\n<p>A csomag 10 szem magot tartalmaz<\/p>\n","protected":false},"featured_media":33443,"comment_status":"closed","ping_status":"closed","template":"","meta":[],"product_brand":[],"product_cat":[345],"product_tag":[],"class_list":{"0":"post-33442","1":"product","2":"type-product","3":"status-publish","4":"has-post-thumbnail","6":"product_cat-suto-fozo-es-disztokok","8":"first","9":"instock","10":"taxable","11":"shipping-taxable","12":"purchasable","13":"product-type-simple"},"_links":{"self":[{"href":"https:\/\/chilimag.hu\/webshop\/wp-json\/wp\/v2\/product\/33442","targetHints":{"allow":["GET"]}}],"collection":[{"href":"https:\/\/chilimag.hu\/webshop\/wp-json\/wp\/v2\/product"}],"about":[{"href":"https:\/\/chilimag.hu\/webshop\/wp-json\/wp\/v2\/types\/product"}],"replies":[{"embeddable":true,"href":"https:\/\/chilimag.hu\/webshop\/wp-json\/wp\/v2\/comments?post=33442"}],"wp:featuredmedia":[{"embeddable":true,"href":"https:\/\/chilimag.hu\/webshop\/wp-json\/wp\/v2\/media\/33443"}],"wp:attachment":[{"href":"https:\/\/chilimag.hu\/webshop\/wp-json\/wp\/v2\/media?parent=33442"}],"wp:term":[{"taxonomy":"product_brand","embeddable":true,"href":"https:\/\/chilimag.hu\/webshop\/wp-json\/wp\/v2\/product_brand?post=33442"},{"taxonomy":"product_cat","embeddable":true,"href":"https:\/\/chilimag.hu\/webshop\/wp-json\/wp\/v2\/product_cat?post=33442"},{"taxonomy":"product_tag","embeddable":true,"href":"https:\/\/chilimag.hu\/webshop\/wp-json\/wp\/v2\/product_tag?post=33442"}],"curies":[{"name":"wp","href":"https:\/\/api.w.org\/{rel}","templated":true}]}}