{"id":33439,"date":"2024-09-27T13:00:57","date_gmt":"2024-09-27T13:00:57","guid":{"rendered":"https:\/\/chilimag.hu\/webshop\/?post_type=product&#038;p=33439"},"modified":"2026-01-08T17:17:39","modified_gmt":"2026-01-08T17:17:39","slug":"sunshine-f1-sutotok-b-s","status":"publish","type":"product","link":"https:\/\/chilimag.hu\/webshop\/termek\/sunshine-f1-sutotok-b-s\/","title":{"rendered":"Sunshine F1 S\u00fct\u0151t\u00f6k B-S"},"content":{"rendered":"","protected":false},"excerpt":{"rendered":"<p><img decoding=\"async\" src=\"https:\/\/chilimag.hu\/webshop\/wp-content\/uploads\/2022\/10\/bobby-seeds-test-logo-150x150.png\" \/><\/p>\n<p>Term\u00e9kinform\u00e1ci\u00f3 &#8222;Sunshine F1&#8221;<\/p>\n<p>Lapos kerek, nagy hozam\u00fa Hokkaido hibrid<\/p>\n<p>A Sunshine F1 egyforma gy\u00fcm\u00f6lcs\u00f6ket hoz, amelyek s\u00falya k\u00f6r\u00fclbel\u00fcl 1,5 kg, \u00e9s ritk\u00e1n haladja meg a 2 kg-ot. J\u00f3l termesztve a n\u00f6v\u00e9nyek \u00e1tlagosan 4 gy\u00fcm\u00f6lcs\u00f6t hoznak. A gy\u00fcm\u00f6lcs m\u00e9rete az \u00fcltet\u00e9si t\u00e1vols\u00e1gt\u00f3l is f\u00fcgg. Javaslatunk n\u00f6v\u00e9nyenk\u00e9nt 1-2 n\u00e9gyzetm\u00e9ter.<\/p>\n<p>Cucurbita maxima<br \/>\n\u00c9rlel\u00e9si id\u0151: 90 nap<br \/>\nM\u00e9rs\u00e9kelt m\u00e1sz\u00f3 viselked\u00e9s<br \/>\nSunshine kiv\u00e1l\u00f3 t\u00f6k<br \/>\nEz a fajta j\u00f3l n\u00f6vekszik meleg, j\u00f3 v\u00edzelvezet\u00e9s\u0171 talajon, el\u0151m\u0171vel\u00e9ssel \u00e9s \u00fcltet\u00e9ssel \u00e1prilis v\u00e9g\u00e9t\u0151l vagy k\u00f6zvetlen vet\u00e9ssel m\u00e1jus elej\u00e9t\u0151l<\/p>\n<p>A Sunshine-hoz n\u00f6v\u00e9nyenk\u00e9nt 1 n\u00e9gyzetm\u00e9ter ter\u00fcletet aj\u00e1nlunk<\/p>\n<p>Lehets\u00e9ges k\u00e1rtev\u0151k: csig\u00e1k, madarak, egerek, tetvek, lisztharmat, v\u00edrus<\/p>\n<p>A csomag 10 szem magot tartalmaz<\/p>\n","protected":false},"featured_media":33440,"comment_status":"closed","ping_status":"closed","template":"","meta":[],"product_brand":[],"product_cat":[345],"product_tag":[],"class_list":{"0":"post-33439","1":"product","2":"type-product","3":"status-publish","4":"has-post-thumbnail","6":"product_cat-suto-fozo-es-disztokok","8":"first","9":"instock","10":"taxable","11":"shipping-taxable","12":"purchasable","13":"product-type-simple"},"_links":{"self":[{"href":"https:\/\/chilimag.hu\/webshop\/wp-json\/wp\/v2\/product\/33439","targetHints":{"allow":["GET"]}}],"collection":[{"href":"https:\/\/chilimag.hu\/webshop\/wp-json\/wp\/v2\/product"}],"about":[{"href":"https:\/\/chilimag.hu\/webshop\/wp-json\/wp\/v2\/types\/product"}],"replies":[{"embeddable":true,"href":"https:\/\/chilimag.hu\/webshop\/wp-json\/wp\/v2\/comments?post=33439"}],"wp:featuredmedia":[{"embeddable":true,"href":"https:\/\/chilimag.hu\/webshop\/wp-json\/wp\/v2\/media\/33440"}],"wp:attachment":[{"href":"https:\/\/chilimag.hu\/webshop\/wp-json\/wp\/v2\/media?parent=33439"}],"wp:term":[{"taxonomy":"product_brand","embeddable":true,"href":"https:\/\/chilimag.hu\/webshop\/wp-json\/wp\/v2\/product_brand?post=33439"},{"taxonomy":"product_cat","embeddable":true,"href":"https:\/\/chilimag.hu\/webshop\/wp-json\/wp\/v2\/product_cat?post=33439"},{"taxonomy":"product_tag","embeddable":true,"href":"https:\/\/chilimag.hu\/webshop\/wp-json\/wp\/v2\/product_tag?post=33439"}],"curies":[{"name":"wp","href":"https:\/\/api.w.org\/{rel}","templated":true}]}}